{"id":831,"date":"2022-02-11T11:39:50","date_gmt":"2022-02-11T10:39:50","guid":{"rendered":"https:\/\/wgsr.uw.edu.pl\/geograficzne_spotkania\/?page_id=831"},"modified":"2022-02-11T11:39:50","modified_gmt":"2022-02-11T10:39:50","slug":"rok-2021-2022-sem-zimowy","status":"publish","type":"page","link":"https:\/\/geograficzne.spotkania.wgsr.uw.edu.pl\/?page_id=831","title":{"rendered":"Rok 2021\/2022"},"content":{"rendered":"<p style=\"text-align: center;\"><span style=\"color: #000000;\"><strong style=\"color: #0000ff; font-size: 16px; text-align: center;\">PROGRAM W SEMESTRZE ZIMOWYM 2021\/2022<\/strong><\/span><\/p>\n<hr \/>\n<p><span style=\"color: #000000;\"><strong>12.10.2021. godz. 10.30-11.30\u00a0 <span style=\"color: #0000ff;\">CZY SZTUCZNA INTELIGENCJA ZAST\u0104PI KARTOGRAFA?<\/span><\/strong>\u00a0\u2013 dr Izabela Karsznia, mgr Karolina Wereszczy\u0144ska<\/span><\/p>\n<p><span style=\"color: #000000;\">Podczas wyk\u0142adu spr\u00f3bujemy zastanowi\u0107 si\u0119 i odpowiedzie\u0107 na pytanie, czy w przysz\u0142o\u015bci sztuczna inteligencja <img loading=\"lazy\" decoding=\"async\" class=\"wp-image-766 alignright\" src=\"https:\/\/wgsr.uw.edu.pl\/geograficzne_spotkania\/wp-content\/uploads\/2021\/09\/generalizacja_AI-300x241.png\" alt=\"\" width=\"239\" height=\"192\" \/>zast\u0105pi kartografa w procesie redakcji map? Opowiemy o tym, jak elementy sztucznej inteligencji, a szczeg\u00f3lnie uczenie maszynowe,\u00a0s\u0105 wykorzystywane do opracowywania map. Przyjrzymy si\u0119 te\u017c, jak wygl\u0105daj\u0105 mapy opracowane ca\u0142kowicie automatycznie z wykorzystaniem algorytm\u00f3w uczenia maszynowego i czy, a je\u015bli tak, to jak bardzo, r\u00f3\u017cni\u0105 si\u0119 od tych opracowanych r\u0119cznie przez do\u015bwiadczonych kartograf\u00f3w. <\/span><\/p>\n<p><span style=\"color: #000000;\">Badania przedstawiane w prelekcji zosta\u0142y sfinansowane przez Narodowe Centrum Nauki, w ramach projektu\u00a0 UMO2020\/37\/B\/HS4\/02605, \u201cOptymalizacja redakcji osadnictwa oraz sieci dr\u00f3g w skalach przegl\u0105dowych z wykorzystaniem sztucznej inteligencji oraz teorii graf\u00f3w\u201d.<\/span><\/p>\n<hr \/>\n<p><span style=\"color: #000000;\"><strong>21.10.2021 godz. 10.30-11.30\u00a0 \u00a0 <span style=\"color: #0000ff;\">POZOSTA\u0141O\u015aCI POLSKI WE LWOWIE A POZOSTA\u0141O\u015aCI LWOWA W POLSCE<\/span> <\/strong><span style=\"color: #0000ff;\">\u00a0<\/span>\u2013 mgr Jan Szczepa\u0144ski<\/span><\/p>\n<p><span style=\"color: #000000;\">Co i ile z Polski przetrwa\u0142o w przestrzeni miejskiej wsp\u00f3\u0142czesnego Lwowa? Co i ile ze Lwowa przetrwa\u0142o w granicach wsp\u00f3\u0142czesnej Polski? Gdzie mo\u017cna znale\u017a\u0107 te pozosta\u0142o\u015bci? Jak w uj\u0119ciu czasowym zmienia\u0142 si\u0119 ich zas\u00f3b? W trakcie wyst\u0105pienia s\u0142uchacze us\u0142ysz\u0105 odpowiedzi na wszystkie powy\u017csze pytania. Opr\u00f3cz tego, uczestnicy dowiedz\u0105 si\u0119 r\u00f3wnie\u017c, dlaczego wsp\u00f3\u0142cze\u015bnie tak trudno jest prowadzi\u0107 dialog ukrai\u0144sko-polski o piel\u0119gnacji i eksponowaniu polskiego w\u0105tku wielokulturowo\u015bci Lwowa. Ponadto s\u0142uchaczom zostan\u0105 zaprezentowane skutki, jakie w okresie komunizmu przynios\u0142a tabuizacja w\u0105tku polskiej przesz\u0142o\u015bci tego miasta. Wyk\u0142ad zak\u0142ada om\u00f3wienie zagadnie\u0144 zwi\u0105zanych z geografi\u0105 miast oraz geografi\u0105 pami\u0119ci oraz elementy interakcji ze s\u0142uchaczami. \u00a0<\/span><\/p>\n<p><span style=\"color: #000000;\"><strong><img loading=\"lazy\" decoding=\"async\" class=\"aligncenter wp-image-768 \" src=\"https:\/\/wgsr.uw.edu.pl\/geograficzne_spotkania\/wp-content\/uploads\/2021\/09\/Ryc-1024x101.jpg\" alt=\"\" width=\"779\" height=\"77\" \/><\/strong><\/span><\/p>\n<hr \/>\n<p><span style=\"color: #000000;\"><strong>4.11.2021 godz. 11.00-12.00\u00a0 \u00a0 \u00a0 \u00a0<span style=\"color: #0000ff;\">TAJEMNICE AND\u00d3W<\/span>\u00a0<span style=\"color: #0000ff;\">\u2026 <\/span><\/strong>\u2013 dr Wojciech Lewandowski<\/span><\/p>\n<p><em><span style=\"color: #000000;\">Wyk\u0142ad w zast\u0119pstwie poprowadzi\u0142a dr Iwona Szumacher<\/span><\/em><\/p>\n<p><span style=\"color: #000000;\">Andy s\u0105 najd\u0142u\u017cszymi\u00a0 g\u00f3rami\u00a0 na \u015bwiecie! Ten gigantyczny i jak\u017ce fascynuj\u0105cy g\u00f3rotw\u00f3r jest si\u0142\u0105 rzeczy ogromnie zr\u00f3\u017cnicowany geograficznie, kulturowo i charakteryzuje si\u0119 niesamowitym bogactwem r\u00f3\u017cnorodnych krajobraz\u00f3w, zjawisk i form \u017cycia, cz\u0119sto wyj\u0105tkowych w skali \u015bwiata. W\u00a0 trakcie wyk\u0142adu odkryjemy wsp\u00f3lnie ich tajemnice. Poznamy m.in. najwy\u017csze wierzcho\u0142ki tworz\u0105ce \u201eKoron\u0119 And\u00f3w\u201d, w tym najwy\u017csze wulkany \u015bwiata. Do najwspanialszych twor\u00f3w przyrody nieo\u017cywionej nale\u017c\u0105 w Andach m.in. najg\u0142\u0119bsze kaniony, \u015bniegi pokutuj\u0105ce (penitenty), chmury orograficzne i dziki wiatr <em>viento blanco<\/em>. Flor\u0119 i faun\u0119 reprezentuj\u0105 niezwyk\u0142e ro\u015bliny takie jak puya, frailejon, yareta, kondory, gwanako i wigonie. Cz\u0142owiek za\u0142o\u017cy\u0142 w Andach najwy\u017cej po\u0142o\u017cone osady, zbudowa\u0142 najwy\u017cej po\u0142o\u017cone kopalnie oraz najd\u0142u\u017csz\u0105 i najwy\u017cej biegn\u0105c\u0105 kolej linow\u0105. Odkryjemy inkaskie mumie i grobowce, ulokowane powy\u017cej 6000 m n.p.m. Ale to nie wszystkie tajemnice\u00a0 And\u00f3w!<\/span><\/p>\n<p><img loading=\"lazy\" decoding=\"async\" class=\"wp-image-769 aligncenter\" src=\"https:\/\/wgsr.uw.edu.pl\/geograficzne_spotkania\/wp-content\/uploads\/2021\/09\/Ryc-1-1024x154.jpg\" alt=\"\" width=\"767\" height=\"115\" \/><\/p>\n<hr \/>\n<p><span style=\"color: #000000;\"><strong>17.11.2021 godz. 11.00-12.00\u00a0 \u00a0 \u00a0<span style=\"color: #0000ff;\">CO M\u00d3WI\u0104 URBANONIMY? \u2013 CZYLI NAZEWNICTWO PRZESTRZENI PUBLICZNYCH W POLSKICH<\/span> <span style=\"color: #0000ff;\">MIASTACH<\/span> <\/strong>\u2013 dr Krzysztof G\u00f3rny<\/span><\/p>\n<p><span style=\"color: #000000;\">Jakie tre\u015bci nios\u0105 za sob\u0105 nazwy polskich ulic, plac\u00f3w, park\u00f3w czy skwer\u00f3w? Czy poprzez urbanonimy mo\u017cna kszta\u0142towa\u0107 spo\u0142ecze\u0144stwo? Jak przebiega\u0142 proces dekomunizacji przestrzeni w polskich miastach? I czyje nazwiska pojawiaj\u0105 si\u0119 najcz\u0119\u015bciej w przestrzeniach publicznych w niepodleg\u0142ej Polsce? W trakcie wyst\u0105pienia zaprezentowana zostanie problematyka nazewnictwa miejskiego i przekszta\u0142ce\u0144 przestrzeni symbolicznej w Polsce, ze szczeg\u00f3lnym uwzgl\u0119dnieniem urbanonim\u00f3w i ich zmian w XX i XXI wieku.<\/span><\/p>\n<p><span style=\"color: #000000;\">Wyst\u0105pienie w ramach projektu \u201eGeograficzno-polityczny atlas Polski. Polska w \u015bwiecie wsp\u00f3\u0142czesnym: perspektywa 2022\u201d<\/span><\/p>\n<hr \/>\n<p><span style=\"color: #000000;\"><strong>25.11.2021\u00a0 godz. 11.00-12.00\u00a0 \u00a0 <\/strong><span style=\"color: #0000ff;\"><strong>MAZOWSZE &#8211; SERCE POLSKI &#8211; POW\u0118DRUJMY SZLAKAMI TEMATYCZNYMI&#8230;<\/strong> \u2013<\/span> dr Piotr Kociszewski<\/span><\/p>\n<p><span style=\"color: #000000;\">Dzisiejsze wojew\u00f3dztwo mazowieckie wykracza daleko poza region stricte historyczny i geograficzny, niejako pod has\u0142em &#8222;Serce Polski&#8221;, spajaj\u0105c tak\u017ce inne interesuj\u0105ce ziemie. Pr\u00f3b\u0105 pokazania pi\u0119kna i bogactwa Mazowsza s\u0105 szlaki tematyczne wytyczone przez Mazowieck\u0105 Regionaln\u0105 Organizacj\u0105 Turystyczn\u0105: np. Szlak Ksi\u0105\u017c\u0105t Mazowieckich, Bitwy Warszawskiej czy wreszcie Fryderyka CHopina. Zapraszamy zatem na wirtualn\u0105 wypraw\u0119 szlakiem tych ciekawych punkt\u00f3w Mazowsza, aby przekona\u0107 si\u0119, \u017ce jest to region o wielkim potencjale &#8230;<\/span><\/p>\n<hr \/>\n<p><span style=\"color: #000000;\"><strong>9.12.2021 godz. 11.00-12.00\u00a0 \u00a0 \u00a0 \u00a0<span style=\"color: #0000ff;\">WP\u0141YW PANDEMII COVID-19 NA SEKTOR TURYSTYKI W POLSCE I NA \u015aWIECIE<\/span> <\/strong>\u00a0\u2013 <\/span><span style=\"color: #000000;\">dr hab. K. Podhorodecka<\/span><\/p>\n<p><span style=\"color: #000000;\">Celem wyk\u0142adu jest przedstawienie, w jaki spos\u00f3b sektor turystyczny reagowa\u0142 na pandemi\u0119 COVID-19, jakie typy turystyki by\u0142y popularne w pandemii i w jaki spos\u00f3b zmienia\u0142y si\u0119 preferencj\u0119 turyst\u00f3w dotycz\u0105ce wyjazd\u00f3w turystycznych. Turystyka odczu\u0142a ogromne spadki w liczbie przyjazd\u00f3w zagranicznych oraz w wielko\u015bci przychod\u00f3w. Takie spadki nie by\u0142y dot\u0105d notowane nawet podczas \u015bwiatowego kryzysu gospodarczego lub po atakach na World Trade Center. W jaki spos\u00f3b turystyka b\u0119dzie odbudowywa\u0107 si\u0119 po pandemii COVID-19? Jakie s\u0105 perspektywy jej dalszego rozwoju i kt\u00f3re kraje poradzi\u0142y sobie najlepiej podczas pandemii? W trakcie wyk\u0142adu szczeg\u00f3lnie zostanie ukazana turystyka krajowa i powody, dla kt\u00f3rych tury\u015bci decydowali si\u0119 na wyjazdy krajowe, rezygnuj\u0105c z podr\u00f3\u017cy zagranicznych.<\/span><\/p>\n<hr \/>\n<p><span style=\"color: #000000;\"><strong>13.01.2022 godz. 11.00-12.00\u00a0 \u00a0 \u00a0<span style=\"color: #0000ff;\">POLSKA W \u015aWIECIE \u2013 CZYLI MIGRACJE ZAGRANICZNE POLAK\u00d3W <\/span><\/strong>\u2013 mgr Marta Raczy\u0144ska-Kruk, mgr \u0141ukasz Karpecki<\/span><\/p>\n<p><span style=\"color: #000000;\">W zglobalizowanym \u015bwiecie, w kt\u00f3rym dochodzi do kompresji czasoprzestrzeni, odleg\u0142o\u015bci przestaj\u0105 mie\u0107 tak du\u017ce znaczenie. Dla milion\u00f3w ludzi migracje zagraniczne, mi\u0119dzynarodowe rodziny i budowanie \u017cycia na dw\u00f3ch kontynentach sta\u0142y si\u0119 codzienno\u015bci\u0105. Polacy to nar\u00f3d emigrant\u00f3w \u2013 a\u017c jedna trzecia naszych rodak\u00f3w mieszka poza Polsk\u0105. Dok\u0105d zatem migruj\u0105 nasi rodacy? W kt\u00f3rych pa\u0144stwach i regionach \u015bwiata polska diaspora jest najliczniejsza? I jaki mo\u017ce to mie\u0107 wp\u0142yw na ich funkcjonowanie? Czy wszyscy Polacy mieszkaj\u0105cy poza Polsk\u0105 to Polonia? W czasie wyst\u0105pienia zaprezentowane zostan\u0105 g\u0142\u00f3wne regiony koncentracji Polak\u00f3w w \u015bwiecie, ze szczeg\u00f3lnym uwzgl\u0119dnieniem niekt\u00f3rych naszych s\u0105siad\u00f3w \u2013 Litwy, Bia\u0142orusi, Ukrainy, Czech i Niemiec.<\/span><\/p>\n<p><span style=\"color: #000000;\">Wyst\u0105pienie w ramach projektu \u201eGeograficzno-polityczny atlas Polski. Polska w \u015bwiecie wsp\u00f3\u0142czesnym: perspektywa 2022\u201d<\/span><\/p>\n<p>&nbsp;<\/p>\n<p style=\"text-align: center;\"><span style=\"color: #0000ff;\"><strong style=\"font-size: 16px; text-align: center;\">PROGRAM W SEMESTRZE LETNIM 2021\/2022<\/strong><\/span><\/p>\n<p>&nbsp;<\/p>\n<p><span style=\"color: #000000;\"><strong>23 lutego (\u015broda) godz. 10.00 <span style=\"color: #0000ff;\">POLSKA NA TLE UNII EUROPEJSKIEJ, POLSKA NA TLE S\u0104SIAD\u00d3W<\/span><\/strong> <strong>\u2013 dr Krzysztof G\u00f3rny<\/strong><\/span><\/p>\n<p><span style=\"color: #000000;\">Kt\u00f3ry z kraj\u00f3w nadba\u0142tyckich wyr\u00f3\u017cnia si\u0119 najwy\u017cszym wska\u017anikiem HDI, a kt\u00f3ry charakteryzuje si\u0119 najmniejsz\u0105 wolno\u015bci\u0105 polityczn\u0105? Jak wypada Polska na tle innych pa\u0144stw europejskich pod wzgl\u0119dem liczby kobiet w parlamencie? I czy nasz kraj odznacza si\u0119 wysokim poziomem nier\u00f3wno\u015bci spo\u0142ecznych? W trakcie wyk\u0142adu s\u0142uchacze zapoznaj\u0105 si\u0119 z g\u0142\u00f3wnymi wska\u017anikami rozwoju spo\u0142eczno-ekonomicznego i przyjrz\u0105 si\u0119 zr\u00f3\u017cnicowaniu ich warto\u015bci w uj\u0119ciu przestrzennym. Dowiedz\u0105 si\u0119, jak w \u015bwietle poszczeg\u00f3lnych miernik\u00f3w prezentuje si\u0119 Polska w otoczeniu mi\u0119dzynarodowym.<\/span><\/p>\n<p><span style=\"color: #333399;\">Wyk\u0142ad w ramach projektu pt. \u201eGeograficzno- polityczny atlas Polski. Polska w \u015bwiecie wsp\u00f3\u0142czesnym: perspektywa 2022\u201d sfinansowanego ze \u015brodk\u00f3w Ministra Kultury i Dziedzictwa Narodowego w ramach Programu Wieloletniego NIEPODLEG\u0141A na lata 2017-2022.<\/span><\/p>\n<hr \/>\n<p><strong><span style=\"color: #000000;\">3 marca (czwartek), godz. 11.30 <span style=\"color: #0000ff;\">POLE\u0106 Z NAMI W \u015aWI\u0118TOKRZYSKIE &#8211; OD INDUSTRIALNEJ DOLINY KAMIENNEJ PO GIPSY PONIDZIA<\/span> &#8211; dr Piotr Kociszewski<\/span><\/strong><\/p>\n<p><span style=\"color: #000000;\">Zapraszamy na wsp\u00f3ln\u0105 wirtualn\u0105 wypraw\u0119 \u015bladem walor\u00f3w i atrakcji turystycznych wsp\u00f3\u0142czesnego wojew\u00f3dztwa \u015bwi\u0119tokrzyskiego. Nasz\u0105 podr\u00f3\u017c rozpoczniemy od p\u00f3\u0142nocnej cz\u0119\u015bci regionu, gdzie niegdy\u015b w dolinie Czarnej i Kamiennej s\u0142ycha\u0107 by\u0142o prac\u0119 maszyn Staropolskiego, a nast\u0119pnie Centralnego Okr\u0119gu Przemys\u0142owego. Razem z symbolicznymi czarownicami przelecimy nad w\u0142a\u015bciwymi G\u00f3rami \u015awi\u0119tokrzyskimi, poszukuj\u0105c jednocze\u015bnie \u015blad\u00f3w \u015awi\u0119tego Jelenia. Zako\u0144czymy wypraw\u0119 na po\u0142udniu wojew\u00f3dztwa &#8211; w dolinie Nidy, opowiadaj\u0105c o kultowym w\u015br\u00f3d geograf\u00f3w Garbie Pi\u0144czowskim, ale i o znaczeniu uzdrowiskowym regionu.<\/span><\/p>\n<hr \/>\n<p><strong><span style=\"color: #000000;\">9 marca (\u015broda) godz. 11.00 <span style=\"color: #0000ff;\">POLSKA SOFT POWER I HARD POWER \u2013 CZYLI O TYM, \u017bE TAK NAPRAWD\u0118 WSZYSTKO LICZY SI\u0118 W STOSUNKACH MI\u0118DZYNARODOWYCH<\/span> &#8211; dr Ada G\u00f3rna<\/span><\/strong><\/p>\n<p><span style=\"color: #000000;\">W trakcie wyk\u0142adu zaprezentowane zostan\u0105 narz\u0119dzia polskiej polityki zagranicznej w perspektywie dw\u00f3ch \u201esi\u0142\u201d \u2013 soft power oraz hard power. Pierwsza z nich to osi\u0105gni\u0119cia s\u0142awnych Polak\u00f3w, wyniki sportowe czy wyj\u0105tkowe walory naszej kultury. Druga to si\u0142a wojskowa i gospodarcza. Obie si\u0142y s\u0105 niezb\u0119dne, by pa\u0144stwo polskie by\u0142o skuteczne na arenie mi\u0119dzynarodowej. W czasie wyst\u0105pienia s\u0142uchacze z jednej strony poznaj\u0105 pa\u0144stwa, gdzie najcz\u0119\u015bciej t\u0142umaczone s\u0105 polskie dzie\u0142a literackie, w tym autorstwa \u015bwie\u017co upieczonej noblistki Olgi Tokarczuk, zasi\u0119g geograficzny polskich projekt\u00f3w pomocy rozwojowej i humanitarnej oraz dowiedz\u0105 si\u0119, kt\u00f3re kraje odwiedzi\u0142 podczas wizyt apostolskich Jan Pawe\u0142 II. Z drugiej za\u015b strony przedstawione zostan\u0105 im stan obrony powietrznej Polski, liczebno\u015b\u0107 polskiej armii oraz sie\u0107 transportu przesy\u0142owego gazu ziemnego w naszej cz\u0119\u015bci Europy.<\/span><\/p>\n<p><span style=\"color: #333399;\">Wyk\u0142ad w ramach projektu pt. \u201eGeograficzno- polityczny atlas Polski. Polska w \u015bwiecie wsp\u00f3\u0142czesnym: perspektywa 2022\u201d sfinansowanego ze \u015brodk\u00f3w Ministra Kultury i Dziedzictwa Narodowego w ramach Programu Wieloletniego NIEPODLEG\u0141A na lata 2017-2022.<\/span><\/p>\n<hr \/>\n<p><strong><span style=\"color: #000000;\">23 marca 2022 godz. 10.00 (\u015broda) <span style=\"color: #0000ff;\">WODA W MIE\u015aCIE PRZYSZ\u0141O\u015aCI<\/span> &#8211; dr J. Sucho\u017cebrski<\/span><\/strong><\/p>\n<p><span style=\"color: #000000;\">W miastach mieszka ju\u017c ponad po\u0142owa ludno\u015bci \u015bwiata. Rodzi to szereg problem\u00f3w, z kt\u00f3rych jeden z najwa\u017cniejszych zwi\u0105zany jest z zapewnieniem mieszka\u0144com odpowiedniej ilo\u015bci wody pitnej i radzeniem sobie z coraz wi\u0119ksz\u0105 obj\u0119to\u015bci\u0105 \u015bciek\u00f3w. Post\u0119puj\u0105ce zmiany klimatu powoduj\u0105, \u017ce przed w\u0142adzami i mieszka\u0144cami miast pojawiaj\u0105 si\u0119 kolejne wyzwania. Zjawiska ekstremalne &#8211; powodzie i susze &#8211; wymagaj\u0105 zmiany sposobu gospodarowania wod\u0105 w miastach.<\/span><\/p>\n<p><span style=\"color: #000000;\">Jak mo\u017cemy poradzi\u0107 sobie z tymi problemami? Co to s\u0105 miasta-g\u0105bki i miasta zeroemisyjne? Co kryje si\u0119 pod poj\u0119ciem \u201ezielono-b\u0142\u0119kitna infrastruktura\u201d? Jak b\u0119dzie wygl\u0105da\u0107 gospodarowanie wod\u0105 i \u015bciekami w mie\u015bcie przysz\u0142o\u015bci? Na te pytania spr\u00f3bujemy znale\u017a\u0107 odpowied\u017a podczas naszego spotkania.<\/span><\/p>\n<hr \/>\n<p><strong><span style=\"color: #000000;\">31 marca 2022 godz. 11.00 <span style=\"color: #0000ff;\">CO WARSZAWIAK ROBI NAD WIS\u0141\u0104? O WYKORZYSTANIU MIEJSKICH TEREN\u00d3W NADRZECZNYCH PRZEZ MIESZKA\u0143C\u00d3W METROPOLII<\/span> \u2013 mgr Tomasz Grzyb<\/span><\/strong><\/p>\n<p><span style=\"color: #000000;\">Dlaczego rzeka jest tak wa\u017cn\u0105 cz\u0119\u015bci\u0105 miejskiej przyrody? Jakie korzy\u015bci mog\u0105 odczuwa\u0107 mieszka\u0144cy miasta przebywaj\u0105c nad rzek\u0105? W jaki spos\u00f3b r\u00f3\u017cnorodny krajobraz wp\u0142ywa na to, co robimy nad Wis\u0142\u0105? W trakcie zaj\u0119\u0107 wyruszymy na w wirtualny spacer z biegiem rzeki, zatrzymuj\u0105c si\u0119 w kilku mniej lub bardziej znanych miejscach. Kanw\u0105 opowie\u015bci s\u0105 wyniki bada\u0144 nad spo\u0142ecznym wykorzystaniem warszawskiej Wis\u0142y prowadzonych z wykorzystaniem medi\u00f3w spo\u0142eczno\u015bciowych. Tre\u015bci zamieszczane przez warszawiak\u00f3w na Instagramie pozwalaj\u0105 prze\u015bledzi\u0107, jak w ci\u0105gu roku zmienia si\u0119 ich zainteresowanie terenami nadwi\u015bla\u0144skimi pe\u0142ni\u0105cymi r\u00f3\u017cne funkcje. Z kolei osiedlowe grupy na Facebooku niezmiernie dotarcie do lokalnych spo\u0142eczno\u015bci i zaanga\u017cowanie ich w proces wsp\u00f3lnego mapowania ulubionych miejsc i tras nad Wis\u0142\u0105. Przyjrzymy si\u0119 aktywno\u015bciom mieszka\u0144c\u00f3w Warszawy nad Wis\u0142\u0105 i potencjalnym konfliktom, jakie mog\u0105 zachodzi\u0107 mi\u0119dzy r\u00f3\u017cnymi grupami u\u017cytkownik\u00f3w.<\/span><\/p>\n<hr \/>\n<p><strong><span style=\"color: #000000;\">7.04.2022 (czwartek) godz. 9.00-10.00 <span style=\"color: #0000ff;\">ZMIENIAJ\u0104CA SI\u0118 ANTARKTYKA &#8211; ZASTOSOWANIE TELEDETEKCJI W REGIONACH POLARNYCH<\/span> \u2013 dr in\u017c. Ma\u0142gorzata Korczak-Abshire, dr in\u017c. Anna Zmarz<\/span><\/strong><\/p>\n<p><span style=\"color: #000000;\">Jakie zmiany obszaru Antarktyki zaobserwowali naukowcy pracuj\u0105cy na Polskiej Stacji Antarktycznej im. Henryka Arctowskiego na Wyspie Kr\u00f3la Jerzego w archipelagu Szetland\u00f3w Po\u0142udniowych? Podczas spotkania opowiemy o tych zmianach oraz o narz\u0119dziach teledetekcyjnych stosowanych do bada\u0144 skutk\u00f3w zmian klimatycznych w regionach polarnych.<\/span><\/p>\n<hr \/>\n<p><strong><span style=\"color: #000000;\">12 kwietnia 2022 (wtorek) godz. 11.00, <span style=\"color: #0000ff;\">CO TO JEST URBANISTYKA?<\/span> &#8211; dr in\u017c. arch. T. Zaborowski<\/span><\/strong><br \/>\n<span style=\"color: #000000;\">Na wyk\u0142adzie dowiemy si\u0119, czym jest urbanistyka i planowanie przestrzenne. Dowiemy si\u0119, jak powinno si\u0119 planowa\u0107 miasta, \u017ceby zapewnia\u0142y wysok\u0105 jako\u015b\u0107 \u017cycia. Zastanowimy si\u0119, jak to, czym je\u017adzimy wp\u0142ywa na to, gdzie mieszkamy i odwrotnie. Dowiemy si\u0119, dlaczego m\u0142odzie\u017c w Polsce jest odwo\u017cona do szko\u0142y a w miastach Europy Zachodniej niekoniecznie. Odpowiemy sobie na pytanie, czy s\u0105 miasta, w kt\u00f3rych wsz\u0119dzie da si\u0119 wygodnie dojecha\u0107 rowerem. Dowiemy si\u0119, co to jest transport zr\u00f3wnowa\u017cony, pier\u015bcienie zielone i na czym polega miasto zwarte.<\/span><\/p>\n","protected":false},"excerpt":{"rendered":"<p>PROGRAM W SEMESTRZE ZIMOWYM 2021\/2022 12.10.2021. godz. 10.30-11.30\u00a0 CZY SZTUCZNA INTELIGENCJA ZAST\u0104PI KARTOGRAFA?\u00a0\u2013 dr Izabela Karsznia, mgr Karolina Wereszczy\u0144ska Podczas wyk\u0142adu spr\u00f3bujemy zastanowi\u0107 si\u0119 i odpowiedzie\u0107 na pytanie, czy w przysz\u0142o\u015bci sztuczna inteligencja zast\u0105pi kartografa w procesie redakcji map? Opowiemy o tym, jak elementy sztucznej inteligencji, a szczeg\u00f3lnie uczenie maszynowe,\u00a0s\u0105 wykorzystywane do opracowywania map. Przyjrzymy&hellip;<\/p>\n","protected":false},"author":2,"featured_media":0,"parent":0,"menu_order":0,"comment_status":"closed","ping_status":"closed","template":"","meta":{"_themeisle_gutenberg_block_has_review":false,"footnotes":""},"class_list":["post-831","page","type-page","status-publish","hentry"],"_links":{"self":[{"href":"https:\/\/geograficzne.spotkania.wgsr.uw.edu.pl\/index.php?rest_route=\/wp\/v2\/pages\/831","targetHints":{"allow":["GET"]}}],"collection":[{"href":"https:\/\/geograficzne.spotkania.wgsr.uw.edu.pl\/index.php?rest_route=\/wp\/v2\/pages"}],"about":[{"href":"https:\/\/geograficzne.spotkania.wgsr.uw.edu.pl\/index.php?rest_route=\/wp\/v2\/types\/page"}],"author":[{"embeddable":true,"href":"https:\/\/geograficzne.spotkania.wgsr.uw.edu.pl\/index.php?rest_route=\/wp\/v2\/users\/2"}],"replies":[{"embeddable":true,"href":"https:\/\/geograficzne.spotkania.wgsr.uw.edu.pl\/index.php?rest_route=%2Fwp%2Fv2%2Fcomments&post=831"}],"version-history":[{"count":0,"href":"https:\/\/geograficzne.spotkania.wgsr.uw.edu.pl\/index.php?rest_route=\/wp\/v2\/pages\/831\/revisions"}],"wp:attachment":[{"href":"https:\/\/geograficzne.spotkania.wgsr.uw.edu.pl\/index.php?rest_route=%2Fwp%2Fv2%2Fmedia&parent=831"}],"curies":[{"name":"wp","href":"https:\/\/api.w.org\/{rel}","templated":true}]}}