{"id":760,"date":"2021-09-22T15:44:51","date_gmt":"2021-09-22T13:44:51","guid":{"rendered":"https:\/\/wgsr.uw.edu.pl\/geograficzne_spotkania\/?page_id=760"},"modified":"2021-09-22T15:44:51","modified_gmt":"2021-09-22T13:44:51","slug":"rok-2020-2021","status":"publish","type":"page","link":"https:\/\/geograficzne.spotkania.wgsr.uw.edu.pl\/?page_id=760","title":{"rendered":"Rok 2020\/2021"},"content":{"rendered":"<p style=\"text-align: center;\"><span style=\"color: #0000ff;\"><strong>PROGRAM W SEMESTRZE ZIMOWYM 2020\/2021<\/strong><\/span><\/p>\n<p><span style=\"color: #000000;\"><strong>\u00a0<\/strong><\/span><span style=\"color: #000000;\"><strong>21 X 2020<\/strong>\u00a0(\u015broda), godz. 9.00-10.00.<strong>\u00a0<\/strong><span style=\"color: #0000ff;\"><strong>Uzdrowiska w Polsce i na \u015bwiecie. Znaczenie dla rozwoju ruchu turystycznego<\/strong><\/span>\u00a0\u2013 dr hab. Katarzyna Podhorodecka<\/span><\/p>\n<p><span style=\"color: #000000;\">Turystyka medyczna cieszy si\u0119 coraz wi\u0119ksz\u0105 popularno\u015bci\u0105 na \u015bwiecie. Polskie uzdrowiska s\u0105 doceniane nie tylko przez polskich turyst\u00f3w, ale r\u00f3wnie\u017c przez cudzoziemc\u00f3w. Podczas wyk\u0142adu zostanie ukazane znaczenie ekonomiczne tego segmentu turystyki, potencja\u0142 jego dalszego rozwoju, a tak\u017ce zostanie wskazane w jaki spos\u00f3b budowa\u0107 mark\u0119 turystyczn\u0105 w oparciu o zasoby naturalne (np. wody mineralne, czyste powietrze i mikroklimat sprzyjaj\u0105cy leczeniu). Poruszony zostanie tak\u017ce w\u0105tek jak rozwija\u0107 turystyk\u0119 uzdrowiskow\u0105 podczas pandemii COVID-19.<\/span><\/p>\n<p>&nbsp;<\/p>\n<p><span style=\"color: #000000;\"><strong>29 X 2020<\/strong>\u00a0(czwartek),\u00a0 godz. 10.00-11.00.\u00a0<span style=\"color: #0000ff;\"><strong>Kraj Bask\u00f3w. Przyroda i cz\u0142owiek<\/strong>\u00a0<\/span>\u2013 dr Agnieszka Sosnowska<\/span><\/p>\n<p><span style=\"color: #000000;\">Kraj Bask\u00f3w to wsp\u00f3lnota autonomiczna po\u0142o\u017cona w p\u00f3\u0142nocnej cz\u0119\u015bci Hiszpanii. To miejsce, gdzie G\u00f3ry Kantabryjskie zanurzaj\u0105 si\u0119 w wodach Zatoki Biskajskiej. W przesz\u0142o\u015bci by\u0142 to obszar zamieszkiwany g\u0142\u00f3wnie przez rybak\u00f3w, pasterzy i g\u00f3rnik\u00f3w. Obecnie jest najlepiej rozwini\u0119tym gospodarczo regionem Hiszpanii. Pomimo tego rytm \u017cycia mieszka\u0144c\u00f3w nadal wyznacza przede wszystkim niesamowita przyroda. W trakcie wyk\u0142adu dowiedz\u0105 si\u0119 Pa\u0144stwo kim w\u0142a\u015bciwie s\u0105 Baskowie. B\u0119dzie mowa o ich j\u0119zyku, kulturze i tradycjach. Ale poznacie te\u017c histori\u0119 nigdy nieuruchomionej elektrowni atomowej w Lemoiz, ikurinni oraz znanego obrazu Pablo Picassa. A wszystko to w scenerii wapiennych g\u00f3r, fliszu i riasowych\u00a0 wybrze\u017cy.<\/span><\/p>\n<p>&nbsp;<\/p>\n<p><span style=\"color: #000000;\"><strong>12 XI 2020<\/strong>\u00a0(czwartek), godz. 9.00-10.00 \u00a0<span style=\"color: #0000ff;\"><strong>Zamki jak Polska d\u0142uga i szeroka \u2013 od piastowskich i krzy\u017cackich warowni po wsp\u00f3\u0142czesne pseudozamki<\/strong><\/span>\u00a0\u2013 dr Piotr Kociszewski<\/span><\/p>\n<p><span style=\"color: #000000;\">Od \u015bredniowiecza zamki budowano w punktach strategicznych, miejscach najtrudniejszych do zdobycia, a tak\u017ce w posiad\u0142o\u015bciach mo\u017cnow\u0142adc\u00f3w. Dzi\u015b budowle te \u2013 w zale\u017cno\u015bci od ich stanu \u2013 mo\u017cna uzna\u0107 za spu\u015bcizn\u0119 dziej\u00f3w, a niekt\u00f3re \u2013 obj\u0119te odpowiedni\u0105 opiek\u0105 konserwatorska, lub wr\u0119cz dzia\u0142aj\u0105ce jako atrakcje turystyczne \u2013 za cel wypraw tysi\u0119cy turyst\u00f3w. Niezale\u017cnie wi\u0119c od historii i stanu aktualnego jedno jest pewne \u2013 zamki od dawien dawna przyci\u0105ga\u0142y ludzki wzrok i rozbudza\u0142y emocje.<\/span><\/p>\n<p><span style=\"color: #000000;\">Zapraszamy na wsp\u00f3ln\u0105 w\u0119dr\u00f3wk\u0105 \u015bladem zamk\u00f3w, z ukierunkowaniem geograficznym \u2013 na ich ulokowanie przestrzenne i przez to by\u0107 mo\u017ce r\u00f3\u017cnice w poszczeg\u00f3lnych cz\u0119\u015bciach Polski. Przed nami zatem: krzy\u017cackie warownie, najpi\u0119kniejsze Orle Gniazda, \u015bl\u0105skie rezydencje obronne, warownie na b\u0142oniach Mazowsza i wreszcie stra\u017cnice w chmurach \u2026<\/span><\/p>\n<p>&nbsp;<\/p>\n<p><span style=\"color: #000000;\"><strong>19 XI 2020<\/strong>\u00a0(czwartek), godz. 10.00-11.00.\u00a0\u00a0<span style=\"color: #0000ff;\"><strong>Co z t\u0105 wod\u0105?<\/strong>\u00a0<\/span>\u2013 dr Jaros\u0142aw Sucho\u017cebrski<\/span><\/p>\n<p><span style=\"color: #000000;\">Post\u0119puj\u0105ce zmiany klimatu budz\u0105 coraz wi\u0119kszy niepok\u00f3j o zasoby wodne. Czy grozi nam jej brak i wojny o wod\u0119? A mo\u017ce czekaj\u0105 nas katastrofalne powodzie? Czy mo\u017cemy si\u0119 przed tym jako\u015b ochroni\u0107? A mo\u017ce musimy pogodzi\u0107 si\u0119 z katastroficznymi wizjami przysz\u0142o\u015bci? Na wyk\u0142adzie przyjrzymy si\u0119 naukowym prognozom dotycz\u0105cym przysz\u0142o\u015bci zasob\u00f3w wodnych na Ziemi. Zobaczymy te\u017c przyk\u0142ady adaptacji do skutk\u00f3w zmian w obiegu wody, zar\u00f3wno w skali globalnej, jak i lokalnej. \u00a0Zastanowimy si\u0119 te\u017c, czy sami mo\u017cemy co\u015b zrobi\u0107 \u2026<\/span><\/p>\n<p>&nbsp;<\/p>\n<p><span style=\"color: #000000;\"><strong>26 XI 2020<\/strong>\u00a0(czwartek), godz. 10.00-11.00\u00a0<strong><span style=\"color: #0000ff;\">Geopolityka w praktyce \u2013 czy Polska jest krain\u0105 przej\u015bciow\u0105 czy pomostow\u0105?<\/span>\u00a0<\/strong><strong>\u00a0<\/strong>\u2013 prof. dr hab. Marcin W. Solarz<\/span><\/p>\n<p><span style=\"color: #000000;\">Podczas wyk\u0142adu om\u00f3wione zostan\u0105 geograficzne uwarunkowania po\u0142o\u017cenia mi\u0119dzynarodowego Polski i ich wp\u0142yw na losy naszego pa\u0144stwa. S\u0142uchacze zdob\u0119d\u0105 wiedz\u0119 na temat polskich koncepcji geopolitycznych i dowiedz\u0105 si\u0119, czy istnieje zwi\u0105zek mi\u0119dzy po\u0142o\u017ceniem Polski a kszta\u0142tem polskiej polityki zagranicznej,\u00a0 naszym poparciem dla poszczeg\u00f3lnych pa\u0144stw \u015bwiata czy nawet pochodzeniem s\u0142\u00f3w w j\u0119zyku polskim. Wyk\u0142ad prowadzony w ramach dzia\u0142a\u0144 w projekcie \u201eGeograficzno-polityczny atlas Polski. Polska w \u015bwiecie wsp\u00f3\u0142czesnym: perspektywa 2022\u201d realizowanym na Wydziale Geografii i Studi\u00f3w Regionalnych UW ze \u015brodk\u00f3w Ministerstwa Kultury i Dziedzictwa Narodowego we wsp\u00f3\u0142pracy z Biurem Programu\u00a0<em>Niepodleg\u0142a.\u00a0<\/em>Celem Projektu jest przygotowanie zaktualizowanego i poszerzonego II wydania \u201eGeograficzno-politycznego atlasu Polski\u201d, a tak\u017ce budowanie \u015bwiadomej i aktywnej spo\u0142eczno\u015bci entuzjast\u00f3w geografii politycznej Polski poprzez dzia\u0142ania edukacyjne i popularyzatorskie, przeznaczone dla m\u0142odzie\u017cy i nauczycieli.<\/span><\/p>\n<p>&nbsp;<\/p>\n<p><span style=\"color: #000000;\"><strong>10 XII 2020\u00a0<\/strong>\u00a0(czwartek)\u00a0 godz. 10.00-11.00.\u00a0<span style=\"color: #0000ff;\"><strong>Zagro\u017cenie naturalne, kl\u0119ska \u017cywio\u0142owa, katastrofa<\/strong><\/span>\u00a0\u2013 dr Dorota Ruci\u0144ska<\/span><\/p>\n<p><span style=\"color: #000000;\">Podczas spotkania, zastanowimy si\u0119 wsp\u00f3lnie nad zasadno\u015bci\u0105 stosowania r\u00f3\u017cnych poj\u0119\u0107 znanych nam z mowy potocznej, jak i z powa\u017cnych ksi\u0105\u017cek naukowych: zagro\u017cenie naturalne, kl\u0119sk\u0105 \u017cywio\u0142owa oraz katastrofa. W\u0119druj\u0105c po \u015bwiecie mo\u017cemy zetkn\u0105\u0107 si\u0119 z r\u00f3\u017cnymi zagro\u017ceniami naturalnymi. Niekt\u00f3re z nich mog\u0105 by\u0107 tak\u017ce zagro\u017ceniem dla naszego zdrowia, \u017cycia lub dobytku, nawet na naszym rodzimym podw\u00f3rku.\u00a0 Czy radzimy sobie z pot\u0119g\u0105 natury jako globalna i lokalna spo\u0142eczno\u015b\u0107? Co mo\u017cemy zrobi\u0107 dla w\u0142asnej ochrony i bezpiecznego rozwoju gospodarczego regionu lub gminy? To kluczowe pytania naszego spotkania.<\/span><\/p>\n<p>&nbsp;<\/p>\n<p><span style=\"color: #000000;\"><strong>22 I 2021 (pi\u0105tek), godz. 10.00-11.00.<\/strong><strong>\u00a0<\/strong><strong><span style=\"color: #0000ff;\">Zmiany granic Polski i kszta\u0142towanie si\u0119 terytorium pa\u0144stwa w uj\u0119ciu historycznym<\/span>\u00a0<\/strong>\u2013 dr\u00a0 Krzysztof G\u00f3rny<\/span><\/p>\n<p><span style=\"color: #000000;\">\u201e<em>Tysi\u0105cletnie istnienie Polski dowodzi, \u017ce Polska nie jest ani dzie\u0142em przypadku, ani te\u017c nie jest efemeryd\u0105. (\u2026) Rzut oka na map\u0119 Europy wskazuje, \u017ce Polska to wielka rzecz<\/em>\u201d \u2013 Eugeniusz Romer<\/span><\/p>\n<p><span style=\"color: #000000;\">Zbli\u017caj\u0105ca si\u0119 150-ta rocznica urodzin wielkiego geografa i kartografa Eugeniusza Romera jest wspania\u0142\u0105 okazj\u0105 by przyjrze\u0107 si\u0119 zmienno\u015bci granic Polski. Profesor Romer by\u0142 bowiem jednym z architekt\u00f3w granic mi\u0119dzywojennej Polski. Ponad p\u00f3\u0142 wieku p\u00f3\u017aniej, w latach 1989-1993 Polska jako jedyny kraj \u2013 by\u0107 mo\u017ce w dziejach \u015bwiata \u2013 zmieni\u0142a wszystkich swoich s\u0105siad\u00f3w nie prowadz\u0105c wojny i nie zmieniaj\u0105c granic. Jak wi\u0119c zmienia\u0142 si\u0119 przebieg granic naszego pa\u0144stwa w dziejach i jakie mia\u0142o to skutki dla jego funkcjonowania? Jak kraj nad Wis\u0142\u0105 wygl\u0105da\u0142 u zarania swych dziej\u00f3w i jak wygl\u0105da dzi\u015b na tle s\u0105siad\u00f3w, Europy i ca\u0142ego \u015bwiata? Co wynika z por\u00f3wnania wsp\u00f3\u0142czesnego terytorium Polski z jej kszta\u0142tem terytorialnym w r\u00f3\u017cnych okresach historycznych? W trakcie wyk\u0142adu s\u0142uchacze poznaj\u0105 odpowiedzi na te i wiele innych pyta\u0144 z zakresu geografii politycznej i historycznej Polski. Wyk\u0142ad prowadzony w ramach dzia\u0142a\u0144 w projekcie \u201eGeograficzno-polityczny atlas Polski. Polska w \u015bwiecie wsp\u00f3\u0142czesnym: perspektywa 2022\u201d , realizowanym na Wydziale Geografii i Studi\u00f3w Regionalnych UW ze \u015brodk\u00f3w Ministerstwa Kultury i Dziedzictwa Narodowego we wsp\u00f3\u0142pracy z Biurem Programu Niepodleg\u0142a.<\/span><\/p>\n<hr \/>\n<p style=\"text-align: center;\"><span style=\"color: #0000ff;\"><strong>PROGRAM W SEMESTRZE LETNIM 2020\/2021<\/strong><\/span><\/p>\n<p><span style=\"color: #000000;\"><strong>\u00a0<\/strong><strong>24 II 2021<\/strong>\u00a0<strong>(\u015broda),<\/strong>\u00a0<strong>godz. 11.00-12.00.<\/strong> <span style=\"color: #0000ff;\"><strong>Dziedzictwo kulturowe Podlasia \u2013 w krainie otwartych okiennic, ale i w go\u015bcinie u Branickich<\/strong><\/span>\u00a0\u2013\u00a0<strong>dr Piotr Kociszewski<\/strong><\/span><\/p>\n<p><span style=\"color: #000000;\">\u00a0Wsp\u00f3\u0142czesne wojew\u00f3dztwo podlaskie to region Polski wyr\u00f3\u017cniaj\u0105cy si\u0119 niesamowitym bogactwem kulturowym, g\u0142\u00f3wnie na skutek wsp\u00f3\u0142istnienia przez wieki kultur, narod\u00f3w i j\u0119zyk\u00f3w. Warto\u015bci\u0105 kulturow\u0105 Podlasia jest jednak tak\u017ce architektura, nierozerwalnie zwi\u0105zana z histori\u0105 regionu. Zapraszamy w wirtualn\u0105 podr\u00f3\u017c \u015bladem r\u00f3\u017cnych ciekawych za\u0142o\u017ce\u0144 architektonicznych. Odwiedzimy malownicz\u0105 Krain\u0119 Otwartych Okiennic w dolinie Narwi, poznamy krajobraz podlaskich miasteczek, ale nie zabraknie te\u017c wizyty na dworze historycznych w\u0142a\u015bcicieli Bia\u0142egostoku, Tykocina i Choroszczy, a wi\u0119c w go\u015bcinie u Branickich poznamy ich za\u0142o\u017cenie pa\u0142acowo-parkowe zwane \u201cWersalem Podlasia\u201d.<\/span><\/p>\n<p><span style=\"color: #000000;\"><strong>\u00a0<\/strong><\/span><\/p>\n<p><span style=\"color: #000000;\"><strong>18 III 2021 (czwartek)<\/strong>\u00a0<strong>godz. 12.00-13.00.\u00a0\u00a0<\/strong><span style=\"color: #0000ff;\"><strong>Geografia wyborcza Polski \u2013 czyli o preferencjach politycznych Polak\u00f3w<\/strong><\/span>\u00a0<strong>\u2013 mgr Magdalena Skorupska<\/strong><\/span><\/p>\n<p><span style=\"color: #000000;\">Jak kszta\u0142tuj\u0105 si\u0119 wyniki wybor\u00f3w w Polsce w uj\u0119ciu przestrzennym? Jak nasze preferencje wyborcze zmienia\u0142y si\u0119 w czasie? I jakie wnioski mo\u017cemy wyci\u0105gn\u0105\u0107 poddaj\u0105c analizie mapy wyborcze? W trakcie wyst\u0105pienia om\u00f3wione zostan\u0105 zagadnienia z zakresu geografii wyborczej Polski ze szczeg\u00f3lnym uwzgl\u0119dnieniem frekwencji oraz wynik\u00f3w wybor\u00f3w prezydenckich, parlamentarnych i\u00a0 europarlamentarnych w pierwszych dw\u00f3ch dekadach XXI wieku.<\/span><\/p>\n<p><span style=\"color: #000000;\"><strong>\u00a0<\/strong><\/span><\/p>\n<p><span style=\"color: #000000;\"><strong>26 III 2021 (pi\u0105tek)<\/strong>\u00a0\u00a0<strong>godz. 10.00-11.00.<\/strong>\u00a0<strong><span style=\"color: #0000ff;\">Co nam daj\u0105 satelity?<\/span> <\/strong>\u2013<strong>\u00a0dr Marlena Kycko<\/strong><\/span><\/p>\n<p><span style=\"color: #000000;\">Podczas wyk\u0142adu zaprezentowane zostan\u0105 podstawy wykorzystania system\u00f3w satelitarnych do monitoringu \u015brodowiska; w pierwszej kolejno\u015bci przedstawione zostan\u0105 podstawowe poj\u0119cia oraz metody przetwarzania obraz\u00f3w, nast\u0119pnie om\u00f3wione zostan\u0105 popularne systemy (Landsat, Sentinel), kt\u00f3re udost\u0119pniaj\u0105 bezp\u0142atne dane obrazowe. Prezentacja konkretnych przyk\u0142ad\u00f3w monitoringu \u015brodowiska zako\u0144czy wyk\u0142ad.<\/span><\/p>\n<p><span style=\"color: #000000;\"><strong>\u00a0\u00a0<\/strong><\/span><\/p>\n<p><span style=\"color: #000000;\"><strong>8 IV 2021<\/strong>\u00a0<strong>(czwartek)<\/strong>\u00a0<strong>godz. 12.00-13.00.\u00a0<\/strong><span style=\"color: #0000ff;\"><strong>\u015awiat w Polsce \u2013 czyli struktura narodowo-etniczna i wyznaniowa Polski<\/strong>\u00a0<\/span>\u2013\u00a0<strong>mgr Marta Raczy\u0144ska-Kruk\u00a0<\/strong>oraz<strong>\u00a0mgr \u0141ukasz Karpecki<\/strong><\/span><\/p>\n<p><span style=\"color: #000000;\">Jakie mniejszo\u015bci narodowe, etniczne i wyznaniowe zamieszkuj\u0105 nasz kraj? Gdzie si\u0119 koncentruj\u0105? Jakimi j\u0119zykami regionalnymi m\u00f3wi si\u0119 w Polsce? Jaka jest r\u00f3\u017cnica mi\u0119dzy mniejszo\u015bci\u0105 narodow\u0105 i etniczn\u0105? I w ko\u0144cu \u2013 czy wsp\u00f3\u0142czesna Polska r\u00f3\u017cni si\u0119 pod wzgl\u0119dem struktury narodowo\u015bciowej i\u00a0 religijnej od swoich poprzedniczek? W czasie wyst\u0105pienia s\u0142uchacze nie tylko poznaj\u0105 wsp\u00f3\u0142czesn\u0105 struktur\u0119 narodowo-etniczn\u0105 i wyznaniow\u0105 Polski, ale tak\u017ce zrozumiej\u0105 jej wp\u0142yw na funkcjonowanie pa\u0144stwa i zas\u00f3b urz\u0119dowych nazw geograficznych w ro\u017cnych regionach naszego kraju.<\/span><\/p>\n<p><span style=\"color: #000000;\"><strong>\u00a0<\/strong><\/span><\/p>\n<p><span style=\"color: #000000;\"><strong>15 IV 2021 (czwartek)<\/strong>\u00a0<strong>, godz. 10.00-11.00.\u00a0\u00a0<\/strong><span style=\"color: #0000ff;\"><strong>Ladakh \u2013 kraina wysokich prze\u0142\u0119czy<\/strong><\/span>\u00a0\u2013\u00a0<strong>dr Agnieszka Sosnowska<\/strong><\/span><\/p>\n<p><span style=\"color: #000000;\">Ladakh to g\u00f3rzysty region po\u0142o\u017cony w p\u00f3\u0142nocnej cz\u0119\u015bci Indii, \u201ewci\u015bni\u0119ty\u201d pomi\u0119dzy Chiny i Pakistan. Nazywany jest Ma\u0142ym Tybetem, gdy\u017c to w\u0142a\u015bnie tam przetrwa\u0142a kultura tybeta\u0144ska. \u015awiadcz\u0105 o tym liczne\u00a0gompy, stupy, murki mani i powiewaj\u0105ce na wietrze flagi modlitewne. Ale jest to przede wszystkim kraina o\u015bnie\u017conych szczyt\u00f3w i wysokich prze\u0142\u0119czy, do kt\u00f3rej nawet dzi\u015b dotarcie nie zawsze bywa \u0142atwe. Krajobrazy s\u0105 bardzo surowe, ze wzgl\u0119du na suchy klimat, ale pomimo tego lokalna ludno\u015b\u0107 od wiek\u00f3w \u017cyje i gospodaruje na tych terenach. W czasie prelekcji \u201czwiedzimy\u201dLadakh od \u017cyznych dolin g\u00f3rskich, a\u017c po szczyt\u00a0sze\u015bciotysi\u0119cznika. Poznamy histori\u0119 i geografi\u0119 tego obszaru, lokaln\u0105 ludno\u015b\u0107 i jej obyczaje, b\u0119dziemy r\u00f3wnie\u017c podziwia\u0107 przyrod\u0119 tej cz\u0119\u015bci najwy\u017cszych g\u00f3r \u015bwiata.\u00a0<\/span><\/p>\n<p>&nbsp;<\/p>\n<p><span style=\"color: #000000;\"><strong>22.IV.2021 (czwartek)<\/strong>\u00a0<strong>10:00-11:00.<\/strong>\u00a0<span style=\"color: #0000ff;\"><strong>Na styku hydrologii i ekologii \u2013 wybrane przyk\u0142ady wp\u0142ywu \u015brodowiska przyrodniczego na funkcjonowanie ekosystem\u00f3w wodnych<\/strong><\/span><strong><span style=\"color: #0000ff;\">\u00a0<\/span>\u2013 dr Maksym \u0141aszewski<\/strong><\/span><\/p>\n<p><span style=\"color: #000000;\"><em>\u00a0<\/em>Warunki abiotyczne maj\u0105 istotny wp\u0142yw na struktur\u0119 i funkcjonowanie ekosystem\u00f3w strefy umiarkowanej. Podczas wyk\u0142adu przedstawione zostan\u0105 przyk\u0142ady znaczenia wybranych parametr\u00f3w \u015brodowiskowych \u2013 b\u0119d\u0105cych przedmiotem bada\u0144 hydrologicznych \u2013 w \u017cyciu organizm\u00f3w wodnych. Zrozumienie interakcji pomi\u0119dzy \u015brodowiskiem abiotycznym i biotycznym jest bowiem szczeg\u00f3lnie wa\u017cne w obliczu zmian klimatu, post\u0119puj\u0105cej presji cz\u0142owieka oraz wzrastaj\u0105cego stopnia przekszta\u0142cenia ekosystem\u00f3w.\u00a0\u00a0<\/span><\/p>\n<p><span style=\"color: #000000;\">\u00a0<\/span><\/p>\n<hr \/>\n<p><span style=\"color: #000000;\">Wyk\u0142ady w roku akademickim 2020\/2021 odbywa\u0142y si\u0119 w trybie zdalnym.<\/span><\/p>\n","protected":false},"excerpt":{"rendered":"<p>PROGRAM W SEMESTRZE ZIMOWYM 2020\/2021 \u00a021 X 2020\u00a0(\u015broda), godz. 9.00-10.00.\u00a0Uzdrowiska w Polsce i na \u015bwiecie. Znaczenie dla rozwoju ruchu turystycznego\u00a0\u2013 dr hab. Katarzyna Podhorodecka Turystyka medyczna cieszy si\u0119 coraz wi\u0119ksz\u0105 popularno\u015bci\u0105 na \u015bwiecie. Polskie uzdrowiska s\u0105 doceniane nie tylko przez polskich turyst\u00f3w, ale r\u00f3wnie\u017c przez cudzoziemc\u00f3w. Podczas wyk\u0142adu zostanie ukazane znaczenie ekonomiczne tego segmentu turystyki,&hellip;<\/p>\n","protected":false},"author":2,"featured_media":0,"parent":0,"menu_order":0,"comment_status":"closed","ping_status":"closed","template":"","meta":{"_themeisle_gutenberg_block_has_review":false,"footnotes":""},"class_list":["post-760","page","type-page","status-publish","hentry"],"_links":{"self":[{"href":"https:\/\/geograficzne.spotkania.wgsr.uw.edu.pl\/index.php?rest_route=\/wp\/v2\/pages\/760","targetHints":{"allow":["GET"]}}],"collection":[{"href":"https:\/\/geograficzne.spotkania.wgsr.uw.edu.pl\/index.php?rest_route=\/wp\/v2\/pages"}],"about":[{"href":"https:\/\/geograficzne.spotkania.wgsr.uw.edu.pl\/index.php?rest_route=\/wp\/v2\/types\/page"}],"author":[{"embeddable":true,"href":"https:\/\/geograficzne.spotkania.wgsr.uw.edu.pl\/index.php?rest_route=\/wp\/v2\/users\/2"}],"replies":[{"embeddable":true,"href":"https:\/\/geograficzne.spotkania.wgsr.uw.edu.pl\/index.php?rest_route=%2Fwp%2Fv2%2Fcomments&post=760"}],"version-history":[{"count":0,"href":"https:\/\/geograficzne.spotkania.wgsr.uw.edu.pl\/index.php?rest_route=\/wp\/v2\/pages\/760\/revisions"}],"wp:attachment":[{"href":"https:\/\/geograficzne.spotkania.wgsr.uw.edu.pl\/index.php?rest_route=%2Fwp%2Fv2%2Fmedia&parent=760"}],"curies":[{"name":"wp","href":"https:\/\/api.w.org\/{rel}","templated":true}]}}