{"id":373,"date":"2020-05-15T18:26:00","date_gmt":"2020-05-15T16:26:00","guid":{"rendered":"http:\/\/wgsr.uw.edu.pl\/geograficzne_spotkania\/?page_id=373"},"modified":"2020-05-15T18:26:00","modified_gmt":"2020-05-15T16:26:00","slug":"wczesniejsze-wyklady","status":"publish","type":"page","link":"https:\/\/geograficzne.spotkania.wgsr.uw.edu.pl\/?page_id=373","title":{"rendered":"Wcze\u015bniejsze wyk\u0142ady"},"content":{"rendered":"<h4><strong><span style=\"color: #0000ff;\">zaj\u0119cia W LATACH 2008-2015<\/span><\/strong><\/h4>\n<ul>\n<li><span style=\"color: #000000;\">2015.06.19 \u2013 Warsztaty:<\/span>\n<ul>\n<li><span style=\"color: #000000;\">Jak rozpoznawa\u0107 ska\u0142y (dr hab. Irena Tsermegas),<\/span><\/li>\n<li><span style=\"color: #000000;\">Badanie gleby (gruntu) w terenie (dr Barbara Braun),<\/span><\/li>\n<li><span style=\"color: #000000;\">Wycieczk\u0119 botaniczna po kampusie UW (mgr Tomasz Grabowski),<\/span><\/li>\n<li><span style=\"color: #000000;\">O rozpoznawaniu chmur i prognozowaniu pogody (dr Katarzyna Grabowska)<\/span><\/li>\n<\/ul>\n<\/li>\n<\/ul>\n<ul>\n<li><span style=\"color: #000000;\">2015.02.05 \u2013Zimowe lekcje:<\/span><\/li>\n<\/ul>\n<ul>\n<li style=\"list-style-type: none;\">\n<ul>\n<li><span style=\"color: #000000;\">Badanie gleby (gruntu) w terenie (dr Barbara Braun),<\/span><\/li>\n<li><span style=\"color: #000000;\">Geoportale i wirtualne globusy \u2013 co mo\u017cemy w nich znale\u017a\u0107? (dr Paulina Pokojska),<\/span><\/li>\n<li><span style=\"color: #000000;\">O rozpoznawaniu chmur i prognozowaniu pogody (dr Katarzyna Grabowska), Zdj\u0119cia satelitarne dla ka\u017cdego (mgr Edwin Raczko),<\/span><\/li>\n<li><span style=\"color: #000000;\">Teledetekcja w badaniach \u015brodowiska geograficznego (mgr Adriana Marcinkowska-Ochtyra, mgr Adrian Ochtyra)<\/span><\/li>\n<\/ul>\n<\/li>\n<\/ul>\n<ul>\n<li><span style=\"color: #000000;\">2014.12.11 \u2013 Bez mapy ani rusz (dr Jolanta Korycka-Skorupa)<\/span><\/li>\n<li><span style=\"color: #000000;\">2014.12.04 \u2013 Wzorce emigracji Polak\u00f3w po 1980 r. (dr hab. Maria Skoczek, prof. UW)<\/span><\/li>\n<li><span style=\"color: #000000;\">2014.11.27 \u2013 Region, kt\u00f3rego nie ma na mapie \u2013 o zarz\u0105dzaniu regionami miejskimi (dr Marta Lackowska)<\/span><\/li>\n<li><span style=\"color: #000000;\">2014.11.21 \u2013 WebGIS na lekcji geografii\u00a0 (dr Wojciech Pokojski) (warsztaty komputerowe)<\/span><\/li>\n<li><span style=\"color: #000000;\">2014.11.06 \u2013 Za sucho, za mokro \u2013 czyli od powodzi do suszy hydrologicznej (dr Jaros\u0142aw Sucho\u017cebrski)<\/span><\/li>\n<li><span style=\"color: #000000;\">2013.12.12 \u2013 Ocieplenie klimatu a kriosfera (dr Maciej D\u0105bski)<\/span><\/li>\n<li><span style=\"color: #000000;\">2013.12.05 \u2013 Wirtualna woda w realnym \u015bwiecie (dr Jaros\u0142aw Sucho\u017cebrski)<\/span><\/li>\n<li><span style=\"color: #000000;\">2013.11.28 \u2013 Geoportale \u2013 \u015bwiat map dla ka\u017cdego internauty (dr Wojciech Pokojski)<\/span><\/li>\n<li><span style=\"color: #000000;\">2013.11.21 \u2013 Wzorce emigracji Polak\u00f3w po 1980 r. (dr hab. Maria Skoczek, prof. UW)<\/span><\/li>\n<li><span style=\"color: #000000;\">2013.04.09 \u2013 Jak po\u0142o\u017cenie geograficzne Polski wp\u0142ywa na klimat i nasze \u017cycie?\u00a0(dr Katarzyna Grabowska, Patryk Korzeniecki)<\/span><\/li>\n<li><span style=\"color: #000000;\">2013.03.19 \u2013 Problem degradacji i ochrony gleb miejskich (dr Barbara Braun)<\/span><\/li>\n<li><span style=\"color: #000000;\">2013.02.26 \u2013 Czy leci z nami pilot? Czyli o personelu w turystyce s\u0142\u00f3w kilka\u2026 (Piotr Kociszewski)<\/span><\/li>\n<li><span style=\"color: #000000;\">2013.02.19 \u2013 Wykorzystanie GIS i teledetekcji do analiz i monitorowania \u015brodowiska (Adriana Marcinkowska, Marlena Kycko)<\/span><\/li>\n<li><span style=\"color: #000000;\">2012.12.04 \u2013 Wsp\u00f3\u0142czesne problemy geografii spo\u0142eczno-ekonomicznej (dr Katarzyna Duda-Gromada)<\/span><\/li>\n<li><span style=\"color: #000000;\">2012.11.20 \u2013 Wsp\u00f3\u0142czesne i prognozowane zmiany klimatu oraz ich skutki w przyrodzie i gospodarce (dr Bo\u017cena Kici\u0144ska)<\/span><\/li>\n<li><span style=\"color: #000000;\">2012.04.03 \u2013 Czy i jak Unia Europejska zmienia polskie samorz\u0105dy? (prof. dr hab. Pawe\u0142 Swianiewicz)<\/span><\/li>\n<li><span style=\"color: #000000;\">2012.03.20 \u2013 Cz\u0142owiek i \u015brodowisko: naturalne zagro\u017cenia w Stanach Zjednoczonych (dr Dorota Ruci\u0144ska)<\/span><\/li>\n<li><span style=\"color: #000000;\">2011.12.13 \u2013 Obrazy satelitarne a regiony geograficzne Polski (prof. dr hab. Jan R. Ol\u0119dzki)<\/span><\/li>\n<li><span style=\"color: #000000;\">2011.11.20 \u2013 Podej\u015bcie regionalne w nauczaniu geografii \u2013 przyk\u0142ad Singapuru i Brunei (dr Tomasz Wites)<\/span><\/li>\n<li><span style=\"color: #000000;\">2011.11.15 \u2013 Wzorce emigracji polak\u00f3w po 1980 r. (prof. dr hab. Maria Skoczek)<\/span><\/li>\n<li><span style=\"color: #000000;\">2011.10.25 \u2013 Ocieplenie klimatu na obszarach zlodowaconych \u2013 szanse i zagro\u017cenia dla gospodarki (dr Maciej D\u0105bski)<\/span><\/li>\n<li><span style=\"color: #000000;\">2011.10.18 \u2013 Co techniki satelitarne mog\u0105 da\u0107 ka\u017cdemu z nas? (dr Bogdan Zagajewski)<\/span><\/li>\n<li><span style=\"color: #000000;\">2011.09.29 \u2013 Podej\u015bcie regionalne w nauczaniu geografii \u2013 przyk\u0142ad Singapuru i Brunei (dr Tomasz Wites)<\/span><\/li>\n<li><span style=\"color: #000000;\">2011.04.14 \u2013 Chiny \u2013 dlaczego przera\u017caj\u0105 lub fascynuj\u0105? (dr Tomasz Wites)<\/span><\/li>\n<li><span style=\"color: #000000;\">2011.04.07 \u2013 Wzorce emigracji polak\u00f3w po 1980 r. (prof. dr hab. Maria Skoczek)<\/span><\/li>\n<li><span style=\"color: #000000;\">2011.03.31 \u2013 Urban sprawl \u2013 kosztowny rozw\u00f3j miast (dr Dorota Mantey)<\/span><\/li>\n<li><span style=\"color: #000000;\">2011.03.17 \u2013 W\u0142a\u015bciwo\u015bci i wykorzystanie w\u00f3d mineralnych (dr Aneta Afelt)<\/span><\/li>\n<li><span style=\"color: #000000;\">2011.03.10 \u2013 Indie (dr Marek Zgorzelski)<\/span><\/li>\n<li><span style=\"color: #000000;\">2011.01.20 \u2013 Bez mapy ani rusz (dr Jolanta Korycka-Skorupa)<\/span><\/li>\n<li><span style=\"color: #000000;\">2011.01.13 \u2013 Na drodze do miasta idealnego (dr Marek Pieni\u0105\u017cek)<\/span><\/li>\n<li><span style=\"color: #000000;\">2011.01.11 \u2013 Dylematy systemu zarz\u0105dzania ochron\u0105 \u015brodowiska w Polsce (dr Witold Lenart)<\/span><\/li>\n<li><span style=\"color: #000000;\">2010.12.09 \u2013 Bezpiecze\u0144stwo energetyczne Polski (prof. UW, dr hab. Andrzej Wielo\u0144ski)<\/span><\/li>\n<li><span style=\"color: #000000;\">2010.12.07 \u2013 Cz\u0142owiek na pustyni (dr Andrzej Walewski)<\/span><\/li>\n<li><span style=\"color: #000000;\">2010.11.25 \u2013 Grunty strukturalne w Polsce \u2013 efekt dzia\u0142ania mrozu (dr Maciej D\u0105bski)<\/span><\/li>\n<li><span style=\"color: #000000;\">2010.11.23 \u2013 Zasoby wodne Mazowsza (dr Danuta Dobak)<\/span><\/li>\n<li><span style=\"color: #000000;\">2010.11.18 \u2013 Woda jako przyczyna konflikt\u00f3w (dr Jaros\u0142aw Sucho\u017cebrski)<\/span><\/li>\n<li><span style=\"color: #000000;\">2010.10.28 \u2013 Burze \u2013 gro\u017ane zjawisko pogodowe (dr Katarzyna Grabowska)<\/span><\/li>\n<li><span style=\"color: #000000;\">2010.10.26 \u2013 Pi\u0119trowo\u015b\u0107 na wulkanach w strefie r\u00f3wnikowej na przyk\u0142adzie Kilimand\u017caro w Afryce i Cotopaxi w Ameryce Po\u0142udniowej (dr Iwona Szumacher)<\/span><\/li>\n<li><span style=\"color: #000000;\">2010.10.21 \u2013 Chiny \u2013 dlaczego przera\u017caj\u0105 lub fascynuj\u0105? (dr Tomasz Wites)<\/span><\/li>\n<li><span style=\"color: #000000;\">2010.10.19 \u2013 Zr\u00f3\u017cnicowanie kulturowe Polski \u2013 mniejszo\u015bci narodowe, etniczne i religijne w kraju (dr Alina Awramiuk)<\/span><\/li>\n<li><span style=\"color: #000000;\">2010.10.07 \u2013 Kl\u0119ski \u017cywio\u0142owe \u2013 winna przyroda czy mo\u017ce cz\u0142owiek (prof. dr hab. Florian Plit)<\/span><\/li>\n<li><span style=\"color: #000000;\">2010.10.05 \u2013 Dubaj \u2013 metropolia na pustyni (dr Anna Dudek)<\/span><\/li>\n<li><span style=\"color: #000000;\">2010.04.20 \u2013 Wsp\u00f3\u0142czesne przeobra\u017cenia rze\u017aby polski (dr Maria Korotaj-Kokoszczy\u0144ska)<\/span><\/li>\n<li><span style=\"color: #000000;\">2010.04.15 \u2013 Geografia gleb (dr Iwona Szumacher)<\/span><\/li>\n<li><span style=\"color: #000000;\">2010.04.13 \u2013 Japonia \u2013 tajemnica cudu gospodarczego (prof. UW, dr hab. Stefan Ka\u0142uski)<\/span><\/li>\n<li><span style=\"color: #000000;\">2010.03.25 \u2013 Zmienna pogoda \u2013 od pomiar\u00f3w do prognozy (dr Katarzyna Grabowska)<\/span><\/li>\n<li><span style=\"color: #000000;\">2010.03.23 \u2013 Polityka regionalna Unii Europejskiej (dr Krzysztof Trzci\u0144ski)<\/span><\/li>\n<li><span style=\"color: #000000;\">2010.03.11 \u2013 Rzeka w \u015brodowisku przyrodniczym i \u017cyciu cz\u0142owieka (dr Jaros\u0142aw Sucho\u017cebrski)<\/span><\/li>\n<li><span style=\"color: #000000;\">2010.03.09 \u2013 Rze\u017aba Polski (dr Maria Korotaj-Kokoszczy\u0144ska)<\/span><\/li>\n<li><span style=\"color: #000000;\">2010.02.25 \u2013 Granice pa\u0144stwowe i ich podzia\u0142 (dr Stanis\u0142aw Osi\u0144ski)<\/span><\/li>\n<li><span style=\"color: #000000;\">2010.02.23 \u2013 Cz\u0142owiek w \u015brodowisku. Od determinizmu, poprzez nihilizm do posybilizmu (dr Maciej Lechowicz)<\/span><\/li>\n<li><span style=\"color: #000000;\">2010.01.14 \u2013 Degradacja \u015brodowiska przyrodniczego (dr Anna Dudek)<\/span><\/li>\n<li><span style=\"color: #000000;\">2010.01.12 \u2013 Chmury jako \u015bwiadectwo proces\u00f3w atmosferycznych (dr Bo\u017cena Kici\u0144ska)<\/span><\/li>\n<li><span style=\"color: #000000;\">2009.12.08 \u2013 Cz\u0142owiek w \u015brodowisku. Od determinizmu, poprzez nihilizm do posybilizmu (dr Maciej Lechowicz)<\/span><\/li>\n<li><span style=\"color: #000000;\">2009.12.05 \u2013 Pustynie \u015bwiata (dr Barbara Woronko)<\/span><\/li>\n<li><span style=\"color: #000000;\">2009.12.01 \u2013 Szata ro\u015blinna Polski (dr Tomasz Grabowski)<\/span><\/li>\n<li><span style=\"color: #000000;\">2009.11.19 \u2013 Rzeka Wis\u0142a \u2013 skarb czy problem? (dr Joanna Angiel)<\/span><\/li>\n<li><span style=\"color: #000000;\">2009.11.17 \u2013 Rola wymiany handlowej z zagranic\u0105 w rozwoju gospodarczym Polski (prof. UW, dr hab. Andrzej Wielo\u0144ski)<\/span><\/li>\n<li><span style=\"color: #000000;\">2009.11.05 \u2013 Regiony turystyczne \u015bwiata (dr Ma\u0142gorzata Durydiwka)<\/span><\/li>\n<li><span style=\"color: #000000;\">2009.11.03 \u2013 Bez mapy ani rusz (dr Jolanta Korycka-Skorupa)<\/span><\/li>\n<li><span style=\"color: #000000;\">2009.10.22 \u2013 Cz\u0142owiek czynnikiem pustynnienia (prof. dr hab. Florian Plit)<\/span><\/li>\n<li><span style=\"color: #000000;\">2009.10.20 \u2013 Zr\u00f3\u017cnicowanie kulturowe Polski \u2013 mniejszo\u015bci narodowe, etniczne i religijne w kraju (dr Alina Awramiuk)<\/span><\/li>\n<li><span style=\"color: #000000;\">2009.10.08 \u2013 Zmiany w rozmieszczeniu i liczbie ludno\u015bci na Ziemi (dr Tomasz Wites)<\/span><\/li>\n<li><span style=\"color: #000000;\">2009.10.06 \u2013 Krajobrazy g\u00f3r wysokich (dr Marek Zgorzelski)<\/span><\/li>\n<li><span style=\"color: #000000;\">2009.09.22 \u2013 O granicach Europy i o europejskich granicach (dr Marcin Solarz)<\/span><\/li>\n<li><span style=\"color: #000000;\">2009.05.26 \u2013 Miasto w mie\u015bcie \u2013 o nowych funkcjach centr\u00f3w handlowych (mgr Magdalena Fuhrmann)<\/span><\/li>\n<li><span style=\"color: #000000;\">2009.05.21 \u2013 O granicach Europy i o europejskich granicach (dr Marcin Solarz)<\/span><\/li>\n<li><span style=\"color: #000000;\">2009.05.12 \u2013 NIMBY, LULU, BANANA \u2013\u00a0 dziwne nazwy znanych problem\u00f3w, czyli o konfliktach przestrzennych (dr Waldemar Wilk)<\/span><\/li>\n<li><span style=\"color: #000000;\">2009.04.21 \u2013 Bezpiecze\u0144stwo energetyczne (prof. UW, dr hab. Andrzej Wielo\u0144ski)<\/span><\/li>\n<li><span style=\"color: #000000;\">2009.03.31 \u2013 Goryle na sprzeda\u017c? \u2013 szansa dla afryka\u0144skich park\u00f3w narodowych (dr Anna Dudek)<\/span><\/li>\n<li><span style=\"color: #000000;\">2009.03.17 \u2013 Egipt \u2013 czy wci\u0105\u017c jeszcze jest darem Nilu? (prof. dr hab. Florian Plit)<\/span><\/li>\n<li><span style=\"color: #000000;\">2009.03.10 \u2013 Dlaczego tury\u015bci je\u017cd\u017c\u0105 na wyspy tropikalne? (prof. UW, dr hab. Maciej J\u0119drusik)<\/span><\/li>\n<li><span style=\"color: #000000;\">2009.02.24 \u2013 Cyklony tropikalne \u2013 nadal nieodgadniona tajemnica? (dr Krzysztof Olszewski)<\/span><\/li>\n<li><span style=\"color: #000000;\">2009.02.17 \u2013 Globalne ocieplenie. Czy grozi nam potop? (dr Dariusz Woronko)<\/span><\/li>\n<li><span style=\"color: #000000;\">2009.01.13 \u2013 Czy warto chroni\u0107 lasy tropikalne? (prof. dr hab. Jerzy Makowski)<\/span><\/li>\n<li><span style=\"color: #000000;\">2008.12.16 \u2013 Islandia \u2013 niesamowita przyroda i teren bada\u0144 geograficznych (dr Maciej D\u0105bski)<\/span><\/li>\n<li><span style=\"color: #000000;\">2008.12.04 \u2013 Geografia granic politycznych. Anachronizm czy aktualny problem (dr hab. Stefan Ka\u0142uski, prof. UW)<\/span><\/li>\n<li><span style=\"color: #000000;\">2008.12.02 \u2013 Andyjskie naj\u2026 \u2013 geograficzne rekordy i osobliwo\u015bci And\u00f3w (dr Wojciech Lewandowski)<\/span><\/li>\n<\/ul>\n","protected":false},"excerpt":{"rendered":"<p>zaj\u0119cia W LATACH 2008-2015 2015.06.19 \u2013 Warsztaty: Jak rozpoznawa\u0107 ska\u0142y (dr hab. Irena Tsermegas), Badanie gleby (gruntu) w terenie (dr Barbara Braun), Wycieczk\u0119 botaniczna po kampusie UW (mgr Tomasz Grabowski), O rozpoznawaniu chmur i prognozowaniu pogody (dr Katarzyna Grabowska) 2015.02.05 \u2013Zimowe lekcje: Badanie gleby (gruntu) w terenie (dr Barbara Braun), Geoportale i wirtualne globusy \u2013&hellip;<\/p>\n","protected":false},"author":2,"featured_media":0,"parent":0,"menu_order":0,"comment_status":"closed","ping_status":"closed","template":"","meta":{"_themeisle_gutenberg_block_has_review":false,"footnotes":""},"class_list":["post-373","page","type-page","status-publish","hentry"],"_links":{"self":[{"href":"https:\/\/geograficzne.spotkania.wgsr.uw.edu.pl\/index.php?rest_route=\/wp\/v2\/pages\/373","targetHints":{"allow":["GET"]}}],"collection":[{"href":"https:\/\/geograficzne.spotkania.wgsr.uw.edu.pl\/index.php?rest_route=\/wp\/v2\/pages"}],"about":[{"href":"https:\/\/geograficzne.spotkania.wgsr.uw.edu.pl\/index.php?rest_route=\/wp\/v2\/types\/page"}],"author":[{"embeddable":true,"href":"https:\/\/geograficzne.spotkania.wgsr.uw.edu.pl\/index.php?rest_route=\/wp\/v2\/users\/2"}],"replies":[{"embeddable":true,"href":"https:\/\/geograficzne.spotkania.wgsr.uw.edu.pl\/index.php?rest_route=%2Fwp%2Fv2%2Fcomments&post=373"}],"version-history":[{"count":0,"href":"https:\/\/geograficzne.spotkania.wgsr.uw.edu.pl\/index.php?rest_route=\/wp\/v2\/pages\/373\/revisions"}],"wp:attachment":[{"href":"https:\/\/geograficzne.spotkania.wgsr.uw.edu.pl\/index.php?rest_route=%2Fwp%2Fv2%2Fmedia&parent=373"}],"curies":[{"name":"wp","href":"https:\/\/api.w.org\/{rel}","templated":true}]}}