{"id":345,"date":"2020-05-15T15:17:39","date_gmt":"2020-05-15T13:17:39","guid":{"rendered":"http:\/\/wgsr.uw.edu.pl\/geograficzne_spotkania\/?page_id=345"},"modified":"2020-05-15T15:17:39","modified_gmt":"2020-05-15T13:17:39","slug":"rok-2018-2019","status":"publish","type":"page","link":"https:\/\/geograficzne.spotkania.wgsr.uw.edu.pl\/?page_id=345","title":{"rendered":"Rok 2018\/2019"},"content":{"rendered":"<h4><span style=\"color: #0000ff;\"><strong>\u201e10 wa\u017cnych zagadnie\u0144 na 10-lecie Geograficznych Spotka\u0144 na Krakowskim\u201d\u00a0<\/strong><\/span><\/h4>\n<div>\n<p><span style=\"color: #000000;\">W grudniu 2018 roku roku min\u0119\u0142o 10 lat, odk\u0105d na Wydziale Geografii i Studi\u00f3w Regionalnych UW zosta\u0142a wyg\u0142oszona pierwsza prelekcja z tej serii. Z tej okazji wyk\u0142ady w\u00a0roku akademickim 2018\/2019\u00a0zosta\u0142y organizowane pod has\u0142em przewodnim \u00a0<strong><span style=\"color: #0000ff;\">\u201e10 wa\u017cnych zagadnie\u0144 na 10-lecie Geograficznych Spotka\u0144 na Krakowskim\u201d<\/span>\u00a0<\/strong>i\u00a0mia\u0142y charakter jubileuszowy.<\/span><\/p>\n<p><span style=\"color: #000000;\">Ka\u017cdy wyk\u0142ad reprezentowa\u0142 jeden z 10 blok\u00f3w tematycznych:<\/span><\/p>\n<ul>\n<li><span style=\"color: #0000ff;\"><strong>Teledetekcja<\/strong><\/span><\/li>\n<li><span style=\"color: #0000ff;\"><strong>GIS i kartografia<\/strong><\/span><\/li>\n<li><span style=\"color: #0000ff;\"><strong>Turystyka i rekreacja<\/strong><\/span><\/li>\n<li><span style=\"color: #0000ff;\"><strong>Hydrologia i meteorologia<\/strong><\/span><\/li>\n<li><span style=\"color: #0000ff;\"><strong>Polityka lokalna i samorz\u0105d terytorialny<\/strong><\/span><\/li>\n<li><span style=\"color: #0000ff;\"><strong>Geografia miast<\/strong><\/span><\/li>\n<li><span style=\"color: #0000ff;\"><strong>Geografia polityczna<\/strong><\/span><\/li>\n<li><span style=\"color: #0000ff;\"><strong>Geografia regionalna<\/strong><\/span><\/li>\n<li><span style=\"color: #0000ff;\"><strong>Geoekologia<\/strong><\/span><\/li>\n<li><span style=\"color: #0000ff;\"><strong>Planowanie przestrzenne i urbanistyka\u00a0<\/strong><\/span><\/li>\n<\/ul>\n<p><strong><span style=\"color: #000000;\">PROGRAM<\/span><\/strong><\/p>\n<p><span style=\"color: #000000;\"><strong>25 kwietnia 2019 r.<\/strong><\/span><\/p>\n<\/div>\n<p><span style=\"color: #000000;\"><span style=\"color: #0000ff;\"><strong>PLANOWANIE PRZESTRZENNE I URBANISTYKA:<\/strong>\u00a0<\/span><strong><span style=\"color: #0000ff;\">Cud w mie\u015bcie Escobara: od najbardziej niebezpiecznego do najbardziej innowacyjnego miasta na \u015bwiecie<\/span>\u00a0\u2013 mgr Ewelina Biczy\u0144ska\u00a0 \u00a0<\/strong><strong>\u00a0<\/strong><\/span><\/p>\n<p><span style=\"color: #000000;\"><em>Znane ca\u0142emu \u015bwiatu jako siedziba kartelu narkotykowego Medellin w latach \u201980 i \u201990 prze\u017cywa\u0142o prawdziwy kryzys przemocy. W walkach pomi\u0119dzy kartelami, bandami, boj\u00f3wkami i wojskiem gin\u0119\u0142y tysi\u0105ce mieszka\u0144c\u00f3w a miasto pogr\u0105\u017ca\u0142o si\u0119 w chaosie. Od po\u0142owy lat 90. przemoc mala\u0142a, a Medellin do\u015bwiadcza\u0142o spektakularnych przemian, widocznych zw\u0142aszcza w odwa\u017cnej i nowoczesnej architekturze, maj\u0105cej poprawi\u0107 \u017cycie licznej warstwie najubo\u017cszych. Dzi\u0119ki takim inwestycjom i sprawnemu marketingowi \u015bwiat zachwyci\u0142 si\u0119 Medellin. Wyk\u0142ad przybli\u017cy S\u0142uchaczom kulisy tego \u201ecudu z Medellin\u201d i sekrety pozytywnych przemian. Wsp\u00f3lnie podejmiemy pr\u00f3b\u0119 odpowiedzi na pytanie, czy i jak inwestycje w pi\u0119kne budynki i nowe przestrzenie publiczne poprawi\u0142o jako\u015b\u0107 \u017cycia mieszka\u0144c\u00f3w i z jakimi jeszcze problemami si\u0119 borykaj\u0105?<\/em><\/span><\/p>\n<p><span style=\"color: #000000;\"><strong>4\u00a0kwietnia 2019 r.\u00a0<\/strong><\/span><\/p>\n<p><span style=\"color: #000000;\"><span style=\"color: #0000ff;\"><strong>GEOGRAFIA POLITYCZNA:<\/strong>\u00a0 \u00a0<\/span><strong><span style=\"color: #0000ff;\">Miejsce Polski na wsp\u00f3\u0142czesnej mapie politycznej \u015bwiata<\/span>\u00a0\u2013<a style=\"color: #000000;\" href=\"https:\/\/usosweb.uw.edu.pl\/kontroler.php?_action=katalog2\/osoby\/pokazOsobe&amp;os_id=218750\">\u00a0mgr Krzysztof \u00a0G\u00f3rny<\/a>\u00a0\u00a0<\/strong><\/span><\/p>\n<div dir=\"auto\"><span style=\"color: #000000;\"><em>W minionym roku obchodzili\u015bmy stulecie niepodleg\u0142o\u015bci Polski, odrodzonej w 1918 roku po 123 latach zabor\u00f3w. Tak okr\u0105g\u0142a rocznica stanowi dobr\u0105 okazj\u0119 do przyjrzenia si\u0119 100-letniej Polsce tak\u017ce z perspektywy geograficznej, a \u015bci\u015blej \u2013\u00a0 geograficzno-politycznej. Jak Kraj nad Wis\u0142\u0105 wygl\u0105da\u0142 w\u00f3wczas i jak wygl\u0105da dzi\u015b na tle s\u0105siad\u00f3w, Europy i ca\u0142ego \u015bwiata? Jak zmienia\u0142y si\u0119 polskie granice, terytorium, sk\u0142ad narodowo\u015bciowy czy przynale\u017cno\u015b\u0107 do regionalnych ugrupowa\u0144 politycznych? Gdzie wsp\u00f3\u0142cze\u015bnie mieszkaj\u0105 Polacy za granic\u0105? Co to jest polska \u201esoft power\u201d? Odpowiedzi na te i wiele innych pyta\u0144 udzielone zostan\u0105 podczas niniejszej prelekcji.<\/em><\/span><\/div>\n<p><span style=\"color: #000000;\"><strong>28 marca 2019 r.\u00a0<\/strong><\/span><\/p>\n<p><span style=\"color: #000000;\"><span style=\"color: #0000ff;\"><strong>GEOEKOLOGIA:<\/strong>\u00a0\u00a0<\/span><strong><span style=\"color: #0000ff;\">Ro\u015blinno\u015b\u0107 Polski \u2013 spojrzenie przyrodnika, le\u015bnika i rolnika<\/span>\u00a0<a style=\"color: #000000;\" href=\"https:\/\/usosweb.uw.edu.pl\/kontroler.php?_action=katalog2\/osoby\/pokazOsobe&amp;os_id=50204\">\u2013<\/a>\u00a0<a style=\"color: #000000;\" href=\"https:\/\/usosweb.uw.edu.pl\/kontroler.php?_action=katalog2\/osoby\/pokazOsobe&amp;os_id=50204\">mgr Tomasz Grabowski<\/a><\/strong><\/span><\/p>\n<p><span style=\"color: #000000;\"><em>Podczas prelekcji S\u0142uchacze zapoznaj\u0105 si\u0119 z r\u00f3\u017cnymi sposobami\u00a0 opisu ro\u015blinno\u015bci Polski, poznaj\u0105 jej ro\u015blinno\u015b\u0107 potencjaln\u0105 i rzeczywist\u0105, dowiedz\u0105 si\u0119, jakie drzewa dominuj\u0105 w Polsce i wraz z wyk\u0142adowc\u0105 spojrz\u0105 na ro\u015blinno\u015b\u0107 wyst\u0119puj\u0105c\u0105 na terenie Polski na trzy r\u00f3\u017cne sposoby: oczami przyrodnika, le\u015bnika i rolnika.<\/em><\/span><\/p>\n<p><span style=\"color: #000000;\"><strong>14 marca 2019 r.\u00a0<\/strong><\/span><\/p>\n<p><span style=\"color: #000000;\"><span style=\"color: #0000ff;\"><strong>GEOGRAFIA REGIONALNA:<\/strong>\u00a0<\/span><strong><span style=\"color: #0000ff;\">Co o nas wie nasz smartfon?<\/span>\u00a0<a style=\"color: #000000;\" href=\"https:\/\/usosweb.wne.uw.edu.pl\/kontroler.php?_action=katalog2\/osoby\/pokazOsobe&amp;os_id=126293\">\u00a0\u2013 mgr Pawe\u0142 Cywi\u0144ski<\/a><\/strong><\/span><\/p>\n<p><span style=\"color: #000000;\"><em>Wsp\u00f3\u0142czesne smartfony s\u0105 sprawnymi maszynami do zbierania danych. Na wyk\u0142adzie dowiemy si\u0119, co i w jaki spos\u00f3b smartfony o nas si\u0119 dowiaduj\u0105? Do czego zbierane dane s\u0105 u\u017cywane? I\u00a0 jak z tym wszystkim \u0142\u0105czy si\u0119 geografia?<\/em><\/span><\/p>\n<p><span style=\"color: #000000;\"><strong>21 lutego 2019 r.\u00a0\u00a0<\/strong><\/span><\/p>\n<p><span style=\"color: #000000;\"><strong><span style=\"color: #0000ff;\">GEOGRAFIA MIAST:\u00a0Gdzie ko\u0144czy si\u0119 miasto, a zaczyna wie\u015b, czyli o problemach wsp\u00f3\u0142czesnej suburbanizacji<\/span> \u2013\u00a0<a style=\"color: #000000;\" href=\"https:\/\/usosweb.uw.edu.pl\/kontroler.php?_action=katalog2\/osoby\/pokazOsobe&amp;os_id=129315\">dr Dorota Mantey<\/a><\/strong><\/span><\/p>\n<p><span style=\"color: #000000;\"><em>Miasto wraz ze swoj\u0105 stref\u0105 podmiejsk\u0105 tworz\u0105 nierozerwaln\u0105 ca\u0142o\u015b\u0107, a ka\u017cda decyzja lokalizacyjna rodzi skutki funkcjonalne dla ca\u0142ego regionu. Geografia miast bada te zale\u017cno\u015bci najbardziej kompleksowo ze wszystkich dyscyplin naukowych. Je\u015bli masz problem z dychotomicznym podzia\u0142em na miasto i wie\u015b, zastanawiasz si\u0119, czy w przysz\u0142o\u015bci lepiej zainwestowa\u0107 we w\u0142asny domek z ogr\u00f3dkiem na przedmie\u015bciach, czy mo\u017ce wybra\u0107 wielkomiejski zgie\u0142k, a przy okazji nie dostrzegasz analogii pomi\u0119dzy miastem a rozlanym mlekiem, to ten wyk\u0142ad jest dla Ciebie! Zaczniemy od zdefiniowania czym jest suburbanizacja, por\u00f3wnamy suburbia polskie do ameryka\u0144skich, rozszyfrujemy zagadkowe poj\u0119cie \u201eurban sprawl\u201d i poznamy ciemne oblicze tego zjawiska. Wszystko razem z\u0142o\u017cy si\u0119 na obraz tzw. suburbanizacji \u201epo polsku\u201d.<\/em><\/span><\/p>\n<p><span style=\"color: #000000;\"><strong>17 stycznia 2019 r.\u00a0<\/strong><\/span><\/p>\n<div>\n<p><span style=\"color: #000000;\"><strong><span style=\"color: #0000ff;\">POLITYKA LOKALNA\u00a0I SAMORZ\u0104D TERYTORIALNY:\u00a0 \u015api\u0105ca kr\u00f3lewna i 70 krasnoludk\u00f3w, czyli burzliwa historia zarz\u0105dzania metropolitalnego wok\u00f3\u0142 stolicy (i nie tylko)\u00a0<\/span>\u2013\u00a0<a style=\"color: #000000;\" href=\"https:\/\/usosweb.uw.edu.pl\/kontroler.php?_action=katalog2\/osoby\/pokazOsobe&amp;os_id=17344\">dr hab. Marta\u00a0Lackowska<\/a><\/strong><\/span><\/p>\n<p><span style=\"color: #000000;\"><em>Ostatnie lata przynios\u0142y w Polsce ponowne o\u017cywienie debaty nad zarz\u0105dzaniem aglomeracjami miejskimi (obszarami metropolitalnymi). Podczas wyk\u0142adu odniesiemy si\u0119 do najnowszych w\u0105tk\u00f3w tej debaty metropolitalnej, pokazuj\u0105c mi\u0119dzy innymi, jak obszary te mog\u0105 by\u0107 organizacyjnie wpasowane w podzia\u0142 administracyjny kraju. Om\u00f3wione zostan\u0105 g\u0142\u00f3wne problemy zwi\u0105zane z zarz\u0105dzaniem metropolitalnym oraz ich podstawowe rozwi\u0105zania. Zastanowimy si\u0119 wsp\u00f3lnie, czy zarz\u0105dzanie metropolitalne ma znaczenie dla zwyk\u0142ych mieszka\u0144c\u00f3w oraz nad tym, czy istnieje \u201emetropolitalna to\u017csamo\u015b\u0107 terytorialna\u201d. Podczas zaj\u0119\u0107 szczeg\u00f3ln\u0105 uwag\u0119 zwr\u00f3cimy na Obszar Metropolitalny Warszawy i histori\u0119 wsp\u00f3\u0142pracy mi\u0119dzygminnej na jego terenie (m.in. rol\u0119 instrumentu Zintegrowanych Inwestycji Terytorialnych w budowie wsp\u00f3\u0142pracy metropolitalnej; propozycj\u0119 ustawy dla Warszawy z 2017 r. \u2013 tzw. \u201elex Sasin\u201d oraz podzia\u0142 Mazowsza na dwie jednostki NUTS 2 i jego wp\u0142yw na zarz\u0105dzanie metropolitalne w sto\u0142ecznej metropolii).<\/em><\/span><\/p>\n<\/div>\n<p><span style=\"color: #000000;\"><strong>13 grudnia 2018 r.\u00a0<\/strong><\/span><\/p>\n<p><span style=\"color: #000000;\"><strong><span style=\"color: #0000ff;\">HYDROLOGIA I METEOROLOGIA: Od suszy do powodzi. Zasoby wodne a globalne zmiany klimatu<\/span>\u00a0<\/strong>\u2013<strong><a style=\"color: #000000;\" href=\"https:\/\/usosweb.uw.edu.pl\/kontroler.php?_action=katalog2\/osoby\/pokazOsobe&amp;os_id=50318\">\u00a0dr Jaros\u0142aw Sucho\u017cebrski<\/a><\/strong><\/span><\/p>\n<p><span style=\"color: #000000;\"><em>\u00a0Badania naukowc\u00f3w wskazuj\u0105, \u017ce klimat zmienia si\u0119 coraz szybciej. Zmiany klimatyczne wp\u0142ywaj\u0105 bezpo\u015brednio na \u015bwiatowe zasoby wody. Globalne ocieplenie sprawia, \u017ce topniej\u0105 lodowce i jednocze\u015bnie coraz wi\u0119cej obszar\u00f3w pustynnieje. Coraz dok\u0142adniejsze modele klimatyczne prognozuj\u0105, \u017ce tam, gdzie jest du\u017co opad\u00f3w, b\u0119dzie ich jeszcze wi\u0119cej, natomiast tam, gdzie ju\u017c teraz wody brakuje, w przysz\u0142o\u015bci b\u0119dzie jej jeszcze mniej. A czy my mamy si\u0119 czego obawia\u0107? Czy gro\u017c\u0105 nam powodzie, czy raczej musimy obawia\u0107 si\u0119 \u017ce zabraknie nam wody? Podczas zaj\u0119\u0107\u00a0Uczestnicy szukali odpowiedzi na te pytania i pytanie nadrz\u0119dne:\u00a0\u00a0co tak naprawd\u0119 nam grozi i czy mo\u017cemy si\u0119 przed tym jako\u015b obroni\u0107?<\/em><\/span><\/p>\n<p><span style=\"color: #000000;\">\u00a0<strong>6 grudnia \u00a02018 r.\u00a0\u00a0<\/strong><\/span><\/p>\n<p><span style=\"color: #000000;\"><span style=\"color: #0000ff;\"><strong>TURYSTYKA I REKREACJA:\u00a0 Turystyka kulinarna \u2013 z czym to si\u0119 je?\u00a0<\/strong><\/span>\u2013 <strong>\u00a0<a style=\"color: #000000;\" href=\"https:\/\/usosweb.uw.edu.pl\/kontroler.php?_action=katalog2\/osoby\/pokazOsobe&amp;os_id=118433\">dr Piotr Kociszewski<\/a><\/strong><\/span><\/p>\n<p><span style=\"color: #000000;\"><em>Targi \u017cywno\u015bci, szlaki kulinarne i festiwale smaku \u2013 to tylko niekt\u00f3re okre\u015blenia, kt\u00f3re pojawiaj\u0105 si\u0119 coraz cz\u0119\u015bciej tak\u017ce w przestrzeni turystycznej, staj\u0105c\u00a0 si\u0119 wystarczaj\u0105c\u0105 motywacj\u0105 do wyruszenia w drog\u0119\u2026 Wpisuj\u0105 si\u0119 zatem w coraz wyra\u017aniejszy, r\u00f3wnie\u017c w Polsce, nurt turystyczny \u2013 turystyk\u0119 kulinarn\u0105.<\/em><\/span><\/p>\n<p><span style=\"color: #000000;\"><em>Jakie s\u0105 trendy w turystyce kulinarnej, kim jest turysta kulinarny, wreszcie jak\u0105 form\u0119 mog\u0105 przybiera\u0107 atrakcje turystyki kulinarnej ? Na te pytania wraz z\u00a0wyk\u0142adowc\u0105 poszukiwali odpowiedzi uczestnicy spotkania, identyfikuj\u0105c \u201esmaczki\u201d turystyki kulinarnej z r\u00f3\u017cnych region\u00f3w Polski.<\/em><\/span><\/p>\n<p><span style=\"color: #000000;\"><strong>22 listopada 2018 r.\u00a0<\/strong><\/span><\/p>\n<p><span style=\"color: #000000;\"><span style=\"color: #0000ff;\"><strong>GIS I KARTOGRAFIA:\u00a0 Co nowego w kartografii?\u00a0 Od mapy tradycyjnej po aplikacje mapowe, czyli o wymagaj\u0105cym u\u017cytkowniku<\/strong>\u00a0<\/span>\u2013\u00a0<strong><a style=\"color: #000000;\" href=\"http:\/\/geoinformatics.uw.edu.pl\/jolanta-korycka-skorupa\/\">dr\u00a0 Jolanta Korycka-Skorupa<\/a><\/strong><\/span><\/p>\n<p><span style=\"color: #000000;\"><em>W dobie nowoczesnych technologii zmieniaj\u0105 si\u0119 nie tylko mapy, ale i oczekiwania ich u\u017cytkownik\u00f3w. Podczas wyk\u0142adu podj\u0119te zosta\u0142y w\u0105tki zwi\u0105zane z (r)ewolucj\u0105 kartograficzn\u0105 na prze\u0142omie XX i XXI wieku oraz oczekiwaniami i mo\u017cliwo\u015bciami percepcyjnymi odbiorc\u00f3w map.<\/em><\/span><\/p>\n<p><span style=\"color: #000000;\"><strong>25 pa\u017adziernika 2018 r.\u00a0<\/strong><\/span><\/p>\n<p><span style=\"color: #000000;\"><strong>T<span style=\"color: #0000ff;\">ELEDETEKCJA:\u00a0 \u201eZiemia z perspektywy satelity\u201d \u2013\u00a0 zastosowania nowoczesnych technik teledetekcyjnych w geografii<\/span><\/strong><span style=\"color: #0000ff;\">\u00a0<\/span>\u2013 \u00a0<strong><a style=\"color: #000000;\" href=\"http:\/\/geoinformatics.uw.edu.pl\/bogdan-zagajewski\/\">dr\u00a0 hab. Bogdan Zagajewski<\/a><\/strong><\/span><\/p>\n<p><span style=\"color: #000000;\"><em>W trakcie wyk\u0142adu przedstawione zosta\u0142y najbardziej popularne i powszechnie dost\u0119pne zdj\u0119cia satelitarne s\u0142u\u017c\u0105ce do obrazowania zjawisk zachodz\u0105cych na powierzchni Ziemi. W prezentacji zawarto\u00a0przyk\u0142ady s\u0142u\u017c\u0105ce do badania atmosfery, w\u00f3d powierzchniowych, ro\u015blinno\u015bci, geologii, a tak\u017ce podstawowe zasady pozyskania i przetwarzania zdj\u0119\u0107 satelitarnych.<\/em><\/span><\/p>\n","protected":false},"excerpt":{"rendered":"<p>\u201e10 wa\u017cnych zagadnie\u0144 na 10-lecie Geograficznych Spotka\u0144 na Krakowskim\u201d\u00a0 W grudniu 2018 roku roku min\u0119\u0142o 10 lat, odk\u0105d na Wydziale Geografii i Studi\u00f3w Regionalnych UW zosta\u0142a wyg\u0142oszona pierwsza prelekcja z tej serii. Z tej okazji wyk\u0142ady w\u00a0roku akademickim 2018\/2019\u00a0zosta\u0142y organizowane pod has\u0142em przewodnim \u00a0\u201e10 wa\u017cnych zagadnie\u0144 na 10-lecie Geograficznych Spotka\u0144 na Krakowskim\u201d\u00a0i\u00a0mia\u0142y charakter jubileuszowy. Ka\u017cdy&hellip;<\/p>\n","protected":false},"author":2,"featured_media":0,"parent":0,"menu_order":0,"comment_status":"closed","ping_status":"closed","template":"","meta":{"_themeisle_gutenberg_block_has_review":false,"footnotes":""},"class_list":["post-345","page","type-page","status-publish","hentry"],"_links":{"self":[{"href":"https:\/\/geograficzne.spotkania.wgsr.uw.edu.pl\/index.php?rest_route=\/wp\/v2\/pages\/345","targetHints":{"allow":["GET"]}}],"collection":[{"href":"https:\/\/geograficzne.spotkania.wgsr.uw.edu.pl\/index.php?rest_route=\/wp\/v2\/pages"}],"about":[{"href":"https:\/\/geograficzne.spotkania.wgsr.uw.edu.pl\/index.php?rest_route=\/wp\/v2\/types\/page"}],"author":[{"embeddable":true,"href":"https:\/\/geograficzne.spotkania.wgsr.uw.edu.pl\/index.php?rest_route=\/wp\/v2\/users\/2"}],"replies":[{"embeddable":true,"href":"https:\/\/geograficzne.spotkania.wgsr.uw.edu.pl\/index.php?rest_route=%2Fwp%2Fv2%2Fcomments&post=345"}],"version-history":[{"count":0,"href":"https:\/\/geograficzne.spotkania.wgsr.uw.edu.pl\/index.php?rest_route=\/wp\/v2\/pages\/345\/revisions"}],"wp:attachment":[{"href":"https:\/\/geograficzne.spotkania.wgsr.uw.edu.pl\/index.php?rest_route=%2Fwp%2Fv2%2Fmedia&parent=345"}],"curies":[{"name":"wp","href":"https:\/\/api.w.org\/{rel}","templated":true}]}}