{"id":301,"date":"2020-05-13T00:30:00","date_gmt":"2020-05-12T22:30:00","guid":{"rendered":"http:\/\/wgsr.uw.edu.pl\/geograficzne_spotkania\/?page_id=301"},"modified":"2026-04-24T08:02:20","modified_gmt":"2026-04-24T08:02:20","slug":"najblizszy-wyklad","status":"publish","type":"page","link":"https:\/\/geograficzne.spotkania.wgsr.uw.edu.pl\/?page_id=301","title":{"rendered":"Najbli\u017cszy wyk\u0142ad"},"content":{"rendered":"<p><span style=\"color: #000000;\"><strong>Najbli\u017cszy wyk\u0142ad stacjonarny <em><span style=\"color: #0000ff;\">,,Z dziennika podr\u00f3\u017cy T-shirta. Drogi i bezdro\u017ca mi\u0119dzynarodowej produkcji i wymiany handlowej&#8221;<\/span><\/em><span style=\"color: #0000ff;\"><em>\u00a0 <\/em><\/span>wyg\u0142osi 21 maja 2026 o godz. 13.15<\/strong><\/span> <strong><span style=\"color: #000000;\">dr hab. Waldemar Wilk.<\/span><\/strong><\/p>\n<div>\n<p><span style=\"color: #000000;\">\u017byjemy w \u015bwiecie nieustannych przep\u0142yw\u00f3w. Wsp\u00f3\u0142czesna gospodarka opiera si\u0119 w du\u017cym stopniu na wymianie (obiegu) produkt\u00f3w, od ich wytwarzania, przez wymian\u0119 i konsumpcj\u0119, po utylizacj\u0119 pozosta\u0142o\u015bci. W zrozumieniu geograficznej struktury tych przep\u0142yw\u00f3w pomaga poj\u0119cie \u0142a\u0144cucha dostaw. Na przyk\u0142adach t-shirta i innych produkt\u00f3w wsp\u00f3\u0142czesnego przemys\u0142u spr\u00f3bujemy prze\u015bledzi\u0107 sposoby organizacji takich \u0142a\u0144cuch\u00f3w: kolejnych etap\u00f3w wytwarzania i wymiany mi\u0119dzynarodowej towar\u00f3w.<\/span><\/p>\n<\/div>\n","protected":false},"excerpt":{"rendered":"<p>Najbli\u017cszy wyk\u0142ad stacjonarny ,,Z dziennika podr\u00f3\u017cy T-shirta. Drogi i bezdro\u017ca mi\u0119dzynarodowej produkcji i wymiany handlowej&#8221;\u00a0 wyg\u0142osi 21 maja 2026 o godz. 13.15 dr hab. Waldemar Wilk. \u017byjemy w \u015bwiecie nieustannych przep\u0142yw\u00f3w. Wsp\u00f3\u0142czesna gospodarka opiera si\u0119 w du\u017cym stopniu na wymianie (obiegu) produkt\u00f3w, od ich wytwarzania, przez wymian\u0119 i konsumpcj\u0119, po utylizacj\u0119 pozosta\u0142o\u015bci. W zrozumieniu geograficznej&hellip;<\/p>\n","protected":false},"author":2,"featured_media":0,"parent":0,"menu_order":0,"comment_status":"closed","ping_status":"closed","template":"","meta":{"_themeisle_gutenberg_block_has_review":false,"footnotes":""},"class_list":["post-301","page","type-page","status-publish","hentry"],"_links":{"self":[{"href":"https:\/\/geograficzne.spotkania.wgsr.uw.edu.pl\/index.php?rest_route=\/wp\/v2\/pages\/301","targetHints":{"allow":["GET"]}}],"collection":[{"href":"https:\/\/geograficzne.spotkania.wgsr.uw.edu.pl\/index.php?rest_route=\/wp\/v2\/pages"}],"about":[{"href":"https:\/\/geograficzne.spotkania.wgsr.uw.edu.pl\/index.php?rest_route=\/wp\/v2\/types\/page"}],"author":[{"embeddable":true,"href":"https:\/\/geograficzne.spotkania.wgsr.uw.edu.pl\/index.php?rest_route=\/wp\/v2\/users\/2"}],"replies":[{"embeddable":true,"href":"https:\/\/geograficzne.spotkania.wgsr.uw.edu.pl\/index.php?rest_route=%2Fwp%2Fv2%2Fcomments&post=301"}],"version-history":[{"count":83,"href":"https:\/\/geograficzne.spotkania.wgsr.uw.edu.pl\/index.php?rest_route=\/wp\/v2\/pages\/301\/revisions"}],"predecessor-version":[{"id":2047,"href":"https:\/\/geograficzne.spotkania.wgsr.uw.edu.pl\/index.php?rest_route=\/wp\/v2\/pages\/301\/revisions\/2047"}],"wp:attachment":[{"href":"https:\/\/geograficzne.spotkania.wgsr.uw.edu.pl\/index.php?rest_route=%2Fwp%2Fv2%2Fmedia&parent=301"}],"curies":[{"name":"wp","href":"https:\/\/api.w.org\/{rel}","templated":true}]}}