{"id":248,"date":"2020-05-11T22:46:12","date_gmt":"2020-05-11T20:46:12","guid":{"rendered":"http:\/\/wgsr.uw.edu.pl\/geograficzne_spotkania\/?page_id=248"},"modified":"2020-05-11T22:46:12","modified_gmt":"2020-05-11T20:46:12","slug":"archiwum-wykladow","status":"publish","type":"page","link":"https:\/\/geograficzne.spotkania.wgsr.uw.edu.pl\/?page_id=248","title":{"rendered":"10-lecie cyklu"},"content":{"rendered":"<p class=\"has-text-color has-very-dark-gray-color\" style=\"font-size: 14px;\"><span style=\"color: #000000;\">W grudniu 2018 roku roku min\u0119\u0142o 10 lat, odk\u0105d na Wydziale Geografii i Studi\u00f3w Regionalnych UW zosta\u0142a wyg\u0142oszona pierwsza prelekcja z cyklu \u201eGeograficzne Spotkania na Krakowskim\u201d. W tym czasie wyk\u0142adowcy WGSR wyg\u0142osili ponad 120 prelekcji kierowanych do m\u0142odych ludzi, zainteresowanych geografi\u0105. Tematyka wyk\u0142ad\u00f3w by\u0142a bardzo zr\u00f3\u017cnicowana i obejmowa\u0142a m.in. zagadnienia z zakresu geografii regionalnej , dotycz\u0105ce\u00a0 wybranych krajach i region\u00f3w \u015bwiata, tematyki miejskiej, turystyki, zjawisk ekstremalnych &#8211; takich jak powodzie, susze i po\u017cary oraz samorz\u0105du terytorialnego i polityki lokalnej.\u00a0 Kolejna grupa wyk\u0142ad\u00f3w by\u0142a po\u015bwi\u0119cona poszczeg\u00f3lnym komponentom \u015brodowiska geograficznego &#8211; np. ro\u015blinno\u015bci czy hydrosferze. Cz\u0119sto prezentowan\u0105 tematyk\u0105 by\u0142y nowoczesne techniki pomiarowe, obliczeniowe i metody prezentacji w geografii &#8211; ze szczeg\u00f3lnym uwzgl\u0119dnieniem System\u00f3w Informacji Geograficznej (GIS) i teledetekcji.\u00a0<\/span><\/p>\n<p class=\"has-text-color has-very-dark-gray-color\" style=\"font-size: 14px;\"><span style=\"color: #000000;\">W roku jubileuszowym 2018\/2019 wyk\u0142ady zosta\u0142y zorganizowane pod has\u0142em przewodnim\u00a0 &#8222;<strong><span style=\"color: #0000ff;\">10 wa\u017cnych zagadnie\u0144 na 10-lecie Geograficznych Spotka\u0144 na Krakowskim<\/span>\u201d<\/strong>. Ka\u017cdy wyk\u0142ad reprezentowa\u0142 jeden z 10 blok\u00f3w tematycznych: <\/span><\/p>\n<ul>\n<li class=\"has-text-color has-very-dark-gray-color\" style=\"font-size: 14px;\"><span style=\"color: #0000ff;\"><b>Teledetekcja <\/b><span style=\"color: #000000;\">&#8211;<\/span><span style=\"text-align: left; color: #000000; text-transform: none; text-indent: 0px; letter-spacing: normal; font-family: 'Poppins',sans-serif; font-size: 14px; font-style: normal; font-variant: normal; font-weight: 300; text-decoration: none; word-spacing: 0px; display: inline !important; white-space: normal; orphans: 2; float: none; -webkit-text-stroke-width: 0px; background-color: #ffffff;\"> Ziemia z perspektywy satelity\u201d \u2013 zastosowania nowoczesnych technik teledetekcyjnych.<\/span><\/span><\/li>\n<li class=\"has-text-color has-very-dark-gray-color\" style=\"font-size: 14px;\"><span style=\"color: #0000ff;\"><b>GIS i kartografia <\/b>&#8211; <span style=\"color: #000000;\">C<\/span><span style=\"text-align: left; color: #000000; text-transform: none; text-indent: 0px; letter-spacing: normal; font-family: 'Poppins',sans-serif; font-size: 14px; font-style: normal; font-variant: normal; text-decoration: none; word-spacing: 0px; display: inline !important; white-space: normal; orphans: 2; float: none; -webkit-text-stroke-width: 0px; background-color: #ffffff;\">o nowego w kartografii? Od mapy tradycyjnej po aplikacje mapowe.<\/span><\/span><\/li>\n<li class=\"has-text-color has-very-dark-gray-color\" style=\"font-size: 14px;\"><span style=\"color: #0000ff;\"><b>Turystyka i rekreacja<\/b><span style=\"display: inline !important; float: none; background-color: #ffffff; color: #666666; font-family: 'Poppins',sans-serif; font-size: 14px; font-style: normal; font-variant: normal; font-weight: 300; letter-spacing: normal; orphans: 2; text-align: left; text-decoration: none; text-indent: 0px; text-transform: none; -webkit-text-stroke-width: 0px; white-space: normal; word-spacing: 0px;\">\u00a0 &#8211; <span style=\"color: #000000;\">Turystyka kulinarna \u2013 z czym to si\u0119 je?<\/span><\/span><\/span><\/li>\n<li class=\"has-text-color has-very-dark-gray-color\" style=\"font-size: 14px;\"><span style=\"color: #0000ff;\"><b>Hydrologia i meteorologia <\/b><span style=\"color: #000000;\">&#8211; <\/span><span style=\"display: inline !important; float: none; background-color: #ffffff; color: #666666; font-family: 'Poppins',sans-serif; font-size: 14px; font-style: normal; font-variant: normal; font-weight: 300; letter-spacing: normal; orphans: 2; text-align: left; text-decoration: none; text-indent: 0px; text-transform: none; -webkit-text-stroke-width: 0px; white-space: normal; word-spacing: 0px;\"><span style=\"color: #000000;\">Od suszy do powodzi. Zasoby wodne a globalne zmiany klimatu.<\/span><\/span><\/span><\/li>\n<li class=\"has-text-color has-very-dark-gray-color\" style=\"font-size: 14px;\"><span style=\"color: #0000ff;\"><b>Polityka lokalna i samorz\u0105d terytorialny<\/b><span style=\"display: inline !important; float: none; background-color: #ffffff; color: #666666; font-family: 'Poppins',sans-serif; font-size: 14px; font-style: normal; font-variant: normal; font-weight: 300; letter-spacing: normal; orphans: 2; text-align: left; text-decoration: none; text-indent: 0px; text-transform: none; -webkit-text-stroke-width: 0px; white-space: normal; word-spacing: 0px;\"><span style=\"color: #000000;\"> &#8211; Miasto na sprzeda\u017c, czyli o marketingu terytorialnym.<\/span><\/span><\/span><\/li>\n<li class=\"has-text-color has-very-dark-gray-color\" style=\"font-size: 14px;\"><span style=\"color: #0000ff;\"><b>Geografia miast <\/b><span style=\"color: #000000;\">&#8211; <\/span><span style=\"text-align: left; color: #000000; text-transform: none; text-indent: 0px; letter-spacing: normal; font-family: 'Poppins',sans-serif; font-size: 14px; font-style: normal; font-variant: normal; font-weight: 300; text-decoration: none; word-spacing: 0px; display: inline !important; white-space: normal; orphans: 2; float: none; -webkit-text-stroke-width: 0px; background-color: #ffffff;\">\u015api\u0105ca kr\u00f3lewna i 70 krasnoludk\u00f3w &#8211; historia zarz\u0105dzania metropolitalnego wok\u00f3\u0142 stolicy.<\/span><\/span><\/li>\n<li class=\"has-text-color has-very-dark-gray-color\" style=\"font-size: 14px;\"><span style=\"color: #0000ff;\"><b>Geografia polityczna<\/b><span style=\"text-align: left; color: #000000; text-transform: none; text-indent: 0px; letter-spacing: normal; font-family: 'Poppins',sans-serif; font-size: 14px; font-style: normal; font-variant: normal; font-weight: 300; text-decoration: none; word-spacing: 0px; display: inline !important; white-space: normal; orphans: 2; float: none; -webkit-text-stroke-width: 0px; background-color: #ffffff;\"> &#8211; Co o nas wie nasz smartfon?<\/span><\/span><\/li>\n<li class=\"has-text-color has-very-dark-gray-color\" style=\"font-size: 14px;\"><span style=\"color: #0000ff;\"><b>Geografia regionalna <\/b><span style=\"color: #000000;\">&#8211; <\/span><span style=\"text-align: left; color: #000000; text-transform: none; text-indent: 0px; letter-spacing: normal; font-family: 'Poppins',sans-serif; font-size: 14px; font-style: normal; font-variant: normal; font-weight: 300; text-decoration: none; word-spacing: 0px; display: inline !important; white-space: normal; orphans: 2; float: none; -webkit-text-stroke-width: 0px; background-color: #ffffff;\">Ro\u015blinno\u015b\u0107 Polski \u2013 spojrzenie przyrodnika, le\u015bnika i rolnika.<\/span><\/span><\/li>\n<li class=\"has-text-color has-very-dark-gray-color\" style=\"font-size: 14px;\"><span style=\"color: #0000ff;\"><b>Geoekologia<\/b><span style=\"text-align: left; color: #000000; text-transform: none; text-indent: 0px; letter-spacing: normal; font-family: 'Poppins',sans-serif; font-size: 14px; font-style: normal; font-variant: normal; font-weight: 300; text-decoration: none; word-spacing: 0px; display: inline !important; white-space: normal; orphans: 2; float: none; -webkit-text-stroke-width: 0px; background-color: #ffffff;\"> &#8211; Miejsce Polski na wsp\u00f3\u0142czesnej mapie politycznej \u015bwiata.<\/span><\/span><\/li>\n<li class=\"has-text-color has-very-dark-gray-color\" style=\"font-size: 14px;\"><span style=\"color: #0000ff;\"><b>Planowanie przestrzenne i urbanistyka\u00a0 <\/b><span style=\"color: #000000;\">&#8211;<\/span> <span style=\"display: inline !important; float: none; background-color: #ffffff; color: #666666; font-family: 'Poppins',sans-serif; font-size: 14px; font-style: normal; font-variant: normal; font-weight: 300; letter-spacing: normal; orphans: 2; text-align: left; text-decoration: none; text-indent: 0px; text-transform: none; -webkit-text-stroke-width: 0px; white-space: normal; word-spacing: 0px;\"><span style=\"color: #000000;\">Cud w mie\u015bcie Escobara: od najbardziej niebezpiecznego do najbardziej innowacyjnego miasta na \u015bwiecie.<\/span><\/span><\/span><\/li>\n<\/ul>\n<p class=\"has-text-color has-very-dark-gray-color\" style=\"font-size: 14px;\"><span style=\"color: #000000;\">Ze szczeg\u00f3\u0142owymi informacjami o tre\u015bci\u00a0 wyk\u0142ad\u00f3w mo\u017cna zapozna\u0107 si\u0119 w archiwum wyg\u0142oszonych wyk\u0142ad\u00f3w &#8211; w zak\u0142adce dla roku akademickiego 2018\/2019.<\/span><\/p>\n","protected":false},"excerpt":{"rendered":"<p>W grudniu 2018 roku roku min\u0119\u0142o 10 lat, odk\u0105d na Wydziale Geografii i Studi\u00f3w Regionalnych UW zosta\u0142a wyg\u0142oszona pierwsza prelekcja z cyklu \u201eGeograficzne Spotkania na Krakowskim\u201d. W tym czasie wyk\u0142adowcy WGSR wyg\u0142osili ponad 120 prelekcji kierowanych do m\u0142odych ludzi, zainteresowanych geografi\u0105. Tematyka wyk\u0142ad\u00f3w by\u0142a bardzo zr\u00f3\u017cnicowana i obejmowa\u0142a m.in. zagadnienia z zakresu geografii regionalnej ,&hellip;<\/p>\n","protected":false},"author":2,"featured_media":0,"parent":0,"menu_order":0,"comment_status":"closed","ping_status":"closed","template":"","meta":{"_themeisle_gutenberg_block_has_review":false,"footnotes":""},"class_list":["post-248","page","type-page","status-publish","hentry"],"_links":{"self":[{"href":"https:\/\/geograficzne.spotkania.wgsr.uw.edu.pl\/index.php?rest_route=\/wp\/v2\/pages\/248","targetHints":{"allow":["GET"]}}],"collection":[{"href":"https:\/\/geograficzne.spotkania.wgsr.uw.edu.pl\/index.php?rest_route=\/wp\/v2\/pages"}],"about":[{"href":"https:\/\/geograficzne.spotkania.wgsr.uw.edu.pl\/index.php?rest_route=\/wp\/v2\/types\/page"}],"author":[{"embeddable":true,"href":"https:\/\/geograficzne.spotkania.wgsr.uw.edu.pl\/index.php?rest_route=\/wp\/v2\/users\/2"}],"replies":[{"embeddable":true,"href":"https:\/\/geograficzne.spotkania.wgsr.uw.edu.pl\/index.php?rest_route=%2Fwp%2Fv2%2Fcomments&post=248"}],"version-history":[{"count":0,"href":"https:\/\/geograficzne.spotkania.wgsr.uw.edu.pl\/index.php?rest_route=\/wp\/v2\/pages\/248\/revisions"}],"wp:attachment":[{"href":"https:\/\/geograficzne.spotkania.wgsr.uw.edu.pl\/index.php?rest_route=%2Fwp%2Fv2%2Fmedia&parent=248"}],"curies":[{"name":"wp","href":"https:\/\/api.w.org\/{rel}","templated":true}]}}