{"id":198,"date":"2020-05-11T19:36:17","date_gmt":"2020-05-11T17:36:17","guid":{"rendered":"http:\/\/wgsr.uw.edu.pl\/geograficzne_spotkania\/?page_id=198"},"modified":"2026-02-12T12:38:00","modified_gmt":"2026-02-12T12:38:00","slug":"palac-uruskich-czetwertynskich","status":"publish","type":"page","link":"https:\/\/geograficzne.spotkania.wgsr.uw.edu.pl\/?page_id=198","title":{"rendered":"Spacery po UW"},"content":{"rendered":"\r\n<p><span style=\"color: #000000;\">Zainteresowane grupy zapraszamy do uczestnictwa w zwiedzaniu Uniwersytetu Warszawskiego. Spacery odbywa\u0107 si\u0119 b\u0119d\u0105 w ka\u017cdy czwartek w godzinach 11.00-12.45. Maksymalna liczba uczestnik\u00f3w do 30 os\u00f3b. Podczas zwiedzania b\u0119dzie mo\u017cna pozna\u0107 najwa\u017cniejsze fakty z dziej\u00f3w UW, zobaczy\u0107 najciekawsze wn\u0119trza wybranych budynk\u00f3w (w miar\u0119 ich dost\u0119pno\u015bci), a tak\u017ce zasi\u0105\u015b\u0107 w tradycyjnej sali wyk\u0142adowej i pos\u0142ucha\u0107 mini-wyk\u0142adu. Przeniesiemy si\u0119 wsp\u00f3lnie do epoki Kr\u00f3lestwa Kongresowego, kiedy sto\u0142eczna uczelnia zosta\u0142a za\u0142o\u017cona, porozmawiamy o nie\u0142atwych dla szkolnictwa wy\u017cszego kolejnych dekadach XIX wieku, wymienimy najwa\u017cniejszych akademik\u00f3w okresu mi\u0119dzywojennego, kiedy nauczanie w j\u0119zyku polskim zosta\u0142o reaktywowane, oraz podyskutujemy o wsp\u00f3\u0142czesno\u015bci i nowoczesnej nauce w oparciu o tradycje. Wa\u017cnym punktem zwiedzania b\u0119dzie przedstawienie dziej\u00f3w nauczania geografii w murach UW oraz zaprezentowanie wn\u0119trz siedziby wydzia\u0142u Geografii i Studi\u00f3w Regionalnych, tj. Pa\u0142acu Uruskich-Czetwerty\u0144skich.<\/span><\/p>\r\n<p><span style=\"color: #ff0000;\"><strong>SPACERY PO UW WSTRZYMANE S\u0104 DO ODWO\u0141ANIA.<\/strong><\/span><\/p>\r\n<p><img loading=\"lazy\" decoding=\"async\" class=\"alignleft  wp-image-1701\" src=\"https:\/\/geograficzne.spotkania.wgsr.uw.edu.pl\/wp-content\/uploads\/2025\/04\/Wizyta-w-Liceum-Sienkiewicza-1024x771.jpg\" alt=\"\" width=\"383\" height=\"288\" srcset=\"https:\/\/geograficzne.spotkania.wgsr.uw.edu.pl\/wp-content\/uploads\/2025\/04\/Wizyta-w-Liceum-Sienkiewicza-1024x771.jpg 1024w, https:\/\/geograficzne.spotkania.wgsr.uw.edu.pl\/wp-content\/uploads\/2025\/04\/Wizyta-w-Liceum-Sienkiewicza-300x226.jpg 300w, https:\/\/geograficzne.spotkania.wgsr.uw.edu.pl\/wp-content\/uploads\/2025\/04\/Wizyta-w-Liceum-Sienkiewicza-768x578.jpg 768w, https:\/\/geograficzne.spotkania.wgsr.uw.edu.pl\/wp-content\/uploads\/2025\/04\/Wizyta-w-Liceum-Sienkiewicza-1536x1156.jpg 1536w, https:\/\/geograficzne.spotkania.wgsr.uw.edu.pl\/wp-content\/uploads\/2025\/04\/Wizyta-w-Liceum-Sienkiewicza.jpg 1600w\" sizes=\"auto, (max-width: 383px) 100vw, 383px\" \/><\/p>\r\n<p>&nbsp;<\/p>\r\n<p>&nbsp;<\/p>\r\n<p>&nbsp;<\/p>\r\n<p>&nbsp;<\/p>\r\n<p>&nbsp;<\/p>\r\n<p>&nbsp;<\/p>\r\n<p>&nbsp;<\/p>\r\n<p>&nbsp;<\/p>\r\n<p>&nbsp;<\/p>\r\n<p>&nbsp;<\/p>\r\n<p><span style=\"color: #000000;\">Wi\u0119cej szczeg\u00f3\u0142\u00f3w zamieszczamy w zak\u0142adce <em><strong><a href=\"https:\/\/geograficzne.spotkania.wgsr.uw.edu.pl\/?page_id=1028\" target=\"_blank\" rel=\"noopener noreferrer\">Kontakt i zapisy<\/a>.<\/strong><\/em><\/span><\/p>\r\n<p>&nbsp;<\/p>\r\n<p>&nbsp;<\/p>\r\n<p>&nbsp;<\/p>\r\n<p>&nbsp;<\/p>\r\n<p>&nbsp;<\/p>\r\n<p><span style=\"color: #000000;\"><\/span><\/p>","protected":false},"excerpt":{"rendered":"<p>Zainteresowane grupy zapraszamy do uczestnictwa w zwiedzaniu Uniwersytetu Warszawskiego. Spacery odbywa\u0107 si\u0119 b\u0119d\u0105 w ka\u017cdy czwartek w godzinach 11.00-12.45. Maksymalna liczba uczestnik\u00f3w do 30 os\u00f3b. Podczas zwiedzania b\u0119dzie mo\u017cna pozna\u0107 najwa\u017cniejsze fakty z dziej\u00f3w UW, zobaczy\u0107 najciekawsze wn\u0119trza wybranych budynk\u00f3w (w miar\u0119 ich dost\u0119pno\u015bci), a tak\u017ce zasi\u0105\u015b\u0107 w tradycyjnej sali wyk\u0142adowej i pos\u0142ucha\u0107 mini-wyk\u0142adu. Przeniesiemy&hellip;<\/p>\n","protected":false},"author":2,"featured_media":0,"parent":0,"menu_order":0,"comment_status":"closed","ping_status":"closed","template":"","meta":{"_themeisle_gutenberg_block_has_review":false,"footnotes":""},"class_list":["post-198","page","type-page","status-publish","hentry"],"_links":{"self":[{"href":"https:\/\/geograficzne.spotkania.wgsr.uw.edu.pl\/index.php?rest_route=\/wp\/v2\/pages\/198","targetHints":{"allow":["GET"]}}],"collection":[{"href":"https:\/\/geograficzne.spotkania.wgsr.uw.edu.pl\/index.php?rest_route=\/wp\/v2\/pages"}],"about":[{"href":"https:\/\/geograficzne.spotkania.wgsr.uw.edu.pl\/index.php?rest_route=\/wp\/v2\/types\/page"}],"author":[{"embeddable":true,"href":"https:\/\/geograficzne.spotkania.wgsr.uw.edu.pl\/index.php?rest_route=\/wp\/v2\/users\/2"}],"replies":[{"embeddable":true,"href":"https:\/\/geograficzne.spotkania.wgsr.uw.edu.pl\/index.php?rest_route=%2Fwp%2Fv2%2Fcomments&post=198"}],"version-history":[{"count":60,"href":"https:\/\/geograficzne.spotkania.wgsr.uw.edu.pl\/index.php?rest_route=\/wp\/v2\/pages\/198\/revisions"}],"predecessor-version":[{"id":1998,"href":"https:\/\/geograficzne.spotkania.wgsr.uw.edu.pl\/index.php?rest_route=\/wp\/v2\/pages\/198\/revisions\/1998"}],"wp:attachment":[{"href":"https:\/\/geograficzne.spotkania.wgsr.uw.edu.pl\/index.php?rest_route=%2Fwp%2Fv2%2Fmedia&parent=198"}],"curies":[{"name":"wp","href":"https:\/\/api.w.org\/{rel}","templated":true}]}}