{"id":1322,"date":"2024-09-12T23:24:42","date_gmt":"2024-09-12T23:24:42","guid":{"rendered":"https:\/\/geograficzne.spotkania.wgsr.uw.edu.pl\/?page_id=1322"},"modified":"2024-09-12T23:26:25","modified_gmt":"2024-09-12T23:26:25","slug":"rok-2023-2024","status":"publish","type":"page","link":"https:\/\/geograficzne.spotkania.wgsr.uw.edu.pl\/?page_id=1322","title":{"rendered":"Rok 2023\/2024"},"content":{"rendered":"<h4 style=\"text-align: center;\"><span style=\"color: #0000ff;\"><strong>PROGRAM WYK\u0141AD\u00d3W W SEMESTRZE letnim 2023\/2024<\/strong><\/span><\/h4>\n<p><span style=\"color: #0000ff;\"><strong>23 lutego, godz. 12.00-13.00\u00a0Zmiany i zmienno\u015b\u0107 klimatu\u00a0\u2013 prof. ucz. Elwira \u017bmudzka<\/strong><\/span><br \/>\nWyk\u0142ad b\u0119dzie po\u015bwi\u0119cony zagadnieniu zmian i zmienno\u015bci klimatu w r\u00f3\u017cnych skalach przestrzennych. B\u0119dziemy poszukiwa\u0107 odpowiedzi na pytania: czy termin zmienno\u015b\u0107 klimatu jest synonimem poj\u0119cia zmiana klimatu, czy zmienno\u015b\u0107 klimatu mo\u017ce podlega\u0107 zmianom, czy trendy to dominuj\u0105ca forma zmian klimatu, jak du\u017ce by\u0142y wahania klimatu w przesz\u0142o\u015bci, jaka jest skala wsp\u00f3\u0142czesnego ocieplenia.<\/p>\n<p>&nbsp;<\/p>\n<p><span style=\"color: #0000ff;\"><strong>8 marca, godz. 13.00-14.00\u00a0Tatry \u2013 per\u0142a w\u015br\u00f3d g\u00f3r czy polskie Las Vegas?\u00a0\u2013 dr Magdalena Skorupska<\/strong><\/span><\/p>\n<p>Tatry to zdecydowanie jedno z najpi\u0119kniejszych miejsc w Polsce. Tylko tam mo\u017cemy podziwia\u0107 pi\u0119trowo\u015b\u0107 klimatyczno-ro\u015blinn\u0105 i niezwyk\u0142e polodowcowe formy. Jednak popularno\u015b\u0107 tego miejsca generuje wiele problem\u00f3w krajobrazowych, \u015brodowiskowych i spo\u0142ecznych. Co si\u0119 sta\u0142o z XIX-wieczn\u0105 kolebk\u0105 polskiej kultury i dlaczego dzi\u015b Zakopane nazywane jest Las Vegas Podhala? Na wyk\u0142adzie porozmawiamy o historii, geografii i wsp\u00f3\u0142czesnych problemach najwy\u017cszych polskich g\u00f3r.<\/p>\n<p>&nbsp;<\/p>\n<p><span style=\"color: #0000ff;\"><strong>21 marca, godz. 12.00-13.00\u00a0Czy musimy \u201cprzyspieszy\u0107 zmiany\u201d w gospodarowaniu wod\u0105?\u00a0\u2013 dr Jaros\u0142aw Sucho\u017cebrski<\/strong><\/span><br \/>\n22 marca obchodzimy \u015awiatowy Dzie\u0144 Wody. To \u015bwi\u0119to ma nam u\u015bwiadomi\u0107 g\u0142\u00f3wne problemy zwi\u0105zane z zasobami wodnymi na \u015bwiecie oraz wskaza\u0107 na konieczno\u015b\u0107 podj\u0119cia dzia\u0142a\u0144, kt\u00f3re pozwol\u0105 rozwi\u0105za\u0107 kryzys zwi\u0105zany z dost\u0119pem do wody i sanitacj\u0105. Na zaj\u0119ciach porozmawiamy o najwi\u0119kszych problemach zwi\u0105zanych z wod\u0105 z jakimi boryka si\u0119 ludzko\u015b\u0107. Zastanowimy si\u0119 jakie s\u0105 scenariusze na przysz\u0142o\u015b\u0107? Czy musimy przyspieszy\u0107 zmiany w gospodarowaniu najcenniejszym zasobem na naszej planecie? Czy mo\u017cemy zaradzi\u0107 kryzysowi wodnemu na \u015bwiecie?<\/p>\n<p>&nbsp;<\/p>\n<p><span style=\"color: #0000ff;\"><strong>10 kwietnia, godz. 11.00-12.00\u00a0Zwyczajne? niezwyczajne? \u2013 parki miejskie powstaj\u0105ce na \u015bladach tor\u00f3w kolejowych\u00a0\u2013 dr Agnieszka Dudzi\u0144ska-Jarmoli\u0144ska<\/strong><\/span><br \/>\nWyk\u0142ad ma na celu przybli\u017cenie s\u0142uchaczom najnowszych rozwi\u0105za\u0144 projektowych z zakresu architektury krajobrazu \u2013 nietypowych linowych park\u00f3w miejskich powstaj\u0105cych na \u015bladach tor\u00f3w kolejowych. Temat om\u00f3wiony zostanie na przyk\u0142adzie najnowszych realizacji z Nowego Jorku oraz Pary\u017ca; przeanalizowane zostan\u0105 korzy\u015bci dla miasta i jego mieszka\u0144c\u00f3w ale r\u00f3wnie\u017c zagro\u017cenia wynikaj\u0105ce z tego rodzaju inwestycji.<br \/>\n<em>Wyk\u0142ad realizowany w ramach projektu badawczego CoAdapt \u2013 dzia\u0142ania spo\u0142eczno\u015bci lokalnych na rzecz adaptacji do zmiany klimatu. CoAdapt korzysta z dofinansowania o warto\u015bci 1.4 miliona euro otrzymanego od Islandii, Liechtensteinu i Norwegii w ramach funduszy EOG. Operatorem projektu jest Narodowe Centrum Bada\u0144 i Rozwoju. Projekt jest wsp\u00f3\u0142finansowany w 15% ze \u015brodk\u00f3w bud\u017cetu pa\u0144stwa.<\/em><\/p>\n<p>&nbsp;<\/p>\n<p><span style=\"color: #0000ff;\"><strong>17 kwietnia, godz. 11.00-12.00\u00a0Zastosowanie teledetekcji do monitoringu obszar\u00f3w zanieczyszczonych metalami ci\u0119\u017ckimi\u00a0\u2013 prof. ucz. Bogdan Zagajewski<\/strong><\/span><br \/>\nW trakcie wyk\u0142adu zaprezentowane zostan\u0105 podstawowe poj\u0119cia z zakresu teledetekcji \u015brodowiska, przedstawiona zostanie koncepcja bada\u0144 terenowych i wykorzystania lotniczych zdj\u0119\u0107 hiperspektralnych do oceny stanu ro\u015blin poddanych zanieczyszczeniu metalami ci\u0119\u017ckimi.<br \/>\nObszar badawczy znajduje si\u0119 w okolicach miejscowo\u015bci M\u00e1traf\u00fcred (powiat Heves, W\u0119gry) w po\u0142udniowej cz\u0119\u015bci pasma g\u00f3rskiego M\u00e1tra, gdzie znajdowa\u0142a si\u0119 przetw\u00f3rnia metali, kt\u00f3ra doprowadzi\u0142a do znacznego zanieczyszczenia \u015brodowiska, kt\u00f3rego negatywny skutki s\u0105 monitorowane przy u\u017cyciu r\u00f3\u017cnych metod bada\u0144 \u015brodowiska.<br \/>\nS\u0142uchacze zapoznaj\u0105 si\u0119 z szeregiem metod identyfikacji zanieczyszczonej ro\u015blinno\u015bci, a tak\u017ce szacowania efekt\u00f3w prowadzonej renaturalizacji terenu.<\/p>\n<p>&nbsp;<\/p>\n<p><span style=\"color: #0000ff;\"><strong>17 maja, godz. 10.00-11.00\u00a0Europa \u015bladami znanych pisarzy i ich utwor\u00f3w czyli turystyka literacka w teorii i praktyce\u00a0\u2013 dr Aleksandra Korpysz-Wi\u015bniewska<\/strong><\/span><br \/>\nLiteratura mo\u017ce nas zaprowadzi\u0107 nie tylko do \u015bwiata wyobra\u017ani, ale tak\u017ce do rzeczywistych miejsc opisanych w utworach b\u0105d\u017a zwi\u0105zanych z \u017cyciem autor\u00f3w.<br \/>\nPodczas wyk\u0142adu przedstawione zostan\u0105 r\u00f3\u017cnorodne przyk\u0142ady miejsc, kt\u00f3re przyci\u0105gaj\u0105 turyst\u00f3w literackich. Na koniec rozwa\u017cymy r\u00f3wnie\u017c, jak zwiedzanie \u201cz ksi\u0105\u017ck\u0105 w r\u0119ku\u201d wp\u0142ywa na do\u015bwiadczenia turyst\u00f3w<\/p>\n<p>.<\/p>\n<hr \/>\n<hr \/>\n<h4 style=\"text-align: center;\"><span style=\"color: #0000ff;\"><strong>PROGRAM WYK\u0141AD\u00d3W W SEMESTRZE ZIMOWYM 2023\/2024<\/strong><\/span><\/h4>\n<div>.<\/div>\n<div>\n<p><span style=\"color: #0000ff;\"><strong>17 pa\u017adziernika godz. 9.30-10.30\u00a0 \u00a0\u00a0Tempo i skutki ocieplenia stref oko\u0142obiegunowych i wysokog\u00f3rskich\u00a0 \u2013\u00a0<\/strong><strong>prof. ucz. Maciej D\u0105bski\u00a0<\/strong><\/span><\/p>\n<p>Ocieplenie klimatu jest najbardziej widoczne w Arktyce, Zachodniej Antarktyce oraz w g\u00f3rach wysokich. Wzrost temperatury powietrza, szybkie topnienie lodowc\u00f3w i wieloletniej zmarzliny oraz zanik zlodzenia Oceanu Arktycznego s\u0105 ewidentne. Poci\u0105gaj\u0105 za sob\u0105 szereg skutk\u00f3w \u015brodowiskowych, kt\u00f3re rzutuj\u0105 na gospodark\u0119 cz\u0142owieka. Uruchomi\u0142y si\u0119 dwa pot\u0119\u017cne sprz\u0119\u017cenia zwrotne dotycz\u0105ce zmian albedo Ziemi oraz emisji metanu z wieloletniej zmarzliny, kt\u00f3re nap\u0119dzaj\u0105 dalsze ocieplenie.<\/p>\n<p>Zapraszamy na wyk\u0142ad dotycz\u0105cy niezmiernie aktualnych i wa\u017cnych zmian na \u015bwiecie!<\/p>\n<hr \/>\n<p><span style=\"color: #0000ff;\"><strong>9 listopada, godz. 11.00-12.00\u00a0 \u00a0Nam g\u0142osowa\u0107 nie kazano\u2026 O geografii wyborczej Polski, z uwzgl\u0119dnieniem wynik\u00f3w ostatnich wybor\u00f3w parlamentarnych\u00a0\u2013\u00a0dr Magdalena Skorupska<\/strong><\/span><\/p>\n<p>Wybory s\u0105 istot\u0105 demokracji, pozwalaj\u0105 nam wyrazi\u0107 swoje pogl\u0105dy, cz\u0119sto nieu\u015bwiadomione. Warto si\u0119 jednak zastanowi\u0107 z czego nasze pogl\u0105dy wynikaj\u0105? Dlaczego mieszka\u0144cy Polski zachodniej g\u0142osuj\u0105 inaczej ni\u017c mieszka\u0144cy po\u0142udnia? Czym r\u00f3\u017cni\u0105 si\u0119 wyborcy mieszkaj\u0105cy w miastach od tych z przedmie\u015b\u0107 i obszar\u00f3w wiejskich? Dlaczego wi\u0119cej niewa\u017cnych g\u0142os\u00f3w jest w Polsce p\u00f3\u0142nocno-zachodniej, a najni\u017csza frekwencja odnotowywana jest w wojew\u00f3dztwie opolskim? I czy ostatnie wybory w jakikolwiek spos\u00f3b r\u00f3\u017cni\u0142y si\u0119 od poprzednich? Na powy\u017csze pytania postaramy si\u0119 odpowiedzie\u0107 podczas wyk\u0142adu.<\/p>\n<hr \/>\n<p><span style=\"color: #0000ff;\"><strong>23 listopada, godz. 12.15-13.15\u00a0 \u00a0Kolumbia \u2013 kraina \u017c\u00f3\u0142tego i czarnego z\u0142ota<\/strong>\u00a0\u2013\u00a0<strong>dr Tomasz Zaborowski\u00a0<\/strong><\/span><\/p>\n<p>Czy Medellin nadal jest najniebezpieczniejszym miastem \u015bwiata jak za czas\u00f3w Pablo Escobara? Jak\u00a0\u017cyje si\u0119 w po\u0142udniowoameryka\u0144skich dzielnicach biedy? Czy metrobus to metro czy autobus? Czy w\u00a0pustyni i w puszczy mo\u017cna by\u0107 tego samego dnia? Co to jest guanabana? Na te i inne geograficzne,\u00a0spo\u0142eczne i kulturowe pytania odpowiemy sobie na wyk\u0142adzie o mitycznym El Dorado \u2013 krainie z\u0142ota\u00a0o r\u00f3\u017cnych barwach i smakach.<\/p>\n<hr \/>\n<p><span style=\"color: #0000ff;\"><strong>7 grudnia 9.00-10.00\u00a0\u00a0<\/strong>\u00a0<strong>Krenologia w pigu\u0142ce, czyli o \u017ar\u00f3d\u0142ach okiem hydrologa\u00a0\u2013\u00a0<\/strong><strong>dr Maksym \u0141aszewski<\/strong><\/span><\/p>\n<p>\u0179r\u00f3d\u0142a nale\u017c\u0105 do unikalnych i jednocze\u015bnie interesuj\u0105cych poznawczo obiekt\u00f3w geograficznych, b\u0119d\u0105cych \u0142\u0105cznikiem podziemnego i powierzchniowego obiegu wody. Pe\u0142nienie zr\u00f3\u017cnicowanych funkcji \u2013 gospodarczych, leczniczych, krajobrazowych oraz kulturowych \u2013 decyduje o ich szczeg\u00f3lnym znaczeniu dla cz\u0142owieka. W trakcie wyk\u0142adu postaramy si\u0119 bli\u017cej pozna\u0107 \u017ar\u00f3d\u0142a i ich zr\u00f3\u017cnicowanie pod k\u0105tem geologicznym, hydrologicznym i hydrochemicznym, a tak\u017ce przyjrzymy si\u0119 metodom bada\u0144 krenologicznych na przyk\u0142adzie prac prowadzonych w Zak\u0142adzie Hydrologii WGSR UW.<\/p>\n<hr \/>\n<p><span style=\"color: #0000ff;\"><strong>14 grudnia godz. 11.00-12.00\u00a0\u00a0<\/strong>\u00a0<strong>Kresy Zachodnie \u2013 wzd\u0142u\u017c Nysy \u0141u\u017cyckiej i Odry\u00a0 \u2013\u00a0<\/strong><strong>dr Piotr Kociszewski<\/strong><\/span><\/p>\n<p>Zapraszamy do wsp\u00f3lnej w\u0119dr\u00f3wki wzd\u0142u\u017c obecnej zachodniej granicy Polski, wyznaczonej dolinami rzek \u2013 Nysy \u0141u\u017cyckiej i Odry, kt\u00f3r\u0105 czasem okre\u015bla si\u0119 \u201cKresami Zachodnimi\u201d.\u00a0 To swoisty\u00a0klimat dawnego i obecnego pogranicza: ziem przed tysi\u0105cleciem s\u0142owia\u0144skich, potem przez wieki oddychaj\u0105cych niemczyzn\u0105 a w XX wieku zasiedlonych przybyszami z dalekiego Wo\u0142ynia, Podola i Ziemi Lwowskiej. Przed nami ciekawe miasta, miasteczka, ale i unikatowe krajobrazowe za\u0142o\u017cenia wpisane na List\u0119 UNESCO, a\u017c wreszcie per\u0142y przyrody.<\/p>\n<hr \/>\n<p><span style=\"color: #0000ff;\"><strong>11 stycznia 2024,\u00a0 godz.11.00-12.00\u00a0\u00a0<\/strong><strong>Uwarunkowania rozwoju turystyki w Chorwacji\u00a0 \u00a0<em>\u2013<\/em><\/strong><strong>\u00a0 dr hab. Katarzyna Podhorodecka\u00a0<\/strong>\u00a0<\/span><\/p>\n<p>Na wyk\u0142adzie zostan\u0105 om\u00f3wione uwarunkowania przyrodnicze i kulturowe rozwoju turystyki w Chorwacji.\u00a0Zostan\u0105 wskazane g\u0142\u00f3wne turystyczne regiony, a tak\u017ce zostanie om\u00f3wiona strategia rozwoju turystyki oraz ekonomiczne znaczenie tego sektora dla rozwoju gospodarczego kraju. Ukazane zostan\u0105\u00a0r\u00f3wnie\u017c g\u0142\u00f3wne dzia\u0142ania promocyjne sprzyjaj\u0105ce budowie wizerunku turystycznego Chorwacji.<\/p>\n<\/div>\n","protected":false},"excerpt":{"rendered":"<p>PROGRAM WYK\u0141AD\u00d3W W SEMESTRZE letnim 2023\/2024 23 lutego, godz. 12.00-13.00\u00a0Zmiany i zmienno\u015b\u0107 klimatu\u00a0\u2013 prof. ucz. Elwira \u017bmudzka Wyk\u0142ad b\u0119dzie po\u015bwi\u0119cony zagadnieniu zmian i zmienno\u015bci klimatu w r\u00f3\u017cnych skalach przestrzennych. B\u0119dziemy poszukiwa\u0107 odpowiedzi na pytania: czy termin zmienno\u015b\u0107 klimatu jest synonimem poj\u0119cia zmiana klimatu, czy zmienno\u015b\u0107 klimatu mo\u017ce podlega\u0107 zmianom, czy trendy to dominuj\u0105ca forma zmian&hellip;<\/p>\n","protected":false},"author":2,"featured_media":0,"parent":0,"menu_order":0,"comment_status":"closed","ping_status":"closed","template":"","meta":{"_themeisle_gutenberg_block_has_review":false,"footnotes":""},"class_list":["post-1322","page","type-page","status-publish","hentry"],"_links":{"self":[{"href":"https:\/\/geograficzne.spotkania.wgsr.uw.edu.pl\/index.php?rest_route=\/wp\/v2\/pages\/1322","targetHints":{"allow":["GET"]}}],"collection":[{"href":"https:\/\/geograficzne.spotkania.wgsr.uw.edu.pl\/index.php?rest_route=\/wp\/v2\/pages"}],"about":[{"href":"https:\/\/geograficzne.spotkania.wgsr.uw.edu.pl\/index.php?rest_route=\/wp\/v2\/types\/page"}],"author":[{"embeddable":true,"href":"https:\/\/geograficzne.spotkania.wgsr.uw.edu.pl\/index.php?rest_route=\/wp\/v2\/users\/2"}],"replies":[{"embeddable":true,"href":"https:\/\/geograficzne.spotkania.wgsr.uw.edu.pl\/index.php?rest_route=%2Fwp%2Fv2%2Fcomments&post=1322"}],"version-history":[{"count":3,"href":"https:\/\/geograficzne.spotkania.wgsr.uw.edu.pl\/index.php?rest_route=\/wp\/v2\/pages\/1322\/revisions"}],"predecessor-version":[{"id":1325,"href":"https:\/\/geograficzne.spotkania.wgsr.uw.edu.pl\/index.php?rest_route=\/wp\/v2\/pages\/1322\/revisions\/1325"}],"wp:attachment":[{"href":"https:\/\/geograficzne.spotkania.wgsr.uw.edu.pl\/index.php?rest_route=%2Fwp%2Fv2%2Fmedia&parent=1322"}],"curies":[{"name":"wp","href":"https:\/\/api.w.org\/{rel}","templated":true}]}}