{"id":1139,"date":"2023-12-22T19:43:50","date_gmt":"2023-12-22T19:43:50","guid":{"rendered":"https:\/\/geograficzne.spotkania.wgsr.uw.edu.pl\/?page_id=1139"},"modified":"2024-03-12T22:58:26","modified_gmt":"2024-03-12T22:58:26","slug":"jubileuszowy-konkurs","status":"publish","type":"page","link":"https:\/\/geograficzne.spotkania.wgsr.uw.edu.pl\/?page_id=1139","title":{"rendered":"Jubileuszowy konkurs"},"content":{"rendered":"<div class=\"entry-content\">\n<p>&nbsp;<\/p>\n<p><span style=\"color: #000000;\">Szanowni Pa\u0144stwo,<\/span><\/p>\n<p><span style=\"color: #000000;\">Rozstrzygn\u0119ll\u015bmy<\/span> <strong><span style=\"color: #0000ff;\">JUBILEUSZOWY KONKURS, <\/span><\/strong><span style=\"color: #0000ff;\"><span style=\"color: #000000;\">kt\u00f3ry og\u0142osili\u015bm<\/span><\/span><span style=\"color: #000000;\">y <\/span><strong>\u00a0z<\/strong><strong>\u00a0okazji\u00a0<span style=\"color: #0000ff;\">15-lecia Geograficznych Spotka\u0144\u00a0<\/span>na Krakowskim.<\/strong><\/p>\n<p><img loading=\"lazy\" decoding=\"async\" class=\"size-medium wp-image-1089 alignright\" src=\"https:\/\/wgsr.uw.edu.pl\/geograficzne_spotkania\/wp-content\/uploads\/2023\/10\/Logo_15-lat-300x282.png\" sizes=\"auto, (max-width: 300px) 100vw, 300px\" srcset=\"https:\/\/old.wgsr.uw.edu.pl\/geograficzne_spotkania\/wp-content\/uploads\/2023\/10\/Logo_15-lat-300x282.png 300w, https:\/\/old.wgsr.uw.edu.pl\/geograficzne_spotkania\/wp-content\/uploads\/2023\/10\/Logo_15-lat.png 748w\" alt=\"\" width=\"300\" height=\"282\" \/><span style=\"color: #000000;\">Udzia\u0142 w Konkursie polega\u0142 na przygotowywaniu eseju o tematyce geograficznej, powi\u0105zanej z tematyk\u0105 wyk\u0142ad\u00f3w wyg\u0142oszonych w semestrze zimowym 2023\/2024. Tematy esej\u00f3w og\u0142aszali\u015bmy na platformie Zoom podczas kolejnych wyk\u0142ad\u00f3w w semestrze zimowym 2023\/2024. Spo\u015br\u00f3d zg\u0142oszonych prac na warsztaty\u00a0 zosta\u0142y zakwalifikowanych 7 zespo\u0142\u00f3w uczniowskich.<\/span><\/p>\n<p><em><a href=\"https:\/\/geograficzne.spotkania.wgsr.uw.edu.pl\/wp-content\/uploads\/2023\/12\/Zasady_Konkursu_Jubileuszowego_.pdf\"><span style=\"color: #000000;\">ZASADY_KONKURSU_JUBILEUSZOWEGO_<\/span><\/a><\/em><\/p>\n<p>&#8212;&#8212;&#8212;&#8212;&#8212;&#8212;&#8212;&#8212;&#8212;&#8212;&#8212;&#8212;&#8212;&#8212;&#8212;&#8212;&#8212;&#8212;&#8212;&#8212;&#8212;&#8212;&#8212;&#8212;&#8212;&#8212;&#8212;&#8212;&#8212;&#8212;&#8212;&#8212;&#8212;&#8212;&#8212;&#8212;&#8212;&#8212;&#8212;&#8212;-<\/p>\n<h6><span style=\"color: #0000ff;\"><strong>Prace zakwalifikowane na warsztaty<\/strong><\/span><\/h6>\n<ul>\n<li>E3C5<\/li>\n<li>C1S3<\/li>\n<li>C3E4<\/li>\n<li>C3D7<\/li>\n<li>H6K2<\/li>\n<li>J2M1<\/li>\n<li>J8N9<\/li>\n<\/ul>\n<p><span style=\"color: #000000;\"><strong>Laureaci<\/strong> <strong>wezm\u0105 udzia\u0142 w 1-dniowych warsztatach geograficznych<\/strong>, kt\u00f3re odb\u0119d\u0105 si\u0119 na WGSR 12 kwietnia 2024 roku.<br \/>\nDo uczestnictwa zaprosili\u015bmy tak\u017ce 2-osobowe <strong>zespo\u0142y z najbardziej aktywnych warszawskich szk\u00f3\u0142 obj\u0119tych patronatem WGSR<\/strong>.<\/span><\/p>\n<hr \/>\n<p>&nbsp;<\/p>\n<p>&nbsp;<\/p>\n<p>&nbsp;<\/p>\n<\/div>\n<footer class=\"entry-footer\"><span class=\"edit-link\"><a class=\"post-edit-link\" href=\"https:\/\/old.wgsr.uw.edu.pl\/geograficzne_spotkania\/wp-admin\/post.php?post=1083&amp;action=edit\"><span class=\"screen-reader-text\">&#8222;Jubileuszowy Konkurs na 15-lecie Geograficznych Spotka\u0144&#8221;<\/span><\/a><\/span><\/footer>\n","protected":false},"excerpt":{"rendered":"<p>&nbsp; Szanowni Pa\u0144stwo, Rozstrzygn\u0119ll\u015bmy JUBILEUSZOWY KONKURS, kt\u00f3ry og\u0142osili\u015bmy \u00a0z\u00a0okazji\u00a015-lecia Geograficznych Spotka\u0144\u00a0na Krakowskim. Udzia\u0142 w Konkursie polega\u0142 na przygotowywaniu eseju o tematyce geograficznej, powi\u0105zanej z tematyk\u0105 wyk\u0142ad\u00f3w wyg\u0142oszonych w semestrze zimowym 2023\/2024. Tematy esej\u00f3w og\u0142aszali\u015bmy na platformie Zoom podczas kolejnych wyk\u0142ad\u00f3w w semestrze zimowym 2023\/2024. Spo\u015br\u00f3d zg\u0142oszonych prac na warsztaty\u00a0 zosta\u0142y zakwalifikowanych 7 zespo\u0142\u00f3w uczniowskich. ZASADY_KONKURSU_JUBILEUSZOWEGO_&hellip;<\/p>\n","protected":false},"author":2,"featured_media":0,"parent":0,"menu_order":0,"comment_status":"closed","ping_status":"closed","template":"","meta":{"_themeisle_gutenberg_block_has_review":false,"footnotes":""},"class_list":["post-1139","page","type-page","status-publish","hentry"],"_links":{"self":[{"href":"https:\/\/geograficzne.spotkania.wgsr.uw.edu.pl\/index.php?rest_route=\/wp\/v2\/pages\/1139","targetHints":{"allow":["GET"]}}],"collection":[{"href":"https:\/\/geograficzne.spotkania.wgsr.uw.edu.pl\/index.php?rest_route=\/wp\/v2\/pages"}],"about":[{"href":"https:\/\/geograficzne.spotkania.wgsr.uw.edu.pl\/index.php?rest_route=\/wp\/v2\/types\/page"}],"author":[{"embeddable":true,"href":"https:\/\/geograficzne.spotkania.wgsr.uw.edu.pl\/index.php?rest_route=\/wp\/v2\/users\/2"}],"replies":[{"embeddable":true,"href":"https:\/\/geograficzne.spotkania.wgsr.uw.edu.pl\/index.php?rest_route=%2Fwp%2Fv2%2Fcomments&post=1139"}],"version-history":[{"count":34,"href":"https:\/\/geograficzne.spotkania.wgsr.uw.edu.pl\/index.php?rest_route=\/wp\/v2\/pages\/1139\/revisions"}],"predecessor-version":[{"id":1247,"href":"https:\/\/geograficzne.spotkania.wgsr.uw.edu.pl\/index.php?rest_route=\/wp\/v2\/pages\/1139\/revisions\/1247"}],"wp:attachment":[{"href":"https:\/\/geograficzne.spotkania.wgsr.uw.edu.pl\/index.php?rest_route=%2Fwp%2Fv2%2Fmedia&parent=1139"}],"curies":[{"name":"wp","href":"https:\/\/api.w.org\/{rel}","templated":true}]}}