{"id":1116,"date":"2023-09-27T22:03:48","date_gmt":"2023-09-27T20:03:48","guid":{"rendered":"https:\/\/wgsr.uw.edu.pl\/geograficzne_spotkania\/?page_id=1023"},"modified":"2023-09-27T22:03:48","modified_gmt":"2023-09-27T20:03:48","slug":"rok-2022-2023","status":"publish","type":"page","link":"https:\/\/geograficzne.spotkania.wgsr.uw.edu.pl\/?page_id=1116","title":{"rendered":"Rok 2022\/2023"},"content":{"rendered":"<p style=\"text-align: center;\"><span style=\"color: #000000;\"><strong style=\"font-size: 16px; text-align: center;\">PROGRAM ZREALIZOWANY SEMESTRZE ZIMOWYM 2022\/2023 <\/strong><\/span><\/p>\n<p>\u00a0<span style=\"color: #000000;\"><strong>13 X 2022 godz. 10.00 <\/strong><\/span><strong><span style=\"color: #0000ff;\">Wsp\u00f3\u0142czesne zmiany \u015brodowiska przyrodniczego w strefach polarnych<\/span> &#8211; <span style=\"color: #000000;\"> dr hab. Maciej D\u0105bski, prof. uczelni<\/span><\/strong><br \/>\n<span style=\"color: #000000;\">Obszary polarne najsilniej reaguj\u0105 na ocieplenie klimatu Ziemi i jednocze\u015bnie proces ten wzmacniaj\u0105 zmieniaj\u0105c: 1) bilans promieniowania poprzez zmian\u0119 albedo Ziemi oraz 2) st\u0119\u017cenie gaz\u00f3w cieplarnianych poprzez degradacj\u0119 wieloletniej zmarzliny. Zanik lodu morskiego, lodu lodowcowego i wieloletniej zmarzliny poci\u0105ga za sob\u0105 szereg problem\u00f3w \u015brodowiskowych z jakimi mierzy si\u0119 cz\u0142owiek (np. osiadanie gruntu pod budynkami, lawiny lodowo-b\u0142otne w g\u00f3rach, powodzie glacjalne), zmian\u0119 ekosystem\u00f3w l\u0105dowych i morskich (zmienia si\u0119 zasi\u0119g wyst\u0119powania gatunk\u00f3w fauny i flory). R\u00f3wnocze\u015bnie otwieraj\u0105 si\u0119 nowe perspektywy rozwoju osadnictwa, rolnictwa, przemys\u0142u, powstaj\u0105 nowe szlaki \u017ceglowne. Towarzyszy temu niestety post\u0119puj\u0105ce zanieczyszczenie \u015brodowiska przyrodniczego.<\/span><\/p>\n<p><strong><span style=\"color: #000000;\">27 X 2022 godz. 11.00<\/span> <\/strong><strong><span style=\"color: #0000ff;\">Renaturyzacja, rewitalizacja, utrzymanie, samooczyszczanie<\/span> <span style=\"color: #0000ff;\">rzek<\/span>&#8211; <span style=\"color: #000000;\">dr Jaros\u0142aw Sucho\u017cebrski\u00a0<\/span><\/strong><br \/>\n<span style=\"color: #000000;\">W kontek\u015bcie katastrofy ekologicznej na Odrze pojawiaj\u0105 si\u0119 pytania czy w przysz\u0142o\u015bci mo\u017cemy zapobiega\u0107 takim sytuacjom? Czy takie sytuacje b\u0119d\u0105 zdarza\u0107 si\u0119 cz\u0119\u015bciej? Kiedy mo\u017cemy powiedzie\u0107, \u017ce rzeka charakteryzuje si\u0119 dobrym stanem? Czy zanieczyszczona rzeka mo\u017ce sama wr\u00f3ci\u0107 do stanu r\u00f3wnowagi? Jakie dzia\u0142ania cz\u0142owieka w tym pomagaj\u0105, a jakie szkodz\u0105? Podczas wyk\u0142adu spr\u00f3bujemy odpowiedzie\u0107 sobie na powy\u017csze pytania &#8230;<\/span><\/p>\n<p><strong><span style=\"color: #000000;\">17 XI 2022 godz. 10.00<\/span> <\/strong><strong><span style=\"color: #0000ff;\">Odbudowa sektora turystycznego w Polsce i na \u015bwiecie po pandemii COVID-19<\/span> &#8211; <\/strong><span style=\"color: #000000;\"><strong>dr hab. Katarzyna Podhorodecka<\/strong><\/span><br \/>\n<span style=\"color: #000000;\">Celem wyk\u0142adu jest przedstawienie, w jaki spos\u00f3b sektor turystyczny odbudowa\u0142 si\u0119 po pandemii COVID-19, jakie typy turystyki by\u0142y popularne w okresie postpandemicznym oraz w jaki spos\u00f3b zmienia\u0142y si\u0119 preferencj\u0119 turyst\u00f3w dotycz\u0105ce wyjazd\u00f3w turystycznych.<\/span><\/p>\n<p><strong><span style=\"color: #000000;\">7 XII 2022 godz. 10.00<\/span> <span style=\"color: #0000ff;\">Co to jest urbanistyka?<\/span><span style=\"color: #000000;\"> &#8211; <\/span><\/strong><span style=\"color: #000000;\"><strong> dr in\u017c. arch. Tomasz Zaborowski\u00a0<\/strong><\/span><br \/>\n<span style=\"color: #000000;\">Na wyk\u0142adzie dowiemy si\u0119, czym jest urbanistyka i planowanie przestrzenne. Dowiemy si\u0119, jak powinno si\u0119 planowa\u0107 miasta, \u017ceby zapewnia\u0142y wysok\u0105 jako\u015b\u0107 \u017cycia. Zastanowimy si\u0119, jak to, czym je\u017adzimy wp\u0142ywa na to, gdzie mieszkamy i odwrotnie. Dowiemy si\u0119, dlaczego m\u0142odzie\u017c w Polsce jest odwo\u017cona do szko\u0142y, a w miastach Europy Zachodniej niekoniecznie. Odpowiemy sobie na pytanie, czy s\u0105 miasta, w kt\u00f3rych wsz\u0119dzie da si\u0119 wygodnie dojecha\u0107 rowerem. Dowiemy si\u0119, co to jest transport zr\u00f3wnowa\u017cony, pier\u015bcienie zielone i na czym polega miasto zwarte.<\/span><\/p>\n<p><strong><span style=\"color: #000000;\">12 I 2023 godz. 10.00<\/span> <span style=\"color: #0000ff;\"> S\u0142owenia &#8211; mi\u0142osna miniatura Europy <\/span><\/strong> &#8211; <span style=\"color: #000000;\"><strong>dr Piotr Kociszewski\u00a0<\/strong><\/span><br \/>\n<span style=\"color: #000000;\">S\u0141OWENIA \u2013 MI\u0141OSNA MINIATURA EUROPY \u2013 to opowie\u015b\u0107, o kraju, kt\u00f3ry w wielu swoich nazwach zawiera mi\u0142o\u015b\u0107, a z drugiej strony \u2013 mimo ma\u0142ego rozmiaru prezentuje ca\u0142\u0105 gam\u0119 europejskich krajobraz\u00f3w \u2013 od szczyt\u00f3w Alp, poprzez ogromne jaskinie, a\u017c po wybrze\u017ce Morza Adriatyckiego<\/span>.<\/p>\n<h4 style=\"text-align: center;\"><span style=\"color: #000000;\"><strong style=\"font-size: 16px; text-align: center;\">PROGRAM ZREALIZOWANY W SEMESTRZE letnim 2022\/2023<\/strong><\/span><\/h4>\n<p><span style=\"color: #000000;\"><strong>2 III 2023 godz. 10.00-11.00 <span style=\"color: #0000ff;\">Parki narodowe w Polsce i na \u015bwiecie &#8211; znaczenie dla ruchu turystycznego<\/span><\/strong> <strong>&#8211; dr hab. Katarzyna Podhorodecka<\/strong><\/span><\/p>\n<p><span style=\"color: #000000;\">Na wyk\u0142adzie om\u00f3wione zostan\u0105 podstawowe formy ochrony przyrody w Polsce, a tak\u017ce w wybranych krajach na \u015bwiecie. S\u0142uchacze zapoznaj\u0105 si\u0119 z charakterystyk\u0105 wybranych park\u00f3w narodowych w Polsce (Bia\u0142owieski, Biebrza\u0144ski) i w Stanach Zjednoczonych (Yellowstone, Yosemite, Badlands, Sequoia, Mesa Verde) oraz w Kanadzie (Jasper) pod k\u0105tem ruchu turystycznego. Charakterystyka zjawiska turystyki w parkach narodowych zostanie om\u00f3wiona zgodnie z koncepcj\u0105 rozwoju zr\u00f3wnowa\u017conego. Wyk\u0142ad uka\u017ce tak\u017ce znaczenie park\u00f3w narodowych w rozwoju turystyki przyrodniczej oraz ekoturystyki w Polsce i na \u015bwiecie. B\u0119dziemy poszukiwa\u0107 odpowiedzi na pytania: dlaczego w\u0142a\u015bnie turystyka na obszarach cennych przyrodniczo by\u0142a najbardziej popularna podczas pandemii COVID-19? Jakie s\u0105 perspektywy rozwoju turystyki na obszarach chronionych i w jaki spos\u00f3b rozwija\u0107 turystyk\u0119, aby pogodzi\u0107 czynnik ekonomiczny z ekologicznym?\u00a0<\/span><\/p>\n<p><span style=\"color: #000000;\"><strong>16 III 2023 godz. 10.00-11.00 <span style=\"color: #0000ff;\">Wp\u0142yw<\/span><\/strong><span style=\"color: #0000ff;\"> <strong>zmian klimatu na zasoby wodne<\/strong><\/span> <strong>&#8211; dr J. Sucho\u017cebrski<\/strong><\/span><br \/>\n<span style=\"color: #000000;\">Klimat zmienia si\u0119 w coraz szybszym tempie. Jaki to ma wp\u0142yw na zasoby wodne naszego kraju? Co nas czeka w przysz\u0142o\u015bci? Jakie gro\u017c\u0105 nam problemy dotycz\u0105ce wody? Czy mo\u017cemy temu przeciwdzia\u0142a\u0107? A mo\u017ce musimy si\u0119 do tego przyzwyczai\u0107 i zaadaptowa\u0107? Na te pytania spr\u00f3bujemy odpowiedzie\u0107 podczas naszych zaj\u0119\u0107.<\/span><\/p>\n<p><span style=\"color: #000000;\"><strong>30 III 2023 godz. 9.30-10.30 <span style=\"color: #0000ff;\">LITWO OJCZYZNO MOJA &#8211; czyli po Wilnie i Litwie szlakiem nie tylko literackim<\/span> &#8211; dr Piotr Kociszewski\u00a0<\/strong><\/span><br \/>\n<span style=\"color: #000000;\">Zapraszamy w podr\u00f3\u017c po Litwie, w kt\u00f3rej b\u0119dziemy odkrywa\u0107 wi\u0119zy \u0142\u0105cz\u0105cej nas historii i kultury. Odwiedzimy nie tylko Wilno, Kowno, Druskienniki i Troki, ale tak\u017ce dalsze zak\u0105tki, jak Mierzej\u0119 Kuro\u0144sk\u0105. W \u015blad za s\u0142owami Inwokacji z \u201ePana Tadeusza\u201d b\u0119dziemy odkrywa\u0107 pi\u0119kno kulturowe i pi\u0119kno przyrody naszego p\u00f3\u0142nocno-wschodniego s\u0105siada.<\/span><\/p>\n<p><span style=\"color: #000000;\"><strong>12 IV 2023 godz. 11.00 \u2013 12.00 <\/strong><span style=\"color: #0000ff;\"><strong>Satelitarny monitoring Ziemi<\/strong><\/span><strong> \u2013 dr in\u017c. Adrian Ochtyra\u00a0<\/strong><\/span><br \/>\n<span style=\"color: #000000;\">Pocz\u0105tki wykorzystania satelit\u00f3w do obserwacji Ziemi si\u0119gaj\u0105 ko\u0144ca lat 50. XX w. Pierwsze zdj\u0119cie Ziemi z kosmosu wykonane zosta\u0142o w 1959 roku przez satelit\u0119 Explorer-6. Powstanie i rozw\u00f3j satelitarnych technik obserwacji Ziemi umo\u017cliwi\u0142y pozyskiwanie informacji o \u015brodowisku w spos\u00f3b ci\u0105g\u0142y, powtarzalny i obiektywny dla ca\u0142ego globu. W ostatnich latach nast\u0105pi\u0142 gwa\u0142towny wzrost liczby satelit\u00f3w obserwacyjnych w zwi\u0105zku z post\u0119pem technologicznym oraz zwi\u0119kszeniem zainteresowania w ich wykorzystaniu. Podczas prelekcji zostan\u0105 om\u00f3wione: historia \u201eery kosmicznej\u201d, podstawy funkcjonowania satelit\u00f3w obserwacyjnych oraz metody rejestracji obraz\u00f3w. Zaprezentowane zostan\u0105 r\u00f3wnie\u017c wybrane satelitarne systemy s\u0142u\u017c\u0105ce do obserwacji Ziemi wraz z przyk\u0142adami zastosowa\u0144 danych przez nie pozyskiwanych.<\/span><\/p>\n<p><span style=\"color: #000000;\"><strong>20 IV 2023 10.00-11.00 <\/strong><span style=\"color: #0000ff;\"><strong>Geografia wyborcza Polski \u2013 czyli o preferencjach politycznych Polak\u00f3w<\/strong><\/span><strong> &#8211; dr <\/strong><strong>Magdalena Skorupska\u00a0<\/strong><\/span><br \/>\n<span style=\"color: #000000;\">Jak kszta\u0142tuj\u0105 si\u0119 wyniki wybor\u00f3w w Polsce w uj\u0119ciu przestrzennym? Jak nasze preferencje wyborcze zmienia\u0142y si\u0119 w czasie? I jakie wnioski mo\u017cemy wyci\u0105gn\u0105\u0107 poddaj\u0105c analizie mapy wyborcze? W trakcie wyst\u0105pienia om\u00f3wione zostan\u0105 zagadnienia z zakresu geografii wyborczej Polski ze szczeg\u00f3lnym uwzgl\u0119dnieniem frekwencji oraz wynik\u00f3w wybor\u00f3w prezydenckich, parlamentarnych i europarlamentarnych w pierwszych dw\u00f3ch dekadach XXI wieku.<\/span> Bez zmian: <span style=\"color: #000000;\">Jak kszta\u0142tuj\u0105 si\u0119 wyniki wybor\u00f3w w Polsce w uj\u0119ciu przestrzennym? Jak nasze preferencje wyborcze zmienia\u0142y si\u0119 w czasie? I jakie wnioski mo\u017cemy wyci\u0105gn\u0105\u0107 poddaj\u0105c analizie mapy wyborcze? W trakcie wyst\u0105pienia om\u00f3wione zostan\u0105 zagadnienia z zakresu geografii wyborczej Polski ze szczeg\u00f3lnym uwzgl\u0119dnieniem frekwencji oraz wynik\u00f3w wybor\u00f3w prezydenckich, parlamentarnych i europarlamentarnych w pierwszych dw\u00f3ch dekadach XXI wieku.<\/span><\/p>\n<p><span style=\"color: #000000;\"><strong>19 V 2023 9.30-10.30 <span style=\"color: #0000ff;\">Systemy Informacji Geograficznej &#8211; czym s\u0105 i jakie s\u0105 ich zastosowania?<\/span> &#8211; dr Paulina Pokojska<\/strong><\/span><br \/>\n<span style=\"color: #000000;\">Na wyk\u0142adzie s\u0142uchacze dowiedz\u0105 si\u0119, czym s\u0105 Systemy Informacji Geograficznej (GIS), do czego s\u0142u\u017c\u0105 i w jakich celach s\u0105 wykorzystywane w badaniach geograficznych. S\u0142uchacze zapoznaj\u0105 si\u0119 z poj\u0119ciem i podstawowymi modelami danych przestrzennych, wybranymi \u017ar\u00f3d\u0142ami tych danych i przyk\u0142adowymi analizami prowadzonymi z wykorzystaniem oprogramowania GIS.<\/span><\/p>\n<p>&nbsp;<\/p>\n","protected":false},"excerpt":{"rendered":"<p>PROGRAM ZREALIZOWANY SEMESTRZE ZIMOWYM 2022\/2023 \u00a013 X 2022 godz. 10.00 Wsp\u00f3\u0142czesne zmiany \u015brodowiska przyrodniczego w strefach polarnych &#8211; dr hab. Maciej D\u0105bski, prof. uczelni Obszary polarne najsilniej reaguj\u0105 na ocieplenie klimatu Ziemi i jednocze\u015bnie proces ten wzmacniaj\u0105 zmieniaj\u0105c: 1) bilans promieniowania poprzez zmian\u0119 albedo Ziemi oraz 2) st\u0119\u017cenie gaz\u00f3w cieplarnianych poprzez degradacj\u0119 wieloletniej zmarzliny. Zanik&hellip;<\/p>\n","protected":false},"author":2,"featured_media":0,"parent":0,"menu_order":0,"comment_status":"closed","ping_status":"closed","template":"","meta":{"_themeisle_gutenberg_block_has_review":false,"footnotes":""},"class_list":["post-1116","page","type-page","status-publish","hentry"],"_links":{"self":[{"href":"https:\/\/geograficzne.spotkania.wgsr.uw.edu.pl\/index.php?rest_route=\/wp\/v2\/pages\/1116","targetHints":{"allow":["GET"]}}],"collection":[{"href":"https:\/\/geograficzne.spotkania.wgsr.uw.edu.pl\/index.php?rest_route=\/wp\/v2\/pages"}],"about":[{"href":"https:\/\/geograficzne.spotkania.wgsr.uw.edu.pl\/index.php?rest_route=\/wp\/v2\/types\/page"}],"author":[{"embeddable":true,"href":"https:\/\/geograficzne.spotkania.wgsr.uw.edu.pl\/index.php?rest_route=\/wp\/v2\/users\/2"}],"replies":[{"embeddable":true,"href":"https:\/\/geograficzne.spotkania.wgsr.uw.edu.pl\/index.php?rest_route=%2Fwp%2Fv2%2Fcomments&post=1116"}],"version-history":[{"count":0,"href":"https:\/\/geograficzne.spotkania.wgsr.uw.edu.pl\/index.php?rest_route=\/wp\/v2\/pages\/1116\/revisions"}],"wp:attachment":[{"href":"https:\/\/geograficzne.spotkania.wgsr.uw.edu.pl\/index.php?rest_route=%2Fwp%2Fv2%2Fmedia&parent=1116"}],"curies":[{"name":"wp","href":"https:\/\/api.w.org\/{rel}","templated":true}]}}