{"id":1029,"date":"2020-05-06T14:54:13","date_gmt":"2020-05-06T12:54:13","guid":{"rendered":"http:\/\/wgsr.uw.edu.pl\/geograficzne_spotkania\/?page_id=47"},"modified":"2024-02-09T21:00:36","modified_gmt":"2024-02-09T21:00:36","slug":"o-nas","status":"publish","type":"page","link":"https:\/\/geograficzne.spotkania.wgsr.uw.edu.pl\/?page_id=1029","title":{"rendered":"Informacje o wyk\u0142adach"},"content":{"rendered":"<h4 class=\"has-text-color has-medium-font-size\"><span style=\"color: #000000;\"><strong>INFORMACJE O WYK\u0141ADACH<\/strong><\/span><\/h4>\n<p class=\"has-text-color has-very-dark-gray-color\"><span style=\"color: #000000;\">Wydzia\u0142 Geografii i Studi\u00f3w Regionalnych serdecznie zaprasza uczni\u00f3w szk\u00f3\u0142 ponadpodstawowych,\u00a0 starszych klas szko\u0142y podstawowej oraz nauczycieli na\u00a0<span style=\"color: #0000ff;\"><strong>wyk\u0142ady po\u015bwi\u0119cone r\u00f3\u017cnorodnym zagadnieniom geograficznym<\/strong>.<\/span> Wyk\u0142ady maj\u0105 na celu zainteresowanie s\u0142uchaczy otaczaj\u0105cym ich \u015bwiatem, zar\u00f3wno bliskim, jak i dalekim, oraz poszerzenie wiedzy geograficznej.<\/span><\/p>\n<p class=\"has-text-color has-very-dark-gray-color\"><span style=\"color: #000000;\">Do marca 2020 roku wyk\u0142ady odbywa\u0142y zwyczajowo w wybrane czwartki w siedzibie Wydzia\u0142u Geografii i Studi\u00f3w Regionalnych na Kampusie G\u0142\u00f3wnym UW.<strong>\u00a0\u00a0<\/strong>Sytuacja pandemiczna spowodowa\u0142a, i\u017c od pa\u017adziernika 2020 r.\u00a0 spotkania s\u0105 prowadzone w formie zdalnej.\u00a0Do chwili obecnej\u00a0 forma zdalna wyk\u0142ad\u00f3w zosta\u0142a podtrzymana.\u00a0<\/span><\/p>\n<p class=\"has-text-color has-very-dark-gray-color\"><span style=\"color: #000000;\">Zg\u0142oszenia ze wskazaniem wybranych prelekcji i liczby uczni\u00f3w prosimy przesy\u0142a\u0107 na adres\u00a0<a style=\"color: #000000;\" href=\"mailto:geograficzne.spotkania@uw.edu.pl\"><strong>geograficzne.spotkania@uw.edu.pl<\/strong><\/a>.<\/span><\/p>\n<p class=\"has-text-color has-very-dark-gray-color\"><span style=\"color: #000000;\">Wi\u0119cej szczeg\u00f3\u0142\u00f3w zamieszczamy w zak\u0142adce\u00a0<em><strong><a style=\"color: #000000;\" href=\"https:\/\/geograficzne.spotkania.wgsr.uw.edu.pl\/?page_id=1028\" target=\"_blank\" rel=\"noopener noreferrer\">Kontakt i zapisy<\/a>.<\/strong><\/em><\/span><\/p>\n","protected":false},"excerpt":{"rendered":"<p>INFORMACJE O WYK\u0141ADACH Wydzia\u0142 Geografii i Studi\u00f3w Regionalnych serdecznie zaprasza uczni\u00f3w szk\u00f3\u0142 ponadpodstawowych,\u00a0 starszych klas szko\u0142y podstawowej oraz nauczycieli na\u00a0wyk\u0142ady po\u015bwi\u0119cone r\u00f3\u017cnorodnym zagadnieniom geograficznym. Wyk\u0142ady maj\u0105 na celu zainteresowanie s\u0142uchaczy otaczaj\u0105cym ich \u015bwiatem, zar\u00f3wno bliskim, jak i dalekim, oraz poszerzenie wiedzy geograficznej. Do marca 2020 roku wyk\u0142ady odbywa\u0142y zwyczajowo w wybrane czwartki w siedzibie Wydzia\u0142u&hellip;<\/p>\n","protected":false},"author":2,"featured_media":0,"parent":0,"menu_order":0,"comment_status":"closed","ping_status":"closed","template":"","meta":{"_themeisle_gutenberg_block_has_review":false,"footnotes":""},"class_list":["post-1029","page","type-page","status-publish","hentry"],"_links":{"self":[{"href":"https:\/\/geograficzne.spotkania.wgsr.uw.edu.pl\/index.php?rest_route=\/wp\/v2\/pages\/1029","targetHints":{"allow":["GET"]}}],"collection":[{"href":"https:\/\/geograficzne.spotkania.wgsr.uw.edu.pl\/index.php?rest_route=\/wp\/v2\/pages"}],"about":[{"href":"https:\/\/geograficzne.spotkania.wgsr.uw.edu.pl\/index.php?rest_route=\/wp\/v2\/types\/page"}],"author":[{"embeddable":true,"href":"https:\/\/geograficzne.spotkania.wgsr.uw.edu.pl\/index.php?rest_route=\/wp\/v2\/users\/2"}],"replies":[{"embeddable":true,"href":"https:\/\/geograficzne.spotkania.wgsr.uw.edu.pl\/index.php?rest_route=%2Fwp%2Fv2%2Fcomments&post=1029"}],"version-history":[{"count":2,"href":"https:\/\/geograficzne.spotkania.wgsr.uw.edu.pl\/index.php?rest_route=\/wp\/v2\/pages\/1029\/revisions"}],"predecessor-version":[{"id":1208,"href":"https:\/\/geograficzne.spotkania.wgsr.uw.edu.pl\/index.php?rest_route=\/wp\/v2\/pages\/1029\/revisions\/1208"}],"wp:attachment":[{"href":"https:\/\/geograficzne.spotkania.wgsr.uw.edu.pl\/index.php?rest_route=%2Fwp%2Fv2%2Fmedia&parent=1029"}],"curies":[{"name":"wp","href":"https:\/\/api.w.org\/{rel}","templated":true}]}}