{"id":1025,"date":"2020-05-06T14:35:47","date_gmt":"2020-05-06T12:35:47","guid":{"rendered":"http:\/\/wgsr.uw.edu.pl\/geograficzne_spotkania\/?page_id=26"},"modified":"2020-05-06T14:35:47","modified_gmt":"2020-05-06T12:35:47","slug":"oferta-2020-2021","status":"publish","type":"page","link":"https:\/\/geograficzne.spotkania.wgsr.uw.edu.pl\/?page_id=1025","title":{"rendered":"Oferta 2019\/2020"},"content":{"rendered":"\n\n\n<h4 class=\"has-text-color has-medium-font-size has-vivid-red-color\" style=\"text-align: center;\"><span style=\"color: #0000ff;\"><strong>Rok akademicki\u00a0\u00a02019\/2020\u00a0<\/strong><\/span><\/h4>\n<hr \/>\n<p><span style=\"color: #0000ff;\">\n\n\n\n<\/span><\/p>\n<p><span style=\"color: #000000;\">Uwaga:\u00a0<\/span><span style=\"color: #000000;\">w semestrze letnim 2019\/2020 <\/span><span style=\"color: #000000;\">w zwi\u0105zku z\u00a0 <\/span><a style=\"color: #000000;\" href=\"https:\/\/monitor.uw.edu.pl\/Lists\/Uchway\/Uchwa%C5%82a.aspx?ID=5311&amp;Source=https%3A%2F%2Fmonitor%2Euw%2Eedu%2Epl%2FSitePages%2FStrona%2520g%25C5%2582%25C3%25B3wna%2Easpx\"><i>Zarz\u0105dzeniem Rektora UW z 10 marca 2020 r. w sprawie zapobiegania rozprzestrzenianiu si\u0119 wirusa COVID-19 w\u015br\u00f3d spo\u0142eczno\u015bci UW\u00a0<\/i><\/a><span style=\"color: #000000;\">\u00a0 wyk\u0142ady z cyklu \u201eGeograficzne Spotkania na Krakowskim\u201d, kt\u00f3re mia\u0142y odby\u0107 si\u0119 po 10.03.2020 r.,\u00a0 zosta\u0142y odwo\u0142ane.<\/span><\/p>\n<hr \/>\n<p class=\"has-text-color has-vivid-red-color\" style=\"font-size: 15px; text-align: center;\"><span style=\"color: #0000ff;\"><strong>SEMESTR\u00a0 ZIMOWY<\/strong><\/span><\/p>\n<h4>\n\n<\/h4>\n<p class=\"has-text-color\" style=\"color: #0a06e5; font-size: 15px;\"><strong>10.10.2019. \u00a0<\/strong><strong>Amazonia \u2013 co o niej wiemy i jakie ma dla nas znaczenie?<\/strong>\u00a0<strong><em>\u2013<\/em><\/strong><strong><em>\u00a0mgr Wojciech Doroszewicz\u00a0 \u00a0<\/em><\/strong><\/p>\n<h4>\n\n<\/h4>\n<p class=\"has-text-color has-small-font-size has-very-dark-gray-color\"><span style=\"color: #000000;\">Postaramy si\u0119 przybli\u017cy\u0107 Amazoni\u0119 wraz ze wszystkimi problemami, z jakimi dzi\u015b si\u0119 boryka. Dlaczego tak g\u0142o\u015bno w ostatnich tygodniach o po\u017carach w tym regionie, skoro lasy p\u0142on\u0105 ka\u017cdego roku? I jak to w og\u00f3le mo\u017cliwe, \u017ce lasy deszczowe p\u0142on\u0105? Czy uzasadnione jest nazywanie Amazonii p\u0142ucami \u015bwiata, a mo\u017ce jest wa\u017cna dla nas z innych powod\u00f3w? Jak lasy deszczowe wp\u0142ywaj\u0105 na klimat i jakie konsekwencje mog\u0105 mie\u0107 bie\u017c\u0105ce wydarzenia? Dlaczego Amazonia znika i co tracimy? Jaki my mamy wp\u0142yw i co mo\u017cemy zrobi\u0107? Na te i inne pytania spr\u00f3bujemy znale\u017a\u0107 odpowied\u017a podczas wyk\u0142adu.<\/span><\/p>\n<h4>\n\n<\/h4>\n<p class=\"has-text-color\" style=\"color: #0a06e5; font-size: 15px;\"><strong>7.11.2019.\u00a0<\/strong><strong>Poznajemy Polsk\u0119:\u00a0 \u201e<em>Suwalszczyzna \u2013 kraina jak ba\u015b\u0144<\/em>&#8221; <\/strong><strong><em>\u2013<\/em><\/strong><strong><em>dr Piotr Kociszewski\u00a0<\/em><\/strong><\/p>\n<h4>\n\n<\/h4>\n<p class=\"has-text-color has-small-font-size has-very-dark-gray-color\"><span style=\"color: #000000;\">Suwalszczyzna to region Polski cz\u0119sto postrzegany tylko przez pryzmat bieguna zimna. Zapraszamy zatem na wypraw\u0119 \u015bladem ciekawostek o wiele szerszym charakterze \u2013 zar\u00f3wno z perspektywy geografii fizycznej, jak i w\u0105tk\u00f3w spo\u0142eczno-kulturowych.\u00a0 Gdzie znajduje sie Suwalska Fud\u017cijama, jak smakuj\u0105 kartacze, czy Ignacy Pr\u0105dzy\u0144ski to tylko znany dow\u00f3dca czy rownie\u017c budowniczy? To tylko niekt\u00f3re pytania, na kt\u00f3re postaramy sie znale\u017a\u0107 odpowied\u017a!<\/span><\/p>\n<h4>\n\n<\/h4>\n<p class=\"has-text-color\" style=\"color: #0a06e5; font-size: 15px;\"><strong>21.11.2019.<\/strong>\u00a0\u00a0<strong>Problemy urbanizacyjne Bangkoku<\/strong>\u00a0<strong><em>\u2013 dr Katarzyna Podhorodecka\u00a0 \u00a0<\/em><\/strong><\/p>\n<h4>\n\n<\/h4>\n<p class=\"has-text-color has-small-font-size has-very-dark-gray-color\"><span style=\"color: #000000;\">Podczas wyk\u0142adu om\u00f3wione zostan\u0105 problemy urbanizacyjne Bangkoku: problemy zwi\u0105zane z du\u017cym nat\u0119\u017ceniem migracji, niedorozwojem sieci transportowej oraz z zanieczyszczeniem wody i\u00a0 powietrza. Przedstawione zostan\u0105 proponowane rozwi\u0105zania\u00a0 tych problem\u00f3w, a tak\u017ce mo\u017cliwo\u015bci ich wdro\u017cenia w najbli\u017cszej przysz\u0142o\u015bci.<\/span><\/p>\n<h4>\n\n<\/h4>\n<p class=\"has-text-color\" style=\"color: #0a06e5; font-size: 15px;\"><strong>5.12.2019.\u00a0Rze\u017aba (po)lodowcowa i peryglacjalna \u2013 co nowego wiemy o genezie krajobraz\u00f3w\u00a0zimnych? \u2013 <em>dr hab. Maciej D\u0105bski<\/em><\/strong><\/p>\n<h4>\n\n<\/h4>\n<p class=\"has-small-font-size\"><span style=\"color: #000000;\">Wsp\u00f3\u0142czesne ocieplenie klimatu przyczyni\u0142o si\u0119 do wzrostu naukowego zainteresowania obszarami zimnymi. Pojawianie si\u0119 uwolnionych spod lodu obszar\u00f3w i topniej\u0105ca wieloletnia zmarzlina powoduj\u0105 wielkie zmiany w\u00a0 krajobrazach polarnych i wysokog\u00f3rskich. \u00a0Naukowcy pragn\u0105 zrozumie\u0107 dynamik\u0119 lodowc\u00f3w i procesy zachodz\u0105ce na tundrze. W ostatnich latach odkryli kilka ciekawych rzeczy \u2013 zapraszamy na wyk\u0142ad!<\/span><\/p>\n<h4>\n\n<\/h4>\n<p class=\"has-text-color\" style=\"color: #0a06e5; font-size: 15px;\"><strong>12.12.2019.<\/strong>\u00a0<strong>Czy ekolog powinien korzysta\u0107 z pomocy hydrologa?\u00a0\u2013\u00a0<em>dr Maksym \u0141aszewski\u00a0<\/em><\/strong><\/p>\n<h4>\n\n<\/h4>\n<div class=\"wp-block-group\"><div class=\"wp-block-group__inner-container\">\n<div class=\"wp-block-group__inner-container is-layout-flow wp-block-group-is-layout-flow\">\n<p class=\"has-small-font-size\"><span style=\"color: #000000;\">Odpowied\u017a na powy\u017csze pytanie jest zdecydowanie twierdz\u0105ca, wsp\u00f3ln\u0105 p\u0142aszczyzn\u0105 zainteresowa\u0144 zar\u00f3wno geograf\u00f3w-hydrolog\u00f3w, jak i biolog\u00f3w-ekolog\u00f3w, s\u0105 bowiem warunki abiotyczne \u015brodowiska wodnego, maj\u0105ce dominuj\u0105cy wp\u0142yw na zamieszkuj\u0105ce je organizmy. Wyk\u0142ad ma na celu przedstawienie znaczenia wybranych parametr\u00f3w \u015brodowiskowych, b\u0119d\u0105cych przedmiotem bada\u0144 hydrologicznych, w prawid\u0142owym funkcjonowaniu zespo\u0142\u00f3w organizm\u00f3w wodnych. Rozwa\u017cania b\u0119d\u0105 prowadzone na przyk\u0142adzie ichtiofauny, maj\u0105cej du\u017ce znaczenie gospodarcze i spo\u0142eczne.<\/span><\/p>\n<\/div>\n<\/div><\/div>\n<h4>\n\n<\/h4>\n<p class=\"has-text-color\" style=\"color: #0a06e5; font-size: 15px;\"><strong>10.01.2020.\u00a0\u00a0Czy sztuczna inteligencja zast\u0105pi kartografa?\u00a0<\/strong><strong>\u2013<\/strong>\u00a0<strong><em>dr Izabela Karsznia, mgr Karolina Sielicka\u00a0\u00a0<\/em><\/strong><\/p>\n<h4>\n\n<\/h4>\n<p class=\"has-text-color has-small-font-size has-very-dark-gray-color\"><span style=\"color: #000000;\">Podczas wyk\u0142adu spr\u00f3bujemy zastanowi\u0107 si\u0119 i odpowiedzie\u0107 na pytanie, czy w przysz\u0142o\u015bci sztuczna inteligencja zast\u0105pi kartografa przy redakcji map. Opowiemy o zastosowaniu element\u00f3w sztucznej inteligencji do opracowania map.<\/span><\/p>\n<h4 class=\"has-text-color has-medium-font-size has-vivid-red-color\" style=\"text-align: center;\"><span style=\"color: #0000ff;\"><strong>SEMESTR LETNI<\/strong><\/span><\/h4>\n<p class=\"has-text-color\" style=\"color: #0a06e5; font-size: 15px;\"><strong><span style=\"color: #0000ff;\">27.02.2020.\u00a0Zapis zmian klimatu i dzia\u0142alno\u015bci gospodarczej c<\/span>z\u0142owieka w \u015brodowisku przyrodniczym<em>\u2013 dr Piotr Szwarczewski\u00a0 \u00a0<\/em><\/strong><\/p>\n\n\n\n<p class=\"has-text-color has-small-font-size has-very-dark-gray-color\"><span style=\"color: #000000;\">W trakcie wyk\u0142adu zostan\u0105 przedstawione zagadnienia dotycz\u0105ce wykorzystania bada\u0144 geologicznych, paleobotanicznych, archeologicznych i innych do rekonstrukcji \u015brodowiska przyrodniczego w holocenie.<\/span><\/p>\n<p><span style=\"color: #000000;\">\n\n<\/span><\/p>\n<p class=\"has-text-color has-small-font-size has-very-dark-gray-color\"><span style=\"color: #000000;\">\u015arodowisko przyrodnicze podlega\u0142o i podlega licznym transformacjom, zar\u00f3wno w wyniku zmian klimatu, jak i gospodarczej dzia\u0142alno\u015bci cz\u0142owieka. \u00a0Zagadnienie zostanie przedstawione na wybranych przyk\u0142adach z Polski.\u00a0<\/span><\/p>\n\n\n\n<p class=\"has-text-color\" style=\"color: #0a06e5; font-size: 15px;\"><strong>5.03.2020.\u00a0\u00a0Zamki, pa\u0142ace i dwory jako wa\u017cny element polskiego krajobrazu kulturowego\u00a0\u2013\u00a0<em>\u00a0dr Piotr Kociszewski\u00a0\u00a0<\/em><\/strong><\/p>\n\n\n\n<p class=\"has-text-color has-small-font-size has-very-dark-gray-color\"><span style=\"color: #000000;\">Zamki, pa\u0142ace i dwory to bardzo istotne elementy polskiego krajobrazu kulturowego. Jednocze\u015bnie, jako obiekty dziedzictwa kulturowego \u2013 swoiste atrakcje turystyczne, kt\u00f3re funkcjonuj\u0105 wsp\u00f3\u0142cze\u015bnie w r\u00f3\u017cny spos\u00f3b. Cz\u0119\u015b\u0107 z nich to nadal wspania\u0142e \u201esanktuaria polsko\u015bci\u201d, b\u0119d\u0105ce muzeami wn\u0119trz lub postaci, inne \u2013 prywatne siedziby, a jeszcze inne wykorzystywane s\u0105 obecnie komercyjnie jako kompleksy hotelowo-restauracyjne. NIezale\u017cnie jednak od wsp\u00f3\u0142czesnego przeznaczenia \u2013 maj\u0105 w sobie magi\u0119, histori\u0119 wart\u0105 poznania, ale cz\u0119sto te\u017c specyfik\u0119 regionaln\u0105. Zapraszamy zatem do wsp\u00f3lnej w\u0119dr\u00f3wki \u015bladem wybranych przyk\u0142ad\u00f3w niezwykle ciekawych zamk\u00f3w, dwor\u00f3w i pa\u0142ac\u00f3w z nutk\u0105 spojrzenia geografa i krajoznawcy.<\/span><\/p>\n\n\n\n<p class=\"has-text-color\" style=\"color: #0a06e5; font-size: 15px;\"><strong>12.03.2020.\u00a0Kraj Bask\u00f3w. Przyroda i cz\u0142owiek\u00a0\u00a0\u2013\u00a0<em>\u00a0dr\u00a0 Agnieszka Sosnowska\u00a0 \u00a0 <\/em><\/strong><em><span style=\"color: #000000;\">\u00a0(WYK\u0141AD ODWO\u0141ANY<\/span><\/em><span style=\"color: #000000;\">)<\/span><\/p>\n\n\n\n<p class=\"has-small-font-size\"><span style=\"color: #000000;\">Kraj Bask\u00f3w to wsp\u00f3lnota autonomiczna po\u0142o\u017cona w p\u00f3\u0142nocnej cz\u0119\u015bci Hiszpanii. To miejsce, gdzie G\u00f3ry Kantabryjskie zanurzaj\u0105 si\u0119 w wodach Zatoki Biskajskiej. W przesz\u0142o\u015bci by\u0142 to obszar zamieszkiwany g\u0142\u00f3wnie przez rybak\u00f3w, pasterzy i g\u00f3rnik\u00f3w. Obecnie jest najlepiej rozwini\u0119tym gospodarczo regionem Hiszpanii. Pomimo tego rytm \u017cycia mieszka\u0144c\u00f3w nadal wyznacza przede wszystkim przyroda. W trakcie wyk\u0142adu dowiedz\u0105 si\u0119 Pa\u0144stwo, kim w\u0142a\u015bciwie s\u0105 Baskowie, sk\u0105d pochodz\u0105 i dok\u0105d zmierzaj\u0105. B\u0119dzie mowa o ich j\u0119zyku, kulturze i tradycjach. Ale poznacie r\u00f3wnie\u017c histori\u0119 nigdy nieuruchomionej elektrowni atomowej w Lemoiz, ikurinni oraz znanego obrazu Pablo Picassa.<\/span><\/p>\n\n\n\n<p class=\"has-text-color\" style=\"color: #0a06e5; font-size: 15px;\"><strong>26.03.2020.<\/strong>\u00a0\u00a0<strong>Co z t\u0105 wod\u0105?<\/strong>\u00a0<strong><em>\u2013 dr Jaros\u0142aw Sucho\u017cebrski\u00a0\u00a0<\/em><\/strong><span style=\"color: #000000;\"><em>(WYK\u0141AD ODWO\u0141ANY<\/em>)<\/span><\/p>\n\n\n\n<p class=\"has-text-color has-small-font-size has-very-dark-gray-color\"><span style=\"color: #000000;\">Post\u0119puj\u0105ce zmiany klimatu budz\u0105 coraz wi\u0119kszy niepok\u00f3j o zasoby wodne. Czy grozi nam jej brak i wojny o wod\u0119? A mo\u017ce czekaj\u0105 nas katastrofalne powodzie? Czy mo\u017cemy si\u0119 przed tym jako\u015b ochroni\u0107? A mo\u017ce musimy pogodzi\u0107 si\u0119 z katastroficznymi wizjami przysz\u0142o\u015bci? Na wyk\u0142adzie przyjrzymy si\u0119 naukowym prognozom dotycz\u0105cym przysz\u0142o\u015bci zasob\u00f3w wodnych na Ziemi. Zobaczymy te\u017c przyk\u0142ady adaptacji do skutk\u00f3w zmian w obiegu wody, zar\u00f3wno w skali globalnej, jak i lokalnej. \u00a0Zastanowimy si\u0119 te\u017c, czy sami mo\u017cemy co\u015b zrobi\u0107 \u2026<\/span><\/p>\n\n\n\n<p class=\"has-text-color\" style=\"color: #0a06e5; font-size: 15px;\"><strong>2.04.2020.\u00a0Uzdrowiska w Polsce i na \u015bwiecie. Znaczenie dla rozwoju ruchu turystycznego\u00a0\u00a0\u2013<\/strong>\u00a0<strong><em>dr Katarzyna Podhorodecka\u00a0\u00a0<\/em><\/strong><span style=\"color: #000000;\"><em>(WYK\u0141AD ODWO\u0141ANY<\/em>)<\/span><\/p>\n\n\n\n<p class=\"has-text-color has-small-font-size has-very-dark-gray-color\"><span style=\"color: #000000;\">Turystyka medyczna cieszy si\u0119 coraz wi\u0119ksz\u0105 popularno\u015bci\u0105 na \u015bwiecie. Polskie uzdrowiska s\u0105 doceniane nie tylko przez polskich turyst\u00f3w, ale r\u00f3wnie\u017c przez cudzoziemc\u00f3w. Podczas wyk\u0142adu zostanie ukazane znaczenie ekonomiczne tego segmentu turystyki, potencja\u0142 jego dalszego rozwoju, a tak\u017ce zostanie wskazane, w jaki spos\u00f3b budowa\u0107 mark\u0119 turystyczn\u0105 w oparciu o zasoby naturalne (np. wody mineralne, czyste powietrze, mikroklimat sprzyjaj\u0105cy leczeniu).<\/span><\/p>\n\n\n\n<p class=\"has-text-color\" style=\"color: #0a06e5; font-size: 15px;\"><strong>16.04.2020.<\/strong>\u00a0<strong>Boty, trolle i inne internetowe stwory. Jak kreuj\u0105 nasze postrzeganie \u015bwiata\u00a0\u2013\u00a0<em>mgr Magdalena Skorupska\u00a0<\/em><\/strong><em><span style=\"color: #000000;\">(WYK\u0141AD ODWO\u0141ANY<\/span><\/em><span style=\"color: #000000;\">)<\/span><\/p>\n\n\n\n<p class=\"has-text-color has-small-font-size has-very-dark-gray-color\"><span style=\"color: #000000;\">Dzisiejszy \u015bwiat jest zdominowany przez informacje pochodz\u0105ce z Internetu. To tam szukamy wiadomo\u015bci na temat najnowszych wydarze\u0144 politycznych, spo\u0142ecznych czy kulturalnych. Jednak czy wiedza z sieci jest wiarygodna? Czy media nami nie manipuluj\u0105? Na pewno s\u0142yszeli\u015bcie o kontrowersjach zwi\u0105zanych z wygran\u0105 Donalda Trumpa w\u00a0wyborach prezydenckich w USA. Albo o masakrze na Rohingjach w Myanmarze. Albo o protestach \u017c\u00f3\u0142tych kamizelek we Francji. Co \u0142\u0105czy te trzy wydarzenia? W\u0142a\u015bnie internetowa propaganda, kt\u00f3ra tak silnie wp\u0142yn\u0119\u0142a na \u015bwiadomo\u015b\u0107 zwyk\u0142ych ludzi, \u017ce postanowili oni \u201ezmieni\u0107 \u015bwiat\u201d. Zapraszam na wyk\u0142ad, w kt\u00f3rym opowiem, jak steruj\u0105 nami maszyny i jak nie da\u0107 si\u0119 zmanipulowa\u0107.<\/span><\/p>\n\n\n\n<p class=\"has-text-color has-small-font-size has-very-dark-gray-color\">\u00a0<\/p>\n\n\n\n<p>&nbsp;<\/p>\n","protected":false},"excerpt":{"rendered":"<p>Rok akademicki\u00a0\u00a02019\/2020\u00a0 Uwaga:\u00a0w semestrze letnim 2019\/2020 w zwi\u0105zku z\u00a0 Zarz\u0105dzeniem Rektora UW z 10 marca 2020 r. w sprawie zapobiegania rozprzestrzenianiu si\u0119 wirusa COVID-19 w\u015br\u00f3d spo\u0142eczno\u015bci UW\u00a0\u00a0 wyk\u0142ady z cyklu \u201eGeograficzne Spotkania na Krakowskim\u201d, kt\u00f3re mia\u0142y odby\u0107 si\u0119 po 10.03.2020 r.,\u00a0 zosta\u0142y odwo\u0142ane. SEMESTR\u00a0 ZIMOWY 10.10.2019. \u00a0Amazonia \u2013 co o niej wiemy i jakie ma&hellip;<\/p>\n","protected":false},"author":2,"featured_media":0,"parent":0,"menu_order":0,"comment_status":"closed","ping_status":"closed","template":"","meta":{"_themeisle_gutenberg_block_has_review":false,"footnotes":""},"class_list":["post-1025","page","type-page","status-publish","hentry"],"_links":{"self":[{"href":"https:\/\/geograficzne.spotkania.wgsr.uw.edu.pl\/index.php?rest_route=\/wp\/v2\/pages\/1025","targetHints":{"allow":["GET"]}}],"collection":[{"href":"https:\/\/geograficzne.spotkania.wgsr.uw.edu.pl\/index.php?rest_route=\/wp\/v2\/pages"}],"about":[{"href":"https:\/\/geograficzne.spotkania.wgsr.uw.edu.pl\/index.php?rest_route=\/wp\/v2\/types\/page"}],"author":[{"embeddable":true,"href":"https:\/\/geograficzne.spotkania.wgsr.uw.edu.pl\/index.php?rest_route=\/wp\/v2\/users\/2"}],"replies":[{"embeddable":true,"href":"https:\/\/geograficzne.spotkania.wgsr.uw.edu.pl\/index.php?rest_route=%2Fwp%2Fv2%2Fcomments&post=1025"}],"version-history":[{"count":0,"href":"https:\/\/geograficzne.spotkania.wgsr.uw.edu.pl\/index.php?rest_route=\/wp\/v2\/pages\/1025\/revisions"}],"wp:attachment":[{"href":"https:\/\/geograficzne.spotkania.wgsr.uw.edu.pl\/index.php?rest_route=%2Fwp%2Fv2%2Fmedia&parent=1025"}],"curies":[{"name":"wp","href":"https:\/\/api.w.org\/{rel}","templated":true}]}}